{"id":7693,"date":"2024-04-24T09:33:48","date_gmt":"2024-04-24T07:33:48","guid":{"rendered":"https:\/\/vinsmiquelgelabert.com\/producto\/son-moix-escumos-rosat-2017-2\/"},"modified":"2024-08-27T12:46:32","modified_gmt":"2024-08-27T10:46:32","slug":"son-moix-escumos-rosat-2017","status":"publish","type":"product","link":"https:\/\/vinsmiquelgelabert.com\/ca\/producte\/son-moix-escumos-rosat-2017\/","title":{"rendered":"Son Moix Escum\u00f3s Rosat 2017"},"content":{"rendered":"<div class=\"descripcio_vins\" style=\"text-align: justify;\">\n<p><i class=\"fa fa-angle-double-right\"><\/i> <strong>Varietats de ra\u00efm:<\/strong> Pinot Noir i un poc de Callet.<\/p>\n<p><i class=\"fa fa-angle-double-right\"><\/i> <strong>Sistema de cultiu:<\/strong> espatllera.<\/p>\n<p><i class=\"fa fa-angle-double-right\"><\/i> <strong>Ubicaci\u00f3 de la vinya:<\/strong> terme de Manacor.<\/p>\n<p><i class=\"fa fa-angle-double-right\"><\/i> <strong>Denominaci\u00f3 d&#8217;Origen:<\/strong> D.O.P. Pla i Llevant-Mallorca.<\/p>\n<p><i class=\"fa fa-angle-double-right\"><\/i> <strong>Tipus de vi:<\/strong> escum\u00f3s blanc Brut Nature<\/p>\n<p><i class=\"fa fa-angle-double-right\"><\/i> <strong>Grau alcoh\u00f3lic:<\/strong> 12.5 % vol.<\/p>\n<p><i class=\"fa fa-angle-double-right\"><\/i> <strong>Elaboraci\u00f3:<\/strong> M\u00e8tode de tiratge tradicional de segona fermentaci\u00f3 en ampolla amb crian\u00e7a amb les emboliques del llevat de m\u00e9s de 24 mesos en contacte. Degollament a m\u00e0 sota demanda.<i class=\"fa fa-angle-double-right\"><\/i><\/p>\n<p><i class=\"fa fa-angle-double-right\"><\/i> <strong>Nota de cata:<\/strong> Rosat brillant p\u00e0l\u00b7lid de color pell de ceba. Bombolla mitjana-petita amb bona persist\u00e8ncia. Intens en aromes. Destaquen la fruita vermella, sobretot mora i gerd. Acompanyen notes de <em>brioix<\/em> juntament amb tocs sutils torrefactes molt fins. Entrada en boca cremosa i fresca amb les bombolles fines molt ben integrades degut a la llarga crian\u00e7a. Llarga persist\u00e8ncia i final sec amb bona acidesa. Deixa la boca untuosa i amb una mica de gust molt agradable a fruita vermella i notes de forn.<\/p>\n<p><i class=\"fa fa-angle-double-right\"><\/i> <strong>Recomanacions:<\/strong> Combina b\u00e9 amb mariscos (ostres, petxines de pelegr\u00ed, etc), peixos com a tonyina o salm\u00f3 o marinat; amb cuina asi\u00e0tica (sushi, tataki, etc.); carpaccio de carn o carns blanques i postres poc dol\u00e7os com a sorbets o amb fruites vermelles fresques.<\/p>\n<p><i class=\"fa fa-angle-double-right\"><\/i> <strong>Temperatura de servei<\/strong> servir entre 6\u00ba-8\u00baC.<\/p>\n<p>&nbsp;<\/p>\n<\/div>\n","protected":false},"excerpt":{"rendered":"<p>L&#8217;en\u00f2leg Miquel Gelabert Miquel elabora aquest vi escum\u00f3s amb un car\u00e0cter propi que demostra en la seva m\u00e0xima expressi\u00f3 el treball que existeix darrere de cada ampolla. Una l\u00ednia de vins de producci\u00f3 molt limitada que segueix el m\u00e8tode tradicional\/ Champenoise per a la seva elaboraci\u00f3<\/p>\n","protected":false},"featured_media":7461,"comment_status":"open","ping_status":"closed","template":"","meta":[],"product_cat":[87],"product_tag":[],"class_list":{"0":"post-7693","1":"product","2":"type-product","3":"status-publish","4":"has-post-thumbnail","6":"product_cat-vi-escumos-ca","8":"first","9":"instock","10":"taxable","11":"shipping-taxable","12":"purchasable","13":"product-type-simple"},"yoast_head":"<!-- This site is optimized with the Yoast SEO plugin v27.3 - https:\/\/yoast.com\/product\/yoast-seo-wordpress\/ -->\n<title>Son Moix Escum\u00f3s Rosat 2017 - Vins Miquel Gelabert<\/title>\n<meta name=\"robots\" content=\"index, follow, max-snippet:-1, max-image-preview:large, max-video-preview:-1\" \/>\n<link rel=\"canonical\" href=\"https:\/\/vinsmiquelgelabert.com\/ca\/producte\/son-moix-escumos-rosat-2017\/\" \/>\n<meta property=\"og:locale\" content=\"ca_ES\" \/>\n<meta property=\"og:type\" content=\"article\" \/>\n<meta property=\"og:title\" content=\"Son Moix Escum\u00f3s Rosat 2017 - Vins Miquel Gelabert\" \/>\n<meta property=\"og:description\" content=\"L&#039;en\u00f2leg Miquel Gelabert Miquel elabora aquest vi escum\u00f3s amb un car\u00e0cter propi que demostra en la seva m\u00e0xima expressi\u00f3 el treball que existeix darrere de cada ampolla. Una l\u00ednia de vins de producci\u00f3 molt limitada que segueix el m\u00e8tode tradicional\/ Champenoise per a la seva elaboraci\u00f3\" \/>\n<meta property=\"og:url\" content=\"https:\/\/vinsmiquelgelabert.com\/ca\/producte\/son-moix-escumos-rosat-2017\/\" \/>\n<meta property=\"og:site_name\" content=\"Vins Miquel Gelabert\" \/>\n<meta property=\"article:modified_time\" content=\"2024-08-27T10:46:32+00:00\" \/>\n<meta property=\"og:image\" content=\"https:\/\/vins-miquel-gelabert.fra1.digitaloceanspaces.com\/wp-content\/uploads\/2024\/04\/1J9A5981-SON-MOIX-BRUT-NATURE-ROSAT.png\" \/>\n\t<meta property=\"og:image:width\" content=\"230\" \/>\n\t<meta property=\"og:image:height\" content=\"600\" \/>\n\t<meta property=\"og:image:type\" content=\"image\/png\" \/>\n<meta name=\"twitter:card\" content=\"summary_large_image\" \/>\n<meta name=\"twitter:label1\" content=\"Temps estimat de lectura\" \/>\n\t<meta name=\"twitter:data1\" content=\"2 minuts\" \/>\n<script type=\"application\/ld+json\" class=\"yoast-schema-graph\">{\"@context\":\"https:\\\/\\\/schema.org\",\"@graph\":[{\"@type\":\"WebPage\",\"@id\":\"https:\\\/\\\/vinsmiquelgelabert.com\\\/ca\\\/producte\\\/son-moix-escumos-rosat-2017\\\/\",\"url\":\"https:\\\/\\\/vinsmiquelgelabert.com\\\/ca\\\/producte\\\/son-moix-escumos-rosat-2017\\\/\",\"name\":\"Son Moix Escum\u00f3s Rosat 2017 - Vins Miquel Gelabert\",\"isPartOf\":{\"@id\":\"https:\\\/\\\/vinsmiquelgelabert.com\\\/ca\\\/#website\"},\"primaryImageOfPage\":{\"@id\":\"https:\\\/\\\/vinsmiquelgelabert.com\\\/ca\\\/producte\\\/son-moix-escumos-rosat-2017\\\/#primaryimage\"},\"image\":{\"@id\":\"https:\\\/\\\/vinsmiquelgelabert.com\\\/ca\\\/producte\\\/son-moix-escumos-rosat-2017\\\/#primaryimage\"},\"thumbnailUrl\":\"https:\\\/\\\/vins-miquel-gelabert.fra1.digitaloceanspaces.com\\\/wp-content\\\/uploads\\\/2024\\\/04\\\/1J9A5981-SON-MOIX-BRUT-NATURE-ROSAT.png\",\"datePublished\":\"2024-04-24T07:33:48+00:00\",\"dateModified\":\"2024-08-27T10:46:32+00:00\",\"breadcrumb\":{\"@id\":\"https:\\\/\\\/vinsmiquelgelabert.com\\\/ca\\\/producte\\\/son-moix-escumos-rosat-2017\\\/#breadcrumb\"},\"inLanguage\":\"ca\",\"potentialAction\":[{\"@type\":\"ReadAction\",\"target\":[\"https:\\\/\\\/vinsmiquelgelabert.com\\\/ca\\\/producte\\\/son-moix-escumos-rosat-2017\\\/\"]}]},{\"@type\":\"ImageObject\",\"inLanguage\":\"ca\",\"@id\":\"https:\\\/\\\/vinsmiquelgelabert.com\\\/ca\\\/producte\\\/son-moix-escumos-rosat-2017\\\/#primaryimage\",\"url\":\"https:\\\/\\\/vins-miquel-gelabert.fra1.digitaloceanspaces.com\\\/wp-content\\\/uploads\\\/2024\\\/04\\\/1J9A5981-SON-MOIX-BRUT-NATURE-ROSAT.png\",\"contentUrl\":\"https:\\\/\\\/vins-miquel-gelabert.fra1.digitaloceanspaces.com\\\/wp-content\\\/uploads\\\/2024\\\/04\\\/1J9A5981-SON-MOIX-BRUT-NATURE-ROSAT.png\",\"width\":230,\"height\":600},{\"@type\":\"BreadcrumbList\",\"@id\":\"https:\\\/\\\/vinsmiquelgelabert.com\\\/ca\\\/producte\\\/son-moix-escumos-rosat-2017\\\/#breadcrumb\",\"itemListElement\":[{\"@type\":\"ListItem\",\"position\":1,\"name\":\"Portada\",\"item\":\"https:\\\/\\\/vinsmiquelgelabert.com\\\/ca\\\/\"},{\"@type\":\"ListItem\",\"position\":2,\"name\":\"Botiga en l\u00ednia\",\"item\":\"https:\\\/\\\/vinsmiquelgelabert.com\\\/ca\\\/botiga-en-linia\\\/\"},{\"@type\":\"ListItem\",\"position\":3,\"name\":\"Son Moix Escum\u00f3s Rosat 2017\"}]},{\"@type\":\"WebSite\",\"@id\":\"https:\\\/\\\/vinsmiquelgelabert.com\\\/ca\\\/#website\",\"url\":\"https:\\\/\\\/vinsmiquelgelabert.com\\\/ca\\\/\",\"name\":\"Vins Miquel Gelabert\",\"description\":\"\",\"publisher\":{\"@id\":\"https:\\\/\\\/vinsmiquelgelabert.com\\\/ca\\\/#organization\"},\"potentialAction\":[{\"@type\":\"SearchAction\",\"target\":{\"@type\":\"EntryPoint\",\"urlTemplate\":\"https:\\\/\\\/vinsmiquelgelabert.com\\\/ca\\\/?s={search_term_string}\"},\"query-input\":{\"@type\":\"PropertyValueSpecification\",\"valueRequired\":true,\"valueName\":\"search_term_string\"}}],\"inLanguage\":\"ca\"},{\"@type\":\"Organization\",\"@id\":\"https:\\\/\\\/vinsmiquelgelabert.com\\\/ca\\\/#organization\",\"name\":\"Vins Miquel Gelabert\",\"url\":\"https:\\\/\\\/vinsmiquelgelabert.com\\\/ca\\\/\",\"logo\":{\"@type\":\"ImageObject\",\"inLanguage\":\"ca\",\"@id\":\"https:\\\/\\\/vinsmiquelgelabert.com\\\/ca\\\/#\\\/schema\\\/logo\\\/image\\\/\",\"url\":\"https:\\\/\\\/vins-miquel-gelabert.fra1.digitaloceanspaces.com\\\/wp-content\\\/uploads\\\/2024\\\/04\\\/logo.svg\",\"contentUrl\":\"https:\\\/\\\/vins-miquel-gelabert.fra1.digitaloceanspaces.com\\\/wp-content\\\/uploads\\\/2024\\\/04\\\/logo.svg\",\"width\":437,\"height\":63,\"caption\":\"Vins Miquel Gelabert\"},\"image\":{\"@id\":\"https:\\\/\\\/vinsmiquelgelabert.com\\\/ca\\\/#\\\/schema\\\/logo\\\/image\\\/\"}}]}<\/script>\n<!-- \/ Yoast SEO plugin. -->","yoast_head_json":{"title":"Son Moix Escum\u00f3s Rosat 2017 - Vins Miquel Gelabert","robots":{"index":"index","follow":"follow","max-snippet":"max-snippet:-1","max-image-preview":"max-image-preview:large","max-video-preview":"max-video-preview:-1"},"canonical":"https:\/\/vinsmiquelgelabert.com\/ca\/producte\/son-moix-escumos-rosat-2017\/","og_locale":"ca_ES","og_type":"article","og_title":"Son Moix Escum\u00f3s Rosat 2017 - Vins Miquel Gelabert","og_description":"L'en\u00f2leg Miquel Gelabert Miquel elabora aquest vi escum\u00f3s amb un car\u00e0cter propi que demostra en la seva m\u00e0xima expressi\u00f3 el treball que existeix darrere de cada ampolla. Una l\u00ednia de vins de producci\u00f3 molt limitada que segueix el m\u00e8tode tradicional\/ Champenoise per a la seva elaboraci\u00f3","og_url":"https:\/\/vinsmiquelgelabert.com\/ca\/producte\/son-moix-escumos-rosat-2017\/","og_site_name":"Vins Miquel Gelabert","article_modified_time":"2024-08-27T10:46:32+00:00","og_image":[{"width":230,"height":600,"url":"https:\/\/vins-miquel-gelabert.fra1.digitaloceanspaces.com\/wp-content\/uploads\/2024\/04\/1J9A5981-SON-MOIX-BRUT-NATURE-ROSAT.png","type":"image\/png"}],"twitter_card":"summary_large_image","twitter_misc":{"Temps estimat de lectura":"2 minuts"},"schema":{"@context":"https:\/\/schema.org","@graph":[{"@type":"WebPage","@id":"https:\/\/vinsmiquelgelabert.com\/ca\/producte\/son-moix-escumos-rosat-2017\/","url":"https:\/\/vinsmiquelgelabert.com\/ca\/producte\/son-moix-escumos-rosat-2017\/","name":"Son Moix Escum\u00f3s Rosat 2017 - Vins Miquel Gelabert","isPartOf":{"@id":"https:\/\/vinsmiquelgelabert.com\/ca\/#website"},"primaryImageOfPage":{"@id":"https:\/\/vinsmiquelgelabert.com\/ca\/producte\/son-moix-escumos-rosat-2017\/#primaryimage"},"image":{"@id":"https:\/\/vinsmiquelgelabert.com\/ca\/producte\/son-moix-escumos-rosat-2017\/#primaryimage"},"thumbnailUrl":"https:\/\/vins-miquel-gelabert.fra1.digitaloceanspaces.com\/wp-content\/uploads\/2024\/04\/1J9A5981-SON-MOIX-BRUT-NATURE-ROSAT.png","datePublished":"2024-04-24T07:33:48+00:00","dateModified":"2024-08-27T10:46:32+00:00","breadcrumb":{"@id":"https:\/\/vinsmiquelgelabert.com\/ca\/producte\/son-moix-escumos-rosat-2017\/#breadcrumb"},"inLanguage":"ca","potentialAction":[{"@type":"ReadAction","target":["https:\/\/vinsmiquelgelabert.com\/ca\/producte\/son-moix-escumos-rosat-2017\/"]}]},{"@type":"ImageObject","inLanguage":"ca","@id":"https:\/\/vinsmiquelgelabert.com\/ca\/producte\/son-moix-escumos-rosat-2017\/#primaryimage","url":"https:\/\/vins-miquel-gelabert.fra1.digitaloceanspaces.com\/wp-content\/uploads\/2024\/04\/1J9A5981-SON-MOIX-BRUT-NATURE-ROSAT.png","contentUrl":"https:\/\/vins-miquel-gelabert.fra1.digitaloceanspaces.com\/wp-content\/uploads\/2024\/04\/1J9A5981-SON-MOIX-BRUT-NATURE-ROSAT.png","width":230,"height":600},{"@type":"BreadcrumbList","@id":"https:\/\/vinsmiquelgelabert.com\/ca\/producte\/son-moix-escumos-rosat-2017\/#breadcrumb","itemListElement":[{"@type":"ListItem","position":1,"name":"Portada","item":"https:\/\/vinsmiquelgelabert.com\/ca\/"},{"@type":"ListItem","position":2,"name":"Botiga en l\u00ednia","item":"https:\/\/vinsmiquelgelabert.com\/ca\/botiga-en-linia\/"},{"@type":"ListItem","position":3,"name":"Son Moix Escum\u00f3s Rosat 2017"}]},{"@type":"WebSite","@id":"https:\/\/vinsmiquelgelabert.com\/ca\/#website","url":"https:\/\/vinsmiquelgelabert.com\/ca\/","name":"Vins Miquel Gelabert","description":"","publisher":{"@id":"https:\/\/vinsmiquelgelabert.com\/ca\/#organization"},"potentialAction":[{"@type":"SearchAction","target":{"@type":"EntryPoint","urlTemplate":"https:\/\/vinsmiquelgelabert.com\/ca\/?s={search_term_string}"},"query-input":{"@type":"PropertyValueSpecification","valueRequired":true,"valueName":"search_term_string"}}],"inLanguage":"ca"},{"@type":"Organization","@id":"https:\/\/vinsmiquelgelabert.com\/ca\/#organization","name":"Vins Miquel Gelabert","url":"https:\/\/vinsmiquelgelabert.com\/ca\/","logo":{"@type":"ImageObject","inLanguage":"ca","@id":"https:\/\/vinsmiquelgelabert.com\/ca\/#\/schema\/logo\/image\/","url":"https:\/\/vins-miquel-gelabert.fra1.digitaloceanspaces.com\/wp-content\/uploads\/2024\/04\/logo.svg","contentUrl":"https:\/\/vins-miquel-gelabert.fra1.digitaloceanspaces.com\/wp-content\/uploads\/2024\/04\/logo.svg","width":437,"height":63,"caption":"Vins Miquel Gelabert"},"image":{"@id":"https:\/\/vinsmiquelgelabert.com\/ca\/#\/schema\/logo\/image\/"}}]}},"jetpack_sharing_enabled":true,"_links":{"self":[{"href":"https:\/\/vinsmiquelgelabert.com\/ca\/wp-json\/wp\/v2\/product\/7693","targetHints":{"allow":["GET"]}}],"collection":[{"href":"https:\/\/vinsmiquelgelabert.com\/ca\/wp-json\/wp\/v2\/product"}],"about":[{"href":"https:\/\/vinsmiquelgelabert.com\/ca\/wp-json\/wp\/v2\/types\/product"}],"replies":[{"embeddable":true,"href":"https:\/\/vinsmiquelgelabert.com\/ca\/wp-json\/wp\/v2\/comments?post=7693"}],"wp:featuredmedia":[{"embeddable":true,"href":"https:\/\/vinsmiquelgelabert.com\/ca\/wp-json\/wp\/v2\/media\/7461"}],"wp:attachment":[{"href":"https:\/\/vinsmiquelgelabert.com\/ca\/wp-json\/wp\/v2\/media?parent=7693"}],"wp:term":[{"taxonomy":"product_cat","embeddable":true,"href":"https:\/\/vinsmiquelgelabert.com\/ca\/wp-json\/wp\/v2\/product_cat?post=7693"},{"taxonomy":"product_tag","embeddable":true,"href":"https:\/\/vinsmiquelgelabert.com\/ca\/wp-json\/wp\/v2\/product_tag?post=7693"}],"curies":[{"name":"wp","href":"https:\/\/api.w.org\/{rel}","templated":true}]}}