{"id":7705,"date":"2024-04-24T09:33:47","date_gmt":"2024-04-24T07:33:47","guid":{"rendered":"https:\/\/vinsmiquelgelabert.com\/producto\/dolc-des-port-2017-2\/"},"modified":"2024-04-24T09:33:47","modified_gmt":"2024-04-24T07:33:47","slug":"dolc-des-port-2017-2","status":"publish","type":"product","link":"https:\/\/vinsmiquelgelabert.com\/ca\/producte\/dolc-des-port-2017-2\/","title":{"rendered":"Dol\u00e7 des Port 2017"},"content":{"rendered":"<div class=\"descripcio_vins\" style=\"text-align: justify;\">\n<p><i class=\"fa fa-angle-double-right\"><\/i>   <strong>Varietats de ra\u00efm: <\/strong> syrah 40% i pinot noir 60%<i class=\"fa fa-angle-double-right\"><\/i><\/p>\n<p> <strong>Sistema de cultiu: <\/strong> espatllera<\/p>\n<p><i class=\"fa fa-angle-double-right\"><\/i>   <strong>Ubicaci\u00f3 de la vinya: <\/strong> terme de Manacor<\/p>\n<p><i class=\"fa fa-angle-double-right\"><\/i>   <strong>Denominaci\u00f3 d&#8217;Origen:<\/strong> Vi de taula<\/p>\n<p><i class=\"fa fa-angle-double-right\"><\/i>   <strong>Tipus de vi:<\/strong> dol\u00e7 amb crian\u00e7a<\/p>\n<p><i class=\"fa fa-angle-double-right\"><\/i>   <strong>Grau alcoh\u00f2lic:<\/strong> 16 % vol.<\/p>\n<p><i class=\"fa fa-angle-double-right\"><\/i>   <strong>Sucre residual:<\/strong> 87 gr\/l<\/p>\n<p><i class=\"fa fa-angle-double-right\"><\/i>   <strong>Fermentaci\u00f3: <\/strong>dip\u00f2sits d&#8217;acer inoxidable a temperatura controlada<\/p>\n<p><i class=\"fa fa-angle-double-right\"><\/i>   <strong>Crian\u00e7a: <\/strong>24 mesos en barriques de roure franc\u00e8s i americ\u00e0 i posterior crian\u00e7a en ampolla.<\/p>\n<p><i class=\"fa fa-angle-double-right\"><\/i>   <strong>Nota de tast: <\/strong>vi dol\u00e7 d&#8217;estil porto amb color picota i rivet teixeixi. Aromes que recorden a les cireres en alcohol i a la fruita madura. En la boca \u00e9s amable i llaminer, sense exc\u00e9s de sucre, amb bona acidesa i suau harmonia.<\/p>\n<p><i class=\"fa fa-angle-double-right\"><\/i>   <strong>Recomanacions: <\/strong>combina b\u00e9 amb tota la rebosteria de xocolata i formatges blaus.<\/p>\n<p><i class=\"fa fa-angle-double-right\"><\/i>   <strong>Temperatura de servei: <\/strong>servir entre 12\u00ba-14\u00ba C<\/p>\n<\/div>\n","protected":false},"excerpt":{"rendered":"<p class=\"descripcio_vins\" style=\"text-align: justify;\">Vi dol\u00e7 negre, estil porto, gens embafador, fresc i de bona acidesa. Especial per a prendre amb les postres de xocolata, formatges o solo com a copa d&#8217;aperitiu.<\/p>\n","protected":false},"featured_media":7477,"comment_status":"open","ping_status":"closed","template":"","meta":[],"product_brand":[],"product_cat":[94],"product_tag":[],"class_list":{"0":"post-7705","1":"product","2":"type-product","3":"status-publish","4":"has-post-thumbnail","6":"product_cat-vi-dolc-ca","8":"first","9":"instock","10":"taxable","11":"shipping-taxable","12":"purchasable","13":"product-type-simple"},"yoast_head":"<!-- This site is optimized with the Yoast SEO plugin v27.4 - https:\/\/yoast.com\/product\/yoast-seo-wordpress\/ -->\n<title>Dol\u00e7 des Port 2017 - Vins Miquel Gelabert<\/title>\n<meta name=\"robots\" content=\"index, follow, max-snippet:-1, max-image-preview:large, max-video-preview:-1\" \/>\n<link rel=\"canonical\" href=\"https:\/\/vinsmiquelgelabert.com\/ca\/producte\/dolc-des-port-2017-2\/\" \/>\n<meta property=\"og:locale\" content=\"ca_ES\" \/>\n<meta property=\"og:type\" content=\"article\" \/>\n<meta property=\"og:title\" content=\"Dol\u00e7 des Port 2017 - Vins Miquel Gelabert\" \/>\n<meta property=\"og:description\" content=\"Vi dol\u00e7 negre, estil porto, gens embafador, fresc i de bona acidesa. Especial per a prendre amb les postres de xocolata, formatges o solo com a copa d&#039;aperitiu.\" \/>\n<meta property=\"og:url\" content=\"https:\/\/vinsmiquelgelabert.com\/ca\/producte\/dolc-des-port-2017-2\/\" \/>\n<meta property=\"og:site_name\" content=\"Vins Miquel Gelabert\" \/>\n<meta property=\"og:image\" content=\"https:\/\/vins-miquel-gelabert.fra1.digitaloceanspaces.com\/wp-content\/uploads\/2024\/04\/Dolc-des-Port.png\" \/>\n\t<meta property=\"og:image:width\" content=\"230\" \/>\n\t<meta property=\"og:image:height\" content=\"600\" \/>\n\t<meta property=\"og:image:type\" content=\"image\/png\" \/>\n<meta name=\"twitter:card\" content=\"summary_large_image\" \/>\n<meta name=\"twitter:label1\" content=\"Temps estimat de lectura\" \/>\n\t<meta name=\"twitter:data1\" content=\"1 minut\" \/>\n<script type=\"application\/ld+json\" class=\"yoast-schema-graph\">{\"@context\":\"https:\\\/\\\/schema.org\",\"@graph\":[{\"@type\":\"WebPage\",\"@id\":\"https:\\\/\\\/vinsmiquelgelabert.com\\\/ca\\\/producte\\\/dolc-des-port-2017-2\\\/\",\"url\":\"https:\\\/\\\/vinsmiquelgelabert.com\\\/ca\\\/producte\\\/dolc-des-port-2017-2\\\/\",\"name\":\"Dol\u00e7 des Port 2017 - Vins Miquel Gelabert\",\"isPartOf\":{\"@id\":\"https:\\\/\\\/vinsmiquelgelabert.com\\\/ca\\\/#website\"},\"primaryImageOfPage\":{\"@id\":\"https:\\\/\\\/vinsmiquelgelabert.com\\\/ca\\\/producte\\\/dolc-des-port-2017-2\\\/#primaryimage\"},\"image\":{\"@id\":\"https:\\\/\\\/vinsmiquelgelabert.com\\\/ca\\\/producte\\\/dolc-des-port-2017-2\\\/#primaryimage\"},\"thumbnailUrl\":\"https:\\\/\\\/vins-miquel-gelabert.fra1.digitaloceanspaces.com\\\/wp-content\\\/uploads\\\/2024\\\/04\\\/Dolc-des-Port.png\",\"datePublished\":\"2024-04-24T07:33:47+00:00\",\"breadcrumb\":{\"@id\":\"https:\\\/\\\/vinsmiquelgelabert.com\\\/ca\\\/producte\\\/dolc-des-port-2017-2\\\/#breadcrumb\"},\"inLanguage\":\"ca\",\"potentialAction\":[{\"@type\":\"ReadAction\",\"target\":[\"https:\\\/\\\/vinsmiquelgelabert.com\\\/ca\\\/producte\\\/dolc-des-port-2017-2\\\/\"]}]},{\"@type\":\"ImageObject\",\"inLanguage\":\"ca\",\"@id\":\"https:\\\/\\\/vinsmiquelgelabert.com\\\/ca\\\/producte\\\/dolc-des-port-2017-2\\\/#primaryimage\",\"url\":\"https:\\\/\\\/vins-miquel-gelabert.fra1.digitaloceanspaces.com\\\/wp-content\\\/uploads\\\/2024\\\/04\\\/Dolc-des-Port.png\",\"contentUrl\":\"https:\\\/\\\/vins-miquel-gelabert.fra1.digitaloceanspaces.com\\\/wp-content\\\/uploads\\\/2024\\\/04\\\/Dolc-des-Port.png\",\"width\":230,\"height\":600},{\"@type\":\"BreadcrumbList\",\"@id\":\"https:\\\/\\\/vinsmiquelgelabert.com\\\/ca\\\/producte\\\/dolc-des-port-2017-2\\\/#breadcrumb\",\"itemListElement\":[{\"@type\":\"ListItem\",\"position\":1,\"name\":\"Portada\",\"item\":\"https:\\\/\\\/vinsmiquelgelabert.com\\\/ca\\\/\"},{\"@type\":\"ListItem\",\"position\":2,\"name\":\"Botiga en l\u00ednia\",\"item\":\"https:\\\/\\\/vinsmiquelgelabert.com\\\/ca\\\/botiga-en-linia\\\/\"},{\"@type\":\"ListItem\",\"position\":3,\"name\":\"Dol\u00e7 des Port 2017\"}]},{\"@type\":\"WebSite\",\"@id\":\"https:\\\/\\\/vinsmiquelgelabert.com\\\/ca\\\/#website\",\"url\":\"https:\\\/\\\/vinsmiquelgelabert.com\\\/ca\\\/\",\"name\":\"Vins Miquel Gelabert\",\"description\":\"\",\"publisher\":{\"@id\":\"https:\\\/\\\/vinsmiquelgelabert.com\\\/ca\\\/#organization\"},\"potentialAction\":[{\"@type\":\"SearchAction\",\"target\":{\"@type\":\"EntryPoint\",\"urlTemplate\":\"https:\\\/\\\/vinsmiquelgelabert.com\\\/ca\\\/?s={search_term_string}\"},\"query-input\":{\"@type\":\"PropertyValueSpecification\",\"valueRequired\":true,\"valueName\":\"search_term_string\"}}],\"inLanguage\":\"ca\"},{\"@type\":\"Organization\",\"@id\":\"https:\\\/\\\/vinsmiquelgelabert.com\\\/ca\\\/#organization\",\"name\":\"Vins Miquel Gelabert\",\"url\":\"https:\\\/\\\/vinsmiquelgelabert.com\\\/ca\\\/\",\"logo\":{\"@type\":\"ImageObject\",\"inLanguage\":\"ca\",\"@id\":\"https:\\\/\\\/vinsmiquelgelabert.com\\\/ca\\\/#\\\/schema\\\/logo\\\/image\\\/\",\"url\":\"https:\\\/\\\/vins-miquel-gelabert.fra1.digitaloceanspaces.com\\\/wp-content\\\/uploads\\\/2024\\\/04\\\/logo.svg\",\"contentUrl\":\"https:\\\/\\\/vins-miquel-gelabert.fra1.digitaloceanspaces.com\\\/wp-content\\\/uploads\\\/2024\\\/04\\\/logo.svg\",\"width\":437,\"height\":63,\"caption\":\"Vins Miquel Gelabert\"},\"image\":{\"@id\":\"https:\\\/\\\/vinsmiquelgelabert.com\\\/ca\\\/#\\\/schema\\\/logo\\\/image\\\/\"}}]}<\/script>\n<!-- \/ Yoast SEO plugin. -->","yoast_head_json":{"title":"Dol\u00e7 des Port 2017 - Vins Miquel Gelabert","robots":{"index":"index","follow":"follow","max-snippet":"max-snippet:-1","max-image-preview":"max-image-preview:large","max-video-preview":"max-video-preview:-1"},"canonical":"https:\/\/vinsmiquelgelabert.com\/ca\/producte\/dolc-des-port-2017-2\/","og_locale":"ca_ES","og_type":"article","og_title":"Dol\u00e7 des Port 2017 - Vins Miquel Gelabert","og_description":"Vi dol\u00e7 negre, estil porto, gens embafador, fresc i de bona acidesa. Especial per a prendre amb les postres de xocolata, formatges o solo com a copa d'aperitiu.","og_url":"https:\/\/vinsmiquelgelabert.com\/ca\/producte\/dolc-des-port-2017-2\/","og_site_name":"Vins Miquel Gelabert","og_image":[{"width":230,"height":600,"url":"https:\/\/vins-miquel-gelabert.fra1.digitaloceanspaces.com\/wp-content\/uploads\/2024\/04\/Dolc-des-Port.png","type":"image\/png"}],"twitter_card":"summary_large_image","twitter_misc":{"Temps estimat de lectura":"1 minut"},"schema":{"@context":"https:\/\/schema.org","@graph":[{"@type":"WebPage","@id":"https:\/\/vinsmiquelgelabert.com\/ca\/producte\/dolc-des-port-2017-2\/","url":"https:\/\/vinsmiquelgelabert.com\/ca\/producte\/dolc-des-port-2017-2\/","name":"Dol\u00e7 des Port 2017 - Vins Miquel Gelabert","isPartOf":{"@id":"https:\/\/vinsmiquelgelabert.com\/ca\/#website"},"primaryImageOfPage":{"@id":"https:\/\/vinsmiquelgelabert.com\/ca\/producte\/dolc-des-port-2017-2\/#primaryimage"},"image":{"@id":"https:\/\/vinsmiquelgelabert.com\/ca\/producte\/dolc-des-port-2017-2\/#primaryimage"},"thumbnailUrl":"https:\/\/vins-miquel-gelabert.fra1.digitaloceanspaces.com\/wp-content\/uploads\/2024\/04\/Dolc-des-Port.png","datePublished":"2024-04-24T07:33:47+00:00","breadcrumb":{"@id":"https:\/\/vinsmiquelgelabert.com\/ca\/producte\/dolc-des-port-2017-2\/#breadcrumb"},"inLanguage":"ca","potentialAction":[{"@type":"ReadAction","target":["https:\/\/vinsmiquelgelabert.com\/ca\/producte\/dolc-des-port-2017-2\/"]}]},{"@type":"ImageObject","inLanguage":"ca","@id":"https:\/\/vinsmiquelgelabert.com\/ca\/producte\/dolc-des-port-2017-2\/#primaryimage","url":"https:\/\/vins-miquel-gelabert.fra1.digitaloceanspaces.com\/wp-content\/uploads\/2024\/04\/Dolc-des-Port.png","contentUrl":"https:\/\/vins-miquel-gelabert.fra1.digitaloceanspaces.com\/wp-content\/uploads\/2024\/04\/Dolc-des-Port.png","width":230,"height":600},{"@type":"BreadcrumbList","@id":"https:\/\/vinsmiquelgelabert.com\/ca\/producte\/dolc-des-port-2017-2\/#breadcrumb","itemListElement":[{"@type":"ListItem","position":1,"name":"Portada","item":"https:\/\/vinsmiquelgelabert.com\/ca\/"},{"@type":"ListItem","position":2,"name":"Botiga en l\u00ednia","item":"https:\/\/vinsmiquelgelabert.com\/ca\/botiga-en-linia\/"},{"@type":"ListItem","position":3,"name":"Dol\u00e7 des Port 2017"}]},{"@type":"WebSite","@id":"https:\/\/vinsmiquelgelabert.com\/ca\/#website","url":"https:\/\/vinsmiquelgelabert.com\/ca\/","name":"Vins Miquel Gelabert","description":"","publisher":{"@id":"https:\/\/vinsmiquelgelabert.com\/ca\/#organization"},"potentialAction":[{"@type":"SearchAction","target":{"@type":"EntryPoint","urlTemplate":"https:\/\/vinsmiquelgelabert.com\/ca\/?s={search_term_string}"},"query-input":{"@type":"PropertyValueSpecification","valueRequired":true,"valueName":"search_term_string"}}],"inLanguage":"ca"},{"@type":"Organization","@id":"https:\/\/vinsmiquelgelabert.com\/ca\/#organization","name":"Vins Miquel Gelabert","url":"https:\/\/vinsmiquelgelabert.com\/ca\/","logo":{"@type":"ImageObject","inLanguage":"ca","@id":"https:\/\/vinsmiquelgelabert.com\/ca\/#\/schema\/logo\/image\/","url":"https:\/\/vins-miquel-gelabert.fra1.digitaloceanspaces.com\/wp-content\/uploads\/2024\/04\/logo.svg","contentUrl":"https:\/\/vins-miquel-gelabert.fra1.digitaloceanspaces.com\/wp-content\/uploads\/2024\/04\/logo.svg","width":437,"height":63,"caption":"Vins Miquel Gelabert"},"image":{"@id":"https:\/\/vinsmiquelgelabert.com\/ca\/#\/schema\/logo\/image\/"}}]}},"jetpack_sharing_enabled":true,"_links":{"self":[{"href":"https:\/\/vinsmiquelgelabert.com\/ca\/wp-json\/wp\/v2\/product\/7705","targetHints":{"allow":["GET"]}}],"collection":[{"href":"https:\/\/vinsmiquelgelabert.com\/ca\/wp-json\/wp\/v2\/product"}],"about":[{"href":"https:\/\/vinsmiquelgelabert.com\/ca\/wp-json\/wp\/v2\/types\/product"}],"replies":[{"embeddable":true,"href":"https:\/\/vinsmiquelgelabert.com\/ca\/wp-json\/wp\/v2\/comments?post=7705"}],"wp:featuredmedia":[{"embeddable":true,"href":"https:\/\/vinsmiquelgelabert.com\/ca\/wp-json\/wp\/v2\/media\/7477"}],"wp:attachment":[{"href":"https:\/\/vinsmiquelgelabert.com\/ca\/wp-json\/wp\/v2\/media?parent=7705"}],"wp:term":[{"taxonomy":"product_brand","embeddable":true,"href":"https:\/\/vinsmiquelgelabert.com\/ca\/wp-json\/wp\/v2\/product_brand?post=7705"},{"taxonomy":"product_cat","embeddable":true,"href":"https:\/\/vinsmiquelgelabert.com\/ca\/wp-json\/wp\/v2\/product_cat?post=7705"},{"taxonomy":"product_tag","embeddable":true,"href":"https:\/\/vinsmiquelgelabert.com\/ca\/wp-json\/wp\/v2\/product_tag?post=7705"}],"curies":[{"name":"wp","href":"https:\/\/api.w.org\/{rel}","templated":true}]}}