{"id":7713,"date":"2024-04-24T09:33:47","date_gmt":"2024-04-24T07:33:47","guid":{"rendered":"https:\/\/vinsmiquelgelabert.com\/producto\/colom-de-penya-2018-2\/"},"modified":"2026-03-10T14:17:05","modified_gmt":"2026-03-10T13:17:05","slug":"colom-de-penya-2018","status":"publish","type":"product","link":"https:\/\/vinsmiquelgelabert.com\/ca\/producte\/colom-de-penya-2018\/","title":{"rendered":"Colom de Penya 2019"},"content":{"rendered":"<div class=\"descripcio_vins\" style=\"text-align: justify;\">\n<p><i class=\"fa fa-angle-double-right\"><\/i>   <strong>Varietats de ra\u00efm:<\/strong> Callet, Mantonegro, Fogoneu, Cabernet, Merlot, Syrah, Pinot Noir i altres&#8230;<\/p>\n<p><i class=\"fa fa-angle-double-right\"><\/i>   <strong>Sistema de cultiu:<\/strong> en vas i espatllera.<\/p>\n<p><i class=\"fa fa-angle-double-right\"><\/i>   <strong>Ubicaci\u00f3 de la vinya:<\/strong> terme de Manacor.<\/p>\n<p><i class=\"fa fa-angle-double-right\"><\/i>   <strong>Denominaci\u00f3 d&#8217;Origen:<\/strong> D.O.P. Pla i Llevant-Mallorca.<\/p>\n<p><i class=\"fa fa-angle-double-right\"><\/i>   <strong>Tipus de vi:<\/strong>negre de crian\u00e7a.<\/p>\n<p><i class=\"fa fa-angle-double-right\"><\/i>   <strong>Grau alcoh\u00f2lic:<\/strong> 14 % vol.<\/p>\n<p><i class=\"fa fa-angle-double-right\"><\/i>   <strong>Fermentaci\u00f3:<\/strong> dip\u00f2sit d&#8217;acer inoxidable a temperatura controlada<\/p>\n<p><i class=\"fa fa-angle-double-right\"><\/i>   <strong>Crian\u00e7a: <\/strong> 12 mesos en barrica nova de roure Franc\u00e9s. Posterior crian\u00e7a en ampolla.<\/p>\n<p><i class=\"fa fa-angle-double-right\"><\/i>  <strong>Nota de tast:<\/strong> Color vermell picota intens amb tons violetes. Net i brillant mostra en la seva ll\u00e0grima l&#8217;alt contingut en glicerina. En nas \u00e9s intens i complex, amb notes bals\u00e0miques. Combina la fruita negra madura amb les esp\u00e8cies, els mentolats i l&#8217;eucaliptus, sota un fons lleuger de vainilla i fusta nova, sense oblidar un toc de carb\u00f3 i fumats. L&#8217;entrada en boca \u00e9s elegant i carnosa; amb estructura i, alhora, amb una certa frescor i lleugeresa que li aporta un llarg pas ple de matisos. Equilibrat amb un tan\u00ed madur que es va arrodonint en l&#8217;ampolla i li garanteix una llarga vida.<\/p>\n<p><i class=\"fa fa-angle-double-right\"><\/i>   <strong>Recomanacions: <\/strong>Combina b\u00e9 amb carns vermelles a la graella i guisats de ca\u00e7a.<\/p>\n<p><i class=\"fa fa-angle-double-right\"><\/i>   <strong>Temperatura de servei: <\/strong>servir entre 18\u00ba-20\u00baC.<\/p>\n<\/div>\n","protected":false},"excerpt":{"rendered":"<p>Com el seu nom indica, aquest vi t\u00e9 l&#8217;eleg\u00e0ncia del vol d&#8217;un colom mar\u00ed i, al seu torn, un fons salvatge i potent. Aquesta obra d&#8217;art neix del criteri de m\u00e9s de 30 anys d&#8217;experi\u00e8ncia de Miquel Gelabert, qui selecciona els millors ra\u00efms de totes les nostres vinyes per a crear aquest magn\u00edfic vi.<\/p>\n","protected":false},"featured_media":7489,"comment_status":"open","ping_status":"closed","template":"","meta":[],"product_cat":[97],"product_tag":[],"class_list":{"0":"post-7713","1":"product","2":"type-product","3":"status-publish","4":"has-post-thumbnail","6":"product_cat-vi-negre","8":"first","9":"instock","10":"taxable","11":"shipping-taxable","12":"purchasable","13":"product-type-simple"},"yoast_head":"<!-- This site is optimized with the Yoast SEO plugin v27.3 - https:\/\/yoast.com\/product\/yoast-seo-wordpress\/ -->\n<title>Colom de Penya 2019 - Vins Miquel Gelabert<\/title>\n<meta name=\"robots\" content=\"index, follow, max-snippet:-1, max-image-preview:large, max-video-preview:-1\" \/>\n<link rel=\"canonical\" href=\"https:\/\/vinsmiquelgelabert.com\/ca\/producte\/colom-de-penya-2018\/\" \/>\n<meta property=\"og:locale\" content=\"ca_ES\" \/>\n<meta property=\"og:type\" content=\"article\" \/>\n<meta property=\"og:title\" content=\"Colom de Penya 2019 - Vins Miquel Gelabert\" \/>\n<meta property=\"og:description\" content=\"Com el seu nom indica, aquest vi t\u00e9 l&#039;eleg\u00e0ncia del vol d&#039;un colom mar\u00ed i, al seu torn, un fons salvatge i potent. Aquesta obra d&#039;art neix del criteri de m\u00e9s de 30 anys d&#039;experi\u00e8ncia de Miquel Gelabert, qui selecciona els millors ra\u00efms de totes les nostres vinyes per a crear aquest magn\u00edfic vi.\" \/>\n<meta property=\"og:url\" content=\"https:\/\/vinsmiquelgelabert.com\/ca\/producte\/colom-de-penya-2018\/\" \/>\n<meta property=\"og:site_name\" content=\"Vins Miquel Gelabert\" \/>\n<meta property=\"article:modified_time\" content=\"2026-03-10T13:17:05+00:00\" \/>\n<meta property=\"og:image\" content=\"http:\/\/vins-miquel-gelabert.fra1.digitaloceanspaces.com\/wp-content\/uploads\/2024\/04\/1J9A6034-COLOM-DE-PENYA-2.png\" \/>\n\t<meta property=\"og:image:width\" content=\"230\" \/>\n\t<meta property=\"og:image:height\" content=\"600\" \/>\n\t<meta property=\"og:image:type\" content=\"image\/png\" \/>\n<meta name=\"twitter:card\" content=\"summary_large_image\" \/>\n<meta name=\"twitter:label1\" content=\"Temps estimat de lectura\" \/>\n\t<meta name=\"twitter:data1\" content=\"2 minuts\" \/>\n<script type=\"application\/ld+json\" class=\"yoast-schema-graph\">{\"@context\":\"https:\\\/\\\/schema.org\",\"@graph\":[{\"@type\":\"WebPage\",\"@id\":\"https:\\\/\\\/vinsmiquelgelabert.com\\\/ca\\\/producte\\\/colom-de-penya-2018\\\/\",\"url\":\"https:\\\/\\\/vinsmiquelgelabert.com\\\/ca\\\/producte\\\/colom-de-penya-2018\\\/\",\"name\":\"Colom de Penya 2019 - Vins Miquel Gelabert\",\"isPartOf\":{\"@id\":\"https:\\\/\\\/vinsmiquelgelabert.com\\\/ca\\\/#website\"},\"primaryImageOfPage\":{\"@id\":\"https:\\\/\\\/vinsmiquelgelabert.com\\\/ca\\\/producte\\\/colom-de-penya-2018\\\/#primaryimage\"},\"image\":{\"@id\":\"https:\\\/\\\/vinsmiquelgelabert.com\\\/ca\\\/producte\\\/colom-de-penya-2018\\\/#primaryimage\"},\"thumbnailUrl\":\"https:\\\/\\\/vins-miquel-gelabert.fra1.digitaloceanspaces.com\\\/wp-content\\\/uploads\\\/2024\\\/04\\\/1J9A6034-COLOM-DE-PENYA-2.png\",\"datePublished\":\"2024-04-24T07:33:47+00:00\",\"dateModified\":\"2026-03-10T13:17:05+00:00\",\"breadcrumb\":{\"@id\":\"https:\\\/\\\/vinsmiquelgelabert.com\\\/ca\\\/producte\\\/colom-de-penya-2018\\\/#breadcrumb\"},\"inLanguage\":\"ca\",\"potentialAction\":[{\"@type\":\"ReadAction\",\"target\":[\"https:\\\/\\\/vinsmiquelgelabert.com\\\/ca\\\/producte\\\/colom-de-penya-2018\\\/\"]}]},{\"@type\":\"ImageObject\",\"inLanguage\":\"ca\",\"@id\":\"https:\\\/\\\/vinsmiquelgelabert.com\\\/ca\\\/producte\\\/colom-de-penya-2018\\\/#primaryimage\",\"url\":\"https:\\\/\\\/vins-miquel-gelabert.fra1.digitaloceanspaces.com\\\/wp-content\\\/uploads\\\/2024\\\/04\\\/1J9A6034-COLOM-DE-PENYA-2.png\",\"contentUrl\":\"https:\\\/\\\/vins-miquel-gelabert.fra1.digitaloceanspaces.com\\\/wp-content\\\/uploads\\\/2024\\\/04\\\/1J9A6034-COLOM-DE-PENYA-2.png\",\"width\":230,\"height\":600},{\"@type\":\"BreadcrumbList\",\"@id\":\"https:\\\/\\\/vinsmiquelgelabert.com\\\/ca\\\/producte\\\/colom-de-penya-2018\\\/#breadcrumb\",\"itemListElement\":[{\"@type\":\"ListItem\",\"position\":1,\"name\":\"Portada\",\"item\":\"https:\\\/\\\/vinsmiquelgelabert.com\\\/ca\\\/\"},{\"@type\":\"ListItem\",\"position\":2,\"name\":\"Botiga en l\u00ednia\",\"item\":\"https:\\\/\\\/vinsmiquelgelabert.com\\\/ca\\\/botiga-en-linia\\\/\"},{\"@type\":\"ListItem\",\"position\":3,\"name\":\"Colom de Penya 2019\"}]},{\"@type\":\"WebSite\",\"@id\":\"https:\\\/\\\/vinsmiquelgelabert.com\\\/ca\\\/#website\",\"url\":\"https:\\\/\\\/vinsmiquelgelabert.com\\\/ca\\\/\",\"name\":\"Vins Miquel Gelabert\",\"description\":\"\",\"publisher\":{\"@id\":\"https:\\\/\\\/vinsmiquelgelabert.com\\\/ca\\\/#organization\"},\"potentialAction\":[{\"@type\":\"SearchAction\",\"target\":{\"@type\":\"EntryPoint\",\"urlTemplate\":\"https:\\\/\\\/vinsmiquelgelabert.com\\\/ca\\\/?s={search_term_string}\"},\"query-input\":{\"@type\":\"PropertyValueSpecification\",\"valueRequired\":true,\"valueName\":\"search_term_string\"}}],\"inLanguage\":\"ca\"},{\"@type\":\"Organization\",\"@id\":\"https:\\\/\\\/vinsmiquelgelabert.com\\\/ca\\\/#organization\",\"name\":\"Vins Miquel Gelabert\",\"url\":\"https:\\\/\\\/vinsmiquelgelabert.com\\\/ca\\\/\",\"logo\":{\"@type\":\"ImageObject\",\"inLanguage\":\"ca\",\"@id\":\"https:\\\/\\\/vinsmiquelgelabert.com\\\/ca\\\/#\\\/schema\\\/logo\\\/image\\\/\",\"url\":\"https:\\\/\\\/vins-miquel-gelabert.fra1.digitaloceanspaces.com\\\/wp-content\\\/uploads\\\/2024\\\/04\\\/logo.svg\",\"contentUrl\":\"https:\\\/\\\/vins-miquel-gelabert.fra1.digitaloceanspaces.com\\\/wp-content\\\/uploads\\\/2024\\\/04\\\/logo.svg\",\"width\":437,\"height\":63,\"caption\":\"Vins Miquel Gelabert\"},\"image\":{\"@id\":\"https:\\\/\\\/vinsmiquelgelabert.com\\\/ca\\\/#\\\/schema\\\/logo\\\/image\\\/\"}}]}<\/script>\n<!-- \/ Yoast SEO plugin. -->","yoast_head_json":{"title":"Colom de Penya 2019 - Vins Miquel Gelabert","robots":{"index":"index","follow":"follow","max-snippet":"max-snippet:-1","max-image-preview":"max-image-preview:large","max-video-preview":"max-video-preview:-1"},"canonical":"https:\/\/vinsmiquelgelabert.com\/ca\/producte\/colom-de-penya-2018\/","og_locale":"ca_ES","og_type":"article","og_title":"Colom de Penya 2019 - Vins Miquel Gelabert","og_description":"Com el seu nom indica, aquest vi t\u00e9 l'eleg\u00e0ncia del vol d'un colom mar\u00ed i, al seu torn, un fons salvatge i potent. Aquesta obra d'art neix del criteri de m\u00e9s de 30 anys d'experi\u00e8ncia de Miquel Gelabert, qui selecciona els millors ra\u00efms de totes les nostres vinyes per a crear aquest magn\u00edfic vi.","og_url":"https:\/\/vinsmiquelgelabert.com\/ca\/producte\/colom-de-penya-2018\/","og_site_name":"Vins Miquel Gelabert","article_modified_time":"2026-03-10T13:17:05+00:00","og_image":[{"width":230,"height":600,"url":"http:\/\/vins-miquel-gelabert.fra1.digitaloceanspaces.com\/wp-content\/uploads\/2024\/04\/1J9A6034-COLOM-DE-PENYA-2.png","type":"image\/png"}],"twitter_card":"summary_large_image","twitter_misc":{"Temps estimat de lectura":"2 minuts"},"schema":{"@context":"https:\/\/schema.org","@graph":[{"@type":"WebPage","@id":"https:\/\/vinsmiquelgelabert.com\/ca\/producte\/colom-de-penya-2018\/","url":"https:\/\/vinsmiquelgelabert.com\/ca\/producte\/colom-de-penya-2018\/","name":"Colom de Penya 2019 - Vins Miquel Gelabert","isPartOf":{"@id":"https:\/\/vinsmiquelgelabert.com\/ca\/#website"},"primaryImageOfPage":{"@id":"https:\/\/vinsmiquelgelabert.com\/ca\/producte\/colom-de-penya-2018\/#primaryimage"},"image":{"@id":"https:\/\/vinsmiquelgelabert.com\/ca\/producte\/colom-de-penya-2018\/#primaryimage"},"thumbnailUrl":"https:\/\/vins-miquel-gelabert.fra1.digitaloceanspaces.com\/wp-content\/uploads\/2024\/04\/1J9A6034-COLOM-DE-PENYA-2.png","datePublished":"2024-04-24T07:33:47+00:00","dateModified":"2026-03-10T13:17:05+00:00","breadcrumb":{"@id":"https:\/\/vinsmiquelgelabert.com\/ca\/producte\/colom-de-penya-2018\/#breadcrumb"},"inLanguage":"ca","potentialAction":[{"@type":"ReadAction","target":["https:\/\/vinsmiquelgelabert.com\/ca\/producte\/colom-de-penya-2018\/"]}]},{"@type":"ImageObject","inLanguage":"ca","@id":"https:\/\/vinsmiquelgelabert.com\/ca\/producte\/colom-de-penya-2018\/#primaryimage","url":"https:\/\/vins-miquel-gelabert.fra1.digitaloceanspaces.com\/wp-content\/uploads\/2024\/04\/1J9A6034-COLOM-DE-PENYA-2.png","contentUrl":"https:\/\/vins-miquel-gelabert.fra1.digitaloceanspaces.com\/wp-content\/uploads\/2024\/04\/1J9A6034-COLOM-DE-PENYA-2.png","width":230,"height":600},{"@type":"BreadcrumbList","@id":"https:\/\/vinsmiquelgelabert.com\/ca\/producte\/colom-de-penya-2018\/#breadcrumb","itemListElement":[{"@type":"ListItem","position":1,"name":"Portada","item":"https:\/\/vinsmiquelgelabert.com\/ca\/"},{"@type":"ListItem","position":2,"name":"Botiga en l\u00ednia","item":"https:\/\/vinsmiquelgelabert.com\/ca\/botiga-en-linia\/"},{"@type":"ListItem","position":3,"name":"Colom de Penya 2019"}]},{"@type":"WebSite","@id":"https:\/\/vinsmiquelgelabert.com\/ca\/#website","url":"https:\/\/vinsmiquelgelabert.com\/ca\/","name":"Vins Miquel Gelabert","description":"","publisher":{"@id":"https:\/\/vinsmiquelgelabert.com\/ca\/#organization"},"potentialAction":[{"@type":"SearchAction","target":{"@type":"EntryPoint","urlTemplate":"https:\/\/vinsmiquelgelabert.com\/ca\/?s={search_term_string}"},"query-input":{"@type":"PropertyValueSpecification","valueRequired":true,"valueName":"search_term_string"}}],"inLanguage":"ca"},{"@type":"Organization","@id":"https:\/\/vinsmiquelgelabert.com\/ca\/#organization","name":"Vins Miquel Gelabert","url":"https:\/\/vinsmiquelgelabert.com\/ca\/","logo":{"@type":"ImageObject","inLanguage":"ca","@id":"https:\/\/vinsmiquelgelabert.com\/ca\/#\/schema\/logo\/image\/","url":"https:\/\/vins-miquel-gelabert.fra1.digitaloceanspaces.com\/wp-content\/uploads\/2024\/04\/logo.svg","contentUrl":"https:\/\/vins-miquel-gelabert.fra1.digitaloceanspaces.com\/wp-content\/uploads\/2024\/04\/logo.svg","width":437,"height":63,"caption":"Vins Miquel Gelabert"},"image":{"@id":"https:\/\/vinsmiquelgelabert.com\/ca\/#\/schema\/logo\/image\/"}}]}},"jetpack_sharing_enabled":true,"_links":{"self":[{"href":"https:\/\/vinsmiquelgelabert.com\/ca\/wp-json\/wp\/v2\/product\/7713","targetHints":{"allow":["GET"]}}],"collection":[{"href":"https:\/\/vinsmiquelgelabert.com\/ca\/wp-json\/wp\/v2\/product"}],"about":[{"href":"https:\/\/vinsmiquelgelabert.com\/ca\/wp-json\/wp\/v2\/types\/product"}],"replies":[{"embeddable":true,"href":"https:\/\/vinsmiquelgelabert.com\/ca\/wp-json\/wp\/v2\/comments?post=7713"}],"wp:featuredmedia":[{"embeddable":true,"href":"https:\/\/vinsmiquelgelabert.com\/ca\/wp-json\/wp\/v2\/media\/7489"}],"wp:attachment":[{"href":"https:\/\/vinsmiquelgelabert.com\/ca\/wp-json\/wp\/v2\/media?parent=7713"}],"wp:term":[{"taxonomy":"product_cat","embeddable":true,"href":"https:\/\/vinsmiquelgelabert.com\/ca\/wp-json\/wp\/v2\/product_cat?post=7713"},{"taxonomy":"product_tag","embeddable":true,"href":"https:\/\/vinsmiquelgelabert.com\/ca\/wp-json\/wp\/v2\/product_tag?post=7713"}],"curies":[{"name":"wp","href":"https:\/\/api.w.org\/{rel}","templated":true}]}}