{"id":7744,"date":"2024-04-24T09:33:44","date_gmt":"2024-04-24T07:33:44","guid":{"rendered":"https:\/\/vinsmiquelgelabert.com\/producto\/gran-vinya-son-caules-2015-2\/"},"modified":"2025-02-03T10:46:42","modified_gmt":"2025-02-03T09:46:42","slug":"gran-vinya-son-caules-2016","status":"publish","type":"product","link":"https:\/\/vinsmiquelgelabert.com\/ca\/producte\/gran-vinya-son-caules-2016\/","title":{"rendered":"Gran Vinya Son Caules 2016"},"content":{"rendered":"<div class=\"descripcio_vins\" style=\"text-align: justify;\">\n<p><i class=\"fa fa-angle-double-right\"><\/i> <strong>Varietats de ra\u00efm:<\/strong> Callet de vinyes velles (m\u00e9s de 60 anys de mitjana).<\/p>\n<p><i class=\"fa fa-angle-double-right\"><\/i> <strong>Sistema de cultiu:<\/strong> en got i espatllera.<\/p>\n<p><i class=\"fa fa-angle-double-right\"><\/i> <strong>Ubicaci\u00f3 de la vinya:<\/strong> terme de Manacor i Felanitx<\/p>\n<p><i class=\"fa fa-angle-double-right\"><\/i> <strong> Denominaci\u00f3 d&#8217;Origen:<\/strong> D.O.P. Pla i Llevant- Mallorca<\/p>\n<p><i class=\"fa fa-angle-double-right\"><\/i> <strong>Tipus de vi:<\/strong> tinto crian\u00e7a<\/p>\n<p><i class=\"fa fa-angle-double-right\"><\/i> <strong>Grau alcoh\u00f2lic:<\/strong> 13.5- 14 % vol.<\/p>\n<p><i class=\"fa fa-angle-double-right\"><\/i> <strong>Fermentaci\u00f3:<\/strong> dip\u00f2sit d&#8217;acer inoxidable a temperatura controlada<\/p>\n<p><i class=\"fa fa-angle-double-right\"><\/i> <strong>Crian\u00e7a:<\/strong> 12 mesos en barriques de roure franc\u00e8s i americ\u00e0 posterior crian\u00e7a en ampolla.<\/p>\n<p><i class=\"fa fa-angle-double-right\"><\/i> <strong>Nota de tast: <\/strong>vi amb molta capa, vermell picota amb rivet porpra. Aromes molt complexes que recorden a confitures, a les fruites silvestres, especialment a l&#8217;esbarzer, hi ha tamb\u00e9 caf\u00e8, cacau, aromes a cuir, torrats, a combinaci\u00f3 d&#8217;esp\u00e8cies. En la boca sed\u00f3s i elegant, amb molt de cos, rod\u00f3 i equilibrat, amb un retrogusto llarg que recorda fruita seca i la calidesa del mediterrani.<\/p>\n<p><i class=\"fa fa-angle-double-right\"><\/i> <strong>Recomanacions: <\/strong>combina b\u00e9 amb estofats, guisats de carn vermella que portin vi i amb els formatges vells.<\/p>\n<p><i class=\"fa fa-angle-double-right\"><\/i> <strong>Temperatura de servei: <\/strong>servir entre 18\u00ba-20\u00baC.<\/p>\n<\/div>\n","protected":false},"excerpt":{"rendered":"<p class=\"descripcio_vins\" style=\"text-align: justify;\">Aquest vi s&#8217;obt\u00e9 a trav\u00e9s d&#8217;una selecci\u00f3 del ra\u00efm en les vinyes m\u00e9s velles segons la seva maduraci\u00f3 i qualitat. El millor ra\u00efm de les nostres vinyes velles de Callet componen aquest vi complex. Roman en barriques (80% noves) de roure franc\u00e8s i americ\u00e0 12 mesos i despr\u00e9s un temps indeterminat en ampolla fins a convertir-se en el que es denomina \u201cun gran vi\u201d.<\/p>\n","protected":false},"featured_media":7545,"comment_status":"open","ping_status":"closed","template":"","meta":[],"product_cat":[97],"product_tag":[],"class_list":{"0":"post-7744","1":"product","2":"type-product","3":"status-publish","4":"has-post-thumbnail","6":"product_cat-vi-negre","8":"first","9":"instock","10":"taxable","11":"shipping-taxable","12":"purchasable","13":"product-type-simple"},"yoast_head":"<!-- This site is optimized with the Yoast SEO plugin v27.3 - https:\/\/yoast.com\/product\/yoast-seo-wordpress\/ -->\n<title>Gran Vinya Son Caules 2016 - Vins Miquel Gelabert<\/title>\n<meta name=\"robots\" content=\"index, follow, max-snippet:-1, max-image-preview:large, max-video-preview:-1\" \/>\n<link rel=\"canonical\" href=\"https:\/\/vinsmiquelgelabert.com\/ca\/producte\/gran-vinya-son-caules-2016\/\" \/>\n<meta property=\"og:locale\" content=\"ca_ES\" \/>\n<meta property=\"og:type\" content=\"article\" \/>\n<meta property=\"og:title\" content=\"Gran Vinya Son Caules 2016 - Vins Miquel Gelabert\" \/>\n<meta property=\"og:description\" content=\"Aquest vi s&#039;obt\u00e9 a trav\u00e9s d&#039;una selecci\u00f3 del ra\u00efm en les vinyes m\u00e9s velles segons la seva maduraci\u00f3 i qualitat. El millor ra\u00efm de les nostres vinyes velles de Callet componen aquest vi complex. Roman en barriques (80% noves) de roure franc\u00e8s i americ\u00e0 12 mesos i despr\u00e9s un temps indeterminat en ampolla fins a convertir-se en el que es denomina \u201cun gran vi\u201d.\" \/>\n<meta property=\"og:url\" content=\"https:\/\/vinsmiquelgelabert.com\/ca\/producte\/gran-vinya-son-caules-2016\/\" \/>\n<meta property=\"og:site_name\" content=\"Vins Miquel Gelabert\" \/>\n<meta property=\"article:modified_time\" content=\"2025-02-03T09:46:42+00:00\" \/>\n<meta property=\"og:image\" content=\"https:\/\/vins-miquel-gelabert.fra1.digitaloceanspaces.com\/wp-content\/uploads\/2024\/04\/GRAN-VINYA-SON-CAULES-2.png\" \/>\n\t<meta property=\"og:image:width\" content=\"230\" \/>\n\t<meta property=\"og:image:height\" content=\"600\" \/>\n\t<meta property=\"og:image:type\" content=\"image\/png\" \/>\n<meta name=\"twitter:card\" content=\"summary_large_image\" \/>\n<meta name=\"twitter:label1\" content=\"Temps estimat de lectura\" \/>\n\t<meta name=\"twitter:data1\" content=\"1 minut\" \/>\n<script type=\"application\/ld+json\" class=\"yoast-schema-graph\">{\"@context\":\"https:\\\/\\\/schema.org\",\"@graph\":[{\"@type\":\"WebPage\",\"@id\":\"https:\\\/\\\/vinsmiquelgelabert.com\\\/ca\\\/producte\\\/gran-vinya-son-caules-2016\\\/\",\"url\":\"https:\\\/\\\/vinsmiquelgelabert.com\\\/ca\\\/producte\\\/gran-vinya-son-caules-2016\\\/\",\"name\":\"Gran Vinya Son Caules 2016 - Vins Miquel Gelabert\",\"isPartOf\":{\"@id\":\"https:\\\/\\\/vinsmiquelgelabert.com\\\/ca\\\/#website\"},\"primaryImageOfPage\":{\"@id\":\"https:\\\/\\\/vinsmiquelgelabert.com\\\/ca\\\/producte\\\/gran-vinya-son-caules-2016\\\/#primaryimage\"},\"image\":{\"@id\":\"https:\\\/\\\/vinsmiquelgelabert.com\\\/ca\\\/producte\\\/gran-vinya-son-caules-2016\\\/#primaryimage\"},\"thumbnailUrl\":\"https:\\\/\\\/vins-miquel-gelabert.fra1.digitaloceanspaces.com\\\/wp-content\\\/uploads\\\/2024\\\/04\\\/GRAN-VINYA-SON-CAULES-2.png\",\"datePublished\":\"2024-04-24T07:33:44+00:00\",\"dateModified\":\"2025-02-03T09:46:42+00:00\",\"breadcrumb\":{\"@id\":\"https:\\\/\\\/vinsmiquelgelabert.com\\\/ca\\\/producte\\\/gran-vinya-son-caules-2016\\\/#breadcrumb\"},\"inLanguage\":\"ca\",\"potentialAction\":[{\"@type\":\"ReadAction\",\"target\":[\"https:\\\/\\\/vinsmiquelgelabert.com\\\/ca\\\/producte\\\/gran-vinya-son-caules-2016\\\/\"]}]},{\"@type\":\"ImageObject\",\"inLanguage\":\"ca\",\"@id\":\"https:\\\/\\\/vinsmiquelgelabert.com\\\/ca\\\/producte\\\/gran-vinya-son-caules-2016\\\/#primaryimage\",\"url\":\"https:\\\/\\\/vins-miquel-gelabert.fra1.digitaloceanspaces.com\\\/wp-content\\\/uploads\\\/2024\\\/04\\\/GRAN-VINYA-SON-CAULES-2.png\",\"contentUrl\":\"https:\\\/\\\/vins-miquel-gelabert.fra1.digitaloceanspaces.com\\\/wp-content\\\/uploads\\\/2024\\\/04\\\/GRAN-VINYA-SON-CAULES-2.png\",\"width\":230,\"height\":600},{\"@type\":\"BreadcrumbList\",\"@id\":\"https:\\\/\\\/vinsmiquelgelabert.com\\\/ca\\\/producte\\\/gran-vinya-son-caules-2016\\\/#breadcrumb\",\"itemListElement\":[{\"@type\":\"ListItem\",\"position\":1,\"name\":\"Portada\",\"item\":\"https:\\\/\\\/vinsmiquelgelabert.com\\\/ca\\\/\"},{\"@type\":\"ListItem\",\"position\":2,\"name\":\"Botiga en l\u00ednia\",\"item\":\"https:\\\/\\\/vinsmiquelgelabert.com\\\/ca\\\/botiga-en-linia\\\/\"},{\"@type\":\"ListItem\",\"position\":3,\"name\":\"Gran Vinya Son Caules 2016\"}]},{\"@type\":\"WebSite\",\"@id\":\"https:\\\/\\\/vinsmiquelgelabert.com\\\/ca\\\/#website\",\"url\":\"https:\\\/\\\/vinsmiquelgelabert.com\\\/ca\\\/\",\"name\":\"Vins Miquel Gelabert\",\"description\":\"\",\"publisher\":{\"@id\":\"https:\\\/\\\/vinsmiquelgelabert.com\\\/ca\\\/#organization\"},\"potentialAction\":[{\"@type\":\"SearchAction\",\"target\":{\"@type\":\"EntryPoint\",\"urlTemplate\":\"https:\\\/\\\/vinsmiquelgelabert.com\\\/ca\\\/?s={search_term_string}\"},\"query-input\":{\"@type\":\"PropertyValueSpecification\",\"valueRequired\":true,\"valueName\":\"search_term_string\"}}],\"inLanguage\":\"ca\"},{\"@type\":\"Organization\",\"@id\":\"https:\\\/\\\/vinsmiquelgelabert.com\\\/ca\\\/#organization\",\"name\":\"Vins Miquel Gelabert\",\"url\":\"https:\\\/\\\/vinsmiquelgelabert.com\\\/ca\\\/\",\"logo\":{\"@type\":\"ImageObject\",\"inLanguage\":\"ca\",\"@id\":\"https:\\\/\\\/vinsmiquelgelabert.com\\\/ca\\\/#\\\/schema\\\/logo\\\/image\\\/\",\"url\":\"https:\\\/\\\/vins-miquel-gelabert.fra1.digitaloceanspaces.com\\\/wp-content\\\/uploads\\\/2024\\\/04\\\/logo.svg\",\"contentUrl\":\"https:\\\/\\\/vins-miquel-gelabert.fra1.digitaloceanspaces.com\\\/wp-content\\\/uploads\\\/2024\\\/04\\\/logo.svg\",\"width\":437,\"height\":63,\"caption\":\"Vins Miquel Gelabert\"},\"image\":{\"@id\":\"https:\\\/\\\/vinsmiquelgelabert.com\\\/ca\\\/#\\\/schema\\\/logo\\\/image\\\/\"}}]}<\/script>\n<!-- \/ Yoast SEO plugin. -->","yoast_head_json":{"title":"Gran Vinya Son Caules 2016 - Vins Miquel Gelabert","robots":{"index":"index","follow":"follow","max-snippet":"max-snippet:-1","max-image-preview":"max-image-preview:large","max-video-preview":"max-video-preview:-1"},"canonical":"https:\/\/vinsmiquelgelabert.com\/ca\/producte\/gran-vinya-son-caules-2016\/","og_locale":"ca_ES","og_type":"article","og_title":"Gran Vinya Son Caules 2016 - Vins Miquel Gelabert","og_description":"Aquest vi s'obt\u00e9 a trav\u00e9s d'una selecci\u00f3 del ra\u00efm en les vinyes m\u00e9s velles segons la seva maduraci\u00f3 i qualitat. El millor ra\u00efm de les nostres vinyes velles de Callet componen aquest vi complex. Roman en barriques (80% noves) de roure franc\u00e8s i americ\u00e0 12 mesos i despr\u00e9s un temps indeterminat en ampolla fins a convertir-se en el que es denomina \u201cun gran vi\u201d.","og_url":"https:\/\/vinsmiquelgelabert.com\/ca\/producte\/gran-vinya-son-caules-2016\/","og_site_name":"Vins Miquel Gelabert","article_modified_time":"2025-02-03T09:46:42+00:00","og_image":[{"width":230,"height":600,"url":"https:\/\/vins-miquel-gelabert.fra1.digitaloceanspaces.com\/wp-content\/uploads\/2024\/04\/GRAN-VINYA-SON-CAULES-2.png","type":"image\/png"}],"twitter_card":"summary_large_image","twitter_misc":{"Temps estimat de lectura":"1 minut"},"schema":{"@context":"https:\/\/schema.org","@graph":[{"@type":"WebPage","@id":"https:\/\/vinsmiquelgelabert.com\/ca\/producte\/gran-vinya-son-caules-2016\/","url":"https:\/\/vinsmiquelgelabert.com\/ca\/producte\/gran-vinya-son-caules-2016\/","name":"Gran Vinya Son Caules 2016 - Vins Miquel Gelabert","isPartOf":{"@id":"https:\/\/vinsmiquelgelabert.com\/ca\/#website"},"primaryImageOfPage":{"@id":"https:\/\/vinsmiquelgelabert.com\/ca\/producte\/gran-vinya-son-caules-2016\/#primaryimage"},"image":{"@id":"https:\/\/vinsmiquelgelabert.com\/ca\/producte\/gran-vinya-son-caules-2016\/#primaryimage"},"thumbnailUrl":"https:\/\/vins-miquel-gelabert.fra1.digitaloceanspaces.com\/wp-content\/uploads\/2024\/04\/GRAN-VINYA-SON-CAULES-2.png","datePublished":"2024-04-24T07:33:44+00:00","dateModified":"2025-02-03T09:46:42+00:00","breadcrumb":{"@id":"https:\/\/vinsmiquelgelabert.com\/ca\/producte\/gran-vinya-son-caules-2016\/#breadcrumb"},"inLanguage":"ca","potentialAction":[{"@type":"ReadAction","target":["https:\/\/vinsmiquelgelabert.com\/ca\/producte\/gran-vinya-son-caules-2016\/"]}]},{"@type":"ImageObject","inLanguage":"ca","@id":"https:\/\/vinsmiquelgelabert.com\/ca\/producte\/gran-vinya-son-caules-2016\/#primaryimage","url":"https:\/\/vins-miquel-gelabert.fra1.digitaloceanspaces.com\/wp-content\/uploads\/2024\/04\/GRAN-VINYA-SON-CAULES-2.png","contentUrl":"https:\/\/vins-miquel-gelabert.fra1.digitaloceanspaces.com\/wp-content\/uploads\/2024\/04\/GRAN-VINYA-SON-CAULES-2.png","width":230,"height":600},{"@type":"BreadcrumbList","@id":"https:\/\/vinsmiquelgelabert.com\/ca\/producte\/gran-vinya-son-caules-2016\/#breadcrumb","itemListElement":[{"@type":"ListItem","position":1,"name":"Portada","item":"https:\/\/vinsmiquelgelabert.com\/ca\/"},{"@type":"ListItem","position":2,"name":"Botiga en l\u00ednia","item":"https:\/\/vinsmiquelgelabert.com\/ca\/botiga-en-linia\/"},{"@type":"ListItem","position":3,"name":"Gran Vinya Son Caules 2016"}]},{"@type":"WebSite","@id":"https:\/\/vinsmiquelgelabert.com\/ca\/#website","url":"https:\/\/vinsmiquelgelabert.com\/ca\/","name":"Vins Miquel Gelabert","description":"","publisher":{"@id":"https:\/\/vinsmiquelgelabert.com\/ca\/#organization"},"potentialAction":[{"@type":"SearchAction","target":{"@type":"EntryPoint","urlTemplate":"https:\/\/vinsmiquelgelabert.com\/ca\/?s={search_term_string}"},"query-input":{"@type":"PropertyValueSpecification","valueRequired":true,"valueName":"search_term_string"}}],"inLanguage":"ca"},{"@type":"Organization","@id":"https:\/\/vinsmiquelgelabert.com\/ca\/#organization","name":"Vins Miquel Gelabert","url":"https:\/\/vinsmiquelgelabert.com\/ca\/","logo":{"@type":"ImageObject","inLanguage":"ca","@id":"https:\/\/vinsmiquelgelabert.com\/ca\/#\/schema\/logo\/image\/","url":"https:\/\/vins-miquel-gelabert.fra1.digitaloceanspaces.com\/wp-content\/uploads\/2024\/04\/logo.svg","contentUrl":"https:\/\/vins-miquel-gelabert.fra1.digitaloceanspaces.com\/wp-content\/uploads\/2024\/04\/logo.svg","width":437,"height":63,"caption":"Vins Miquel Gelabert"},"image":{"@id":"https:\/\/vinsmiquelgelabert.com\/ca\/#\/schema\/logo\/image\/"}}]}},"jetpack_sharing_enabled":true,"_links":{"self":[{"href":"https:\/\/vinsmiquelgelabert.com\/ca\/wp-json\/wp\/v2\/product\/7744","targetHints":{"allow":["GET"]}}],"collection":[{"href":"https:\/\/vinsmiquelgelabert.com\/ca\/wp-json\/wp\/v2\/product"}],"about":[{"href":"https:\/\/vinsmiquelgelabert.com\/ca\/wp-json\/wp\/v2\/types\/product"}],"replies":[{"embeddable":true,"href":"https:\/\/vinsmiquelgelabert.com\/ca\/wp-json\/wp\/v2\/comments?post=7744"}],"wp:featuredmedia":[{"embeddable":true,"href":"https:\/\/vinsmiquelgelabert.com\/ca\/wp-json\/wp\/v2\/media\/7545"}],"wp:attachment":[{"href":"https:\/\/vinsmiquelgelabert.com\/ca\/wp-json\/wp\/v2\/media?parent=7744"}],"wp:term":[{"taxonomy":"product_cat","embeddable":true,"href":"https:\/\/vinsmiquelgelabert.com\/ca\/wp-json\/wp\/v2\/product_cat?post=7744"},{"taxonomy":"product_tag","embeddable":true,"href":"https:\/\/vinsmiquelgelabert.com\/ca\/wp-json\/wp\/v2\/product_tag?post=7744"}],"curies":[{"name":"wp","href":"https:\/\/api.w.org\/{rel}","templated":true}]}}