{"id":8178,"date":"2024-04-24T09:33:46","date_gmt":"2024-04-24T07:33:46","guid":{"rendered":"https:\/\/vinsmiquelgelabert.com\/producto\/sa-vall-seleccio-privada-2019\/"},"modified":"2024-07-15T09:43:24","modified_gmt":"2024-07-15T07:43:24","slug":"sa-vall-seleccio-privada-2019","status":"publish","type":"product","link":"https:\/\/vinsmiquelgelabert.com\/ca\/producte\/sa-vall-seleccio-privada-2019\/","title":{"rendered":"Sa Vall- Selecci\u00f3 Privada 2019"},"content":{"rendered":"<div class=\"descripcio_vins\" style=\"text-align: justify;\">\n<p><i class=\"fa fa-angle-double-right\"><\/i>   <strong>Varietats de ra\u00efm:<\/strong> Gir\u00f3 Blanc, Viognier i un poc de Pinot Noir.<\/p>\n<p><i class=\"fa fa-angle-double-right\"><\/i>   <strong>Sistema de cultiu:<\/strong> espatllera<\/p>\n<p><i class=\"fa fa-angle-double-right\"><\/i>   <strong>Ubicaci\u00f3 de la vinya:<\/strong> terme de Manacor y Petra<\/p>\n<p><i class=\"fa fa-angle-double-right\"><\/i>   <strong>Denominaci\u00f3 d&#8217;Origen:<\/strong> D.O.P. Pla i Llevant-Mallorca<\/p>\n<p><i class=\"fa fa-angle-double-right\"><\/i>   <strong>Tipus de vi:<\/strong> blanc de crian\u00e7a<\/p>\n<p><i class=\"fa fa-angle-double-right\"><\/i>   <strong>Grau alcoh\u00f2lic:<\/strong> 14 % vol.<\/p>\n<p><i class=\"fa fa-angle-double-right\"><\/i>   <strong>Fermentaci\u00f3: <\/strong>alcoh\u00f2lica i malol\u00e1ctica en barriques roure franc\u00e8s.<\/p>\n<p><i class=\"fa fa-angle-double-right\"><\/i>   <strong>Crian\u00e7a: <\/strong>sobre emboliques en barriques de roure franc\u00e8s 6 mesos i posterior crian\u00e7a en ampolla.<\/p>\n<p><i class=\"fa fa-angle-double-right\"><\/i>   <strong>Nota de tast: <\/strong>color groc daurat, amb lleugers tons verds, net i brillant. Aromes florals. Records c\u00edtrics i a fruites fresques, amb un lleuger toc de mantega. Molt llarg en boca, fresc, ben equilibrat i amb molt de cos.<\/p>\n<p><i class=\"fa fa-angle-double-right\"><\/i>   <strong>Recomanacions: <\/strong>combina b\u00e9 amb els peixos en salsa, al grill, calderetes, peix al forn i mariscos frescos.<\/p>\n<p><i class=\"fa fa-angle-double-right\"><\/i>  <strong>Temperatura de servei:<\/strong> servir entre 6\u00ba-8\u00baC<\/p>\n<p><strong> Premis i esments:<\/strong><\/p>\n<ul>\n<li>Mesquita d&#8217;Or a la collita 2004 en el \u201cXI Tast Ciutat de C\u00f2rdova 2005\u201d<\/li>\n<li>Bacus d&#8217;Or per a la collita 2006 en \u201cXXI tast concurso nacional de vins joves de la<br \/>\nUEC 2007\u201d<\/li>\n<li>Medalla de Bronze a la collita 2007 en \u201cVINHORECA 2008\u201d organitzat per Alamesa i<br \/>\nCercle del Vi<\/li>\n<li>Medalla de Plata a la collita 2007 en el \u201cXV Concurs Nacional de Vins. Premis Mesquita<br \/>\n2009\u201d<\/li>\n<li>Medalla de Plata per a la collita 2007 en el concurs \u201cPremi Internacional de Expovina\u201d en<br \/>\nZ\u00fcrich 2009<\/li>\n<li>Medalla de Plata per a la collita 2007 en el Concurs Internacional \u201cPremium Select Wine<br \/>\nChallenge ProWein 2010\u201d.<\/li>\n<li>Bacchus d&#8217;Or per a la collita 2007 en el \u201cIX Concurs Internacional de vins BACCHUS<br \/>\n2010\u201d<\/li>\n<li>Medalla de Plata a la collita 2008 en el \u201cConcurs dels Millors Vins Espanyols per a \u00c0sia\u201d<br \/>\ncelebrat a Hong Kong l&#8217;any 2010.<\/li>\n<li>Mesquita de Plata per a la collita 2008 en \u201cXVI Concurs Nacional de Vins. Premis Mesquita<br \/>\n2010\u201d.<\/li>\n<li>Medalla d&#8217;Or a la collita 2008 en el \u201cXI Sal\u00f3 Internacional del Vi de Madrid 2010\u201d<\/li>\n<li>Mesquita de Plata per a la collita 2009 en el \u201cXVII Concurs Nacional de Vins. Premis<br \/>\nMesquita. C\u00f2rdova 2011\u201d.<\/li>\n<li>Magn\u00edfic Blanc Amb Barrica 2013 (Guia Viure el Vi 2013- Els 11 Magn\u00edfics).<\/li>\n<li>Medalla de Plata a la collita 2010 en la \u201cXV Edici\u00f3 del concurs internacional Premis<br \/>\nArracada\u201d de Castella i Lle\u00f3 2013.<\/li>\n<li>Bacus d&#8217;Or a la collita 2019 en el \u201cXXXIV Tast de vins joves 2020\u201d<\/li>\n<li>Gran Bacus d&#8217;Or a la collita 2021 en el \u201cXXXVI Tast de vins joves 2022\u201d<\/li>\n<\/ul>\n<\/div>\n","protected":false},"excerpt":{"rendered":"<p class=\"descripcio_vins\" style=\"text-align: justify;\">Vi blanc de crian\u00e7a, fermentat en barriques de roure franc\u00e8s noves i criat durant 6 mesos en els seus emboliques. Ho componen un cupage del millor ra\u00efm de les nostres vinyes.<\/p>\n","protected":false},"featured_media":7517,"comment_status":"open","ping_status":"closed","template":"","meta":[],"product_cat":[95],"product_tag":[],"class_list":{"0":"post-8178","1":"product","2":"type-product","3":"status-publish","4":"has-post-thumbnail","6":"product_cat-vi-blanc","8":"first","9":"instock","10":"taxable","11":"shipping-taxable","12":"purchasable","13":"product-type-simple"},"yoast_head":"<!-- This site is optimized with the Yoast SEO plugin v27.3 - https:\/\/yoast.com\/product\/yoast-seo-wordpress\/ -->\n<title>Sa Vall- Selecci\u00f3 Privada 2019 - Vins Miquel Gelabert<\/title>\n<meta name=\"robots\" content=\"index, follow, max-snippet:-1, max-image-preview:large, max-video-preview:-1\" \/>\n<link rel=\"canonical\" href=\"https:\/\/vinsmiquelgelabert.com\/ca\/producte\/sa-vall-seleccio-privada-2019\/\" \/>\n<meta property=\"og:locale\" content=\"ca_ES\" \/>\n<meta property=\"og:type\" content=\"article\" \/>\n<meta property=\"og:title\" content=\"Sa Vall- Selecci\u00f3 Privada 2019 - Vins Miquel Gelabert\" \/>\n<meta property=\"og:description\" content=\"Vi blanc de crian\u00e7a, fermentat en barriques de roure franc\u00e8s noves i criat durant 6 mesos en els seus emboliques. Ho componen un cupage del millor ra\u00efm de les nostres vinyes.\" \/>\n<meta property=\"og:url\" content=\"https:\/\/vinsmiquelgelabert.com\/ca\/producte\/sa-vall-seleccio-privada-2019\/\" \/>\n<meta property=\"og:site_name\" content=\"Vins Miquel Gelabert\" \/>\n<meta property=\"article:modified_time\" content=\"2024-07-15T07:43:24+00:00\" \/>\n<meta property=\"og:image\" content=\"https:\/\/vins-miquel-gelabert.fra1.digitaloceanspaces.com\/wp-content\/uploads\/2024\/04\/SA-VALL.png\" \/>\n\t<meta property=\"og:image:width\" content=\"230\" \/>\n\t<meta property=\"og:image:height\" content=\"600\" \/>\n\t<meta property=\"og:image:type\" content=\"image\/png\" \/>\n<meta name=\"twitter:card\" content=\"summary_large_image\" \/>\n<meta name=\"twitter:label1\" content=\"Temps estimat de lectura\" \/>\n\t<meta name=\"twitter:data1\" content=\"2 minuts\" \/>\n<script type=\"application\/ld+json\" class=\"yoast-schema-graph\">{\"@context\":\"https:\\\/\\\/schema.org\",\"@graph\":[{\"@type\":\"WebPage\",\"@id\":\"https:\\\/\\\/vinsmiquelgelabert.com\\\/ca\\\/producte\\\/sa-vall-seleccio-privada-2019\\\/\",\"url\":\"https:\\\/\\\/vinsmiquelgelabert.com\\\/ca\\\/producte\\\/sa-vall-seleccio-privada-2019\\\/\",\"name\":\"Sa Vall- Selecci\u00f3 Privada 2019 - Vins Miquel Gelabert\",\"isPartOf\":{\"@id\":\"https:\\\/\\\/vinsmiquelgelabert.com\\\/ca\\\/#website\"},\"primaryImageOfPage\":{\"@id\":\"https:\\\/\\\/vinsmiquelgelabert.com\\\/ca\\\/producte\\\/sa-vall-seleccio-privada-2019\\\/#primaryimage\"},\"image\":{\"@id\":\"https:\\\/\\\/vinsmiquelgelabert.com\\\/ca\\\/producte\\\/sa-vall-seleccio-privada-2019\\\/#primaryimage\"},\"thumbnailUrl\":\"https:\\\/\\\/vins-miquel-gelabert.fra1.digitaloceanspaces.com\\\/wp-content\\\/uploads\\\/2024\\\/04\\\/SA-VALL.png\",\"datePublished\":\"2024-04-24T07:33:46+00:00\",\"dateModified\":\"2024-07-15T07:43:24+00:00\",\"breadcrumb\":{\"@id\":\"https:\\\/\\\/vinsmiquelgelabert.com\\\/ca\\\/producte\\\/sa-vall-seleccio-privada-2019\\\/#breadcrumb\"},\"inLanguage\":\"ca\",\"potentialAction\":[{\"@type\":\"ReadAction\",\"target\":[\"https:\\\/\\\/vinsmiquelgelabert.com\\\/ca\\\/producte\\\/sa-vall-seleccio-privada-2019\\\/\"]}]},{\"@type\":\"ImageObject\",\"inLanguage\":\"ca\",\"@id\":\"https:\\\/\\\/vinsmiquelgelabert.com\\\/ca\\\/producte\\\/sa-vall-seleccio-privada-2019\\\/#primaryimage\",\"url\":\"https:\\\/\\\/vins-miquel-gelabert.fra1.digitaloceanspaces.com\\\/wp-content\\\/uploads\\\/2024\\\/04\\\/SA-VALL.png\",\"contentUrl\":\"https:\\\/\\\/vins-miquel-gelabert.fra1.digitaloceanspaces.com\\\/wp-content\\\/uploads\\\/2024\\\/04\\\/SA-VALL.png\",\"width\":230,\"height\":600},{\"@type\":\"BreadcrumbList\",\"@id\":\"https:\\\/\\\/vinsmiquelgelabert.com\\\/ca\\\/producte\\\/sa-vall-seleccio-privada-2019\\\/#breadcrumb\",\"itemListElement\":[{\"@type\":\"ListItem\",\"position\":1,\"name\":\"Portada\",\"item\":\"https:\\\/\\\/vinsmiquelgelabert.com\\\/ca\\\/\"},{\"@type\":\"ListItem\",\"position\":2,\"name\":\"Botiga en l\u00ednia\",\"item\":\"https:\\\/\\\/vinsmiquelgelabert.com\\\/ca\\\/botiga-en-linia\\\/\"},{\"@type\":\"ListItem\",\"position\":3,\"name\":\"Sa Vall- Selecci\u00f3 Privada 2019\"}]},{\"@type\":\"WebSite\",\"@id\":\"https:\\\/\\\/vinsmiquelgelabert.com\\\/ca\\\/#website\",\"url\":\"https:\\\/\\\/vinsmiquelgelabert.com\\\/ca\\\/\",\"name\":\"Vins Miquel Gelabert\",\"description\":\"\",\"publisher\":{\"@id\":\"https:\\\/\\\/vinsmiquelgelabert.com\\\/ca\\\/#organization\"},\"potentialAction\":[{\"@type\":\"SearchAction\",\"target\":{\"@type\":\"EntryPoint\",\"urlTemplate\":\"https:\\\/\\\/vinsmiquelgelabert.com\\\/ca\\\/?s={search_term_string}\"},\"query-input\":{\"@type\":\"PropertyValueSpecification\",\"valueRequired\":true,\"valueName\":\"search_term_string\"}}],\"inLanguage\":\"ca\"},{\"@type\":\"Organization\",\"@id\":\"https:\\\/\\\/vinsmiquelgelabert.com\\\/ca\\\/#organization\",\"name\":\"Vins Miquel Gelabert\",\"url\":\"https:\\\/\\\/vinsmiquelgelabert.com\\\/ca\\\/\",\"logo\":{\"@type\":\"ImageObject\",\"inLanguage\":\"ca\",\"@id\":\"https:\\\/\\\/vinsmiquelgelabert.com\\\/ca\\\/#\\\/schema\\\/logo\\\/image\\\/\",\"url\":\"https:\\\/\\\/vins-miquel-gelabert.fra1.digitaloceanspaces.com\\\/wp-content\\\/uploads\\\/2024\\\/04\\\/logo.svg\",\"contentUrl\":\"https:\\\/\\\/vins-miquel-gelabert.fra1.digitaloceanspaces.com\\\/wp-content\\\/uploads\\\/2024\\\/04\\\/logo.svg\",\"width\":437,\"height\":63,\"caption\":\"Vins Miquel Gelabert\"},\"image\":{\"@id\":\"https:\\\/\\\/vinsmiquelgelabert.com\\\/ca\\\/#\\\/schema\\\/logo\\\/image\\\/\"}}]}<\/script>\n<!-- \/ Yoast SEO plugin. -->","yoast_head_json":{"title":"Sa Vall- Selecci\u00f3 Privada 2019 - Vins Miquel Gelabert","robots":{"index":"index","follow":"follow","max-snippet":"max-snippet:-1","max-image-preview":"max-image-preview:large","max-video-preview":"max-video-preview:-1"},"canonical":"https:\/\/vinsmiquelgelabert.com\/ca\/producte\/sa-vall-seleccio-privada-2019\/","og_locale":"ca_ES","og_type":"article","og_title":"Sa Vall- Selecci\u00f3 Privada 2019 - Vins Miquel Gelabert","og_description":"Vi blanc de crian\u00e7a, fermentat en barriques de roure franc\u00e8s noves i criat durant 6 mesos en els seus emboliques. Ho componen un cupage del millor ra\u00efm de les nostres vinyes.","og_url":"https:\/\/vinsmiquelgelabert.com\/ca\/producte\/sa-vall-seleccio-privada-2019\/","og_site_name":"Vins Miquel Gelabert","article_modified_time":"2024-07-15T07:43:24+00:00","og_image":[{"width":230,"height":600,"url":"https:\/\/vins-miquel-gelabert.fra1.digitaloceanspaces.com\/wp-content\/uploads\/2024\/04\/SA-VALL.png","type":"image\/png"}],"twitter_card":"summary_large_image","twitter_misc":{"Temps estimat de lectura":"2 minuts"},"schema":{"@context":"https:\/\/schema.org","@graph":[{"@type":"WebPage","@id":"https:\/\/vinsmiquelgelabert.com\/ca\/producte\/sa-vall-seleccio-privada-2019\/","url":"https:\/\/vinsmiquelgelabert.com\/ca\/producte\/sa-vall-seleccio-privada-2019\/","name":"Sa Vall- Selecci\u00f3 Privada 2019 - Vins Miquel Gelabert","isPartOf":{"@id":"https:\/\/vinsmiquelgelabert.com\/ca\/#website"},"primaryImageOfPage":{"@id":"https:\/\/vinsmiquelgelabert.com\/ca\/producte\/sa-vall-seleccio-privada-2019\/#primaryimage"},"image":{"@id":"https:\/\/vinsmiquelgelabert.com\/ca\/producte\/sa-vall-seleccio-privada-2019\/#primaryimage"},"thumbnailUrl":"https:\/\/vins-miquel-gelabert.fra1.digitaloceanspaces.com\/wp-content\/uploads\/2024\/04\/SA-VALL.png","datePublished":"2024-04-24T07:33:46+00:00","dateModified":"2024-07-15T07:43:24+00:00","breadcrumb":{"@id":"https:\/\/vinsmiquelgelabert.com\/ca\/producte\/sa-vall-seleccio-privada-2019\/#breadcrumb"},"inLanguage":"ca","potentialAction":[{"@type":"ReadAction","target":["https:\/\/vinsmiquelgelabert.com\/ca\/producte\/sa-vall-seleccio-privada-2019\/"]}]},{"@type":"ImageObject","inLanguage":"ca","@id":"https:\/\/vinsmiquelgelabert.com\/ca\/producte\/sa-vall-seleccio-privada-2019\/#primaryimage","url":"https:\/\/vins-miquel-gelabert.fra1.digitaloceanspaces.com\/wp-content\/uploads\/2024\/04\/SA-VALL.png","contentUrl":"https:\/\/vins-miquel-gelabert.fra1.digitaloceanspaces.com\/wp-content\/uploads\/2024\/04\/SA-VALL.png","width":230,"height":600},{"@type":"BreadcrumbList","@id":"https:\/\/vinsmiquelgelabert.com\/ca\/producte\/sa-vall-seleccio-privada-2019\/#breadcrumb","itemListElement":[{"@type":"ListItem","position":1,"name":"Portada","item":"https:\/\/vinsmiquelgelabert.com\/ca\/"},{"@type":"ListItem","position":2,"name":"Botiga en l\u00ednia","item":"https:\/\/vinsmiquelgelabert.com\/ca\/botiga-en-linia\/"},{"@type":"ListItem","position":3,"name":"Sa Vall- Selecci\u00f3 Privada 2019"}]},{"@type":"WebSite","@id":"https:\/\/vinsmiquelgelabert.com\/ca\/#website","url":"https:\/\/vinsmiquelgelabert.com\/ca\/","name":"Vins Miquel Gelabert","description":"","publisher":{"@id":"https:\/\/vinsmiquelgelabert.com\/ca\/#organization"},"potentialAction":[{"@type":"SearchAction","target":{"@type":"EntryPoint","urlTemplate":"https:\/\/vinsmiquelgelabert.com\/ca\/?s={search_term_string}"},"query-input":{"@type":"PropertyValueSpecification","valueRequired":true,"valueName":"search_term_string"}}],"inLanguage":"ca"},{"@type":"Organization","@id":"https:\/\/vinsmiquelgelabert.com\/ca\/#organization","name":"Vins Miquel Gelabert","url":"https:\/\/vinsmiquelgelabert.com\/ca\/","logo":{"@type":"ImageObject","inLanguage":"ca","@id":"https:\/\/vinsmiquelgelabert.com\/ca\/#\/schema\/logo\/image\/","url":"https:\/\/vins-miquel-gelabert.fra1.digitaloceanspaces.com\/wp-content\/uploads\/2024\/04\/logo.svg","contentUrl":"https:\/\/vins-miquel-gelabert.fra1.digitaloceanspaces.com\/wp-content\/uploads\/2024\/04\/logo.svg","width":437,"height":63,"caption":"Vins Miquel Gelabert"},"image":{"@id":"https:\/\/vinsmiquelgelabert.com\/ca\/#\/schema\/logo\/image\/"}}]}},"jetpack_sharing_enabled":true,"_links":{"self":[{"href":"https:\/\/vinsmiquelgelabert.com\/ca\/wp-json\/wp\/v2\/product\/8178","targetHints":{"allow":["GET"]}}],"collection":[{"href":"https:\/\/vinsmiquelgelabert.com\/ca\/wp-json\/wp\/v2\/product"}],"about":[{"href":"https:\/\/vinsmiquelgelabert.com\/ca\/wp-json\/wp\/v2\/types\/product"}],"replies":[{"embeddable":true,"href":"https:\/\/vinsmiquelgelabert.com\/ca\/wp-json\/wp\/v2\/comments?post=8178"}],"wp:featuredmedia":[{"embeddable":true,"href":"https:\/\/vinsmiquelgelabert.com\/ca\/wp-json\/wp\/v2\/media\/7517"}],"wp:attachment":[{"href":"https:\/\/vinsmiquelgelabert.com\/ca\/wp-json\/wp\/v2\/media?parent=8178"}],"wp:term":[{"taxonomy":"product_cat","embeddable":true,"href":"https:\/\/vinsmiquelgelabert.com\/ca\/wp-json\/wp\/v2\/product_cat?post=8178"},{"taxonomy":"product_tag","embeddable":true,"href":"https:\/\/vinsmiquelgelabert.com\/ca\/wp-json\/wp\/v2\/product_tag?post=8178"}],"curies":[{"name":"wp","href":"https:\/\/api.w.org\/{rel}","templated":true}]}}