{"id":9266,"date":"2026-01-08T12:46:24","date_gmt":"2026-01-08T11:46:24","guid":{"rendered":"https:\/\/vinsmiquelgelabert.com\/producto\/torrent-negre-seleccio-privada-merlot-2022\/"},"modified":"2026-01-12T11:46:59","modified_gmt":"2026-01-12T10:46:59","slug":"torrent-negre-seleccio-privada-merlot-2022","status":"publish","type":"product","link":"https:\/\/vinsmiquelgelabert.com\/ca\/producte\/torrent-negre-seleccio-privada-merlot-2022\/","title":{"rendered":"Torrent Negre &#8211; Selecci\u00f3 Privada Merlot 2022"},"content":{"rendered":"<div class=\"descripcio_vins\" style=\"text-align: justify;\">\n<p><i class=\"fa fa-angle-double-right\"><\/i>   <strong>Sistema de cultiu:<\/strong> espatllera<\/p>\n<p><i class=\"fa fa-angle-double-right\"><\/i>   <strong>Ubicaci\u00f3 de la vinya:<\/strong> terme de Manacor i Felanitx<\/p>\n<p><i class=\"fa fa-angle-double-right\"><\/i>   <strong>Denominaci\u00f3 d&#8217;origen:<\/strong> D.O.P. Pla i Llevant \u2013 Mallorca<\/p>\n<p><i class=\"fa fa-angle-double-right\"><\/i>   <strong>TIpus de vi:<\/strong> tinto crian\u00e7a<\/p>\n<p><i class=\"fa fa-angle-double-right\"><\/i>   <strong>Grau alcoh\u00f2lic:<\/strong> 14 % vol.<\/p>\n<p><i class=\"fa fa-angle-double-right\"><\/i>   <strong>Fermentaci\u00f3:<\/strong> alcoh\u00f2lica en dip\u00f2sit d&#8217;acer inoxidable a temperatura controlada. Malol\u00e0ctica en bota<\/p>\n<p><i class=\"fa fa-angle-double-right\"><\/i>   <strong>Crian\u00e7a: <\/strong>12 mesos en barrica nova de roure del Caucas. Posterior crian\u00e7a en ampolla<\/p>\n<p><i class=\"fa fa-angle-double-right\"><\/i>   <strong>Nota de tast: <\/strong>vi cobert, amb molta intensitat colorant, net i brillant. Complexitat arom\u00e0tica que evoca el Mediterrani. Records de fruits vermells (cassis), notes de fruits del bosc, prunes seques i olives negres, combinats amb un lleu toc de torrats de la fusta. Molt gol\u00f3s, llarg en boca i amb una bona relaci\u00f3 entre acidesa i alcohol. Tanins molt madurs, car\u00e0cter bals\u00e0mic, ben equilibrat i amb una llarga vida.<\/p>\n<p><i class=\"fa fa-angle-double-right\"><\/i>   <strong>Recomanacions:<\/strong> combina b\u00e9 amb la ca\u00e7a, els formatges curats i les carns vermelles en salsa.<\/p>\n<p><i class=\"fa fa-angle-double-right\"><\/i>   <strong>Temperatura de servei: <\/strong>servir entre 18\u00ba- 20\u00baC.<\/p>\n<\/div>\n","protected":false},"excerpt":{"rendered":"<p class=\"descripcio_vins\" style=\"text-align: justify;\">Vi monovarietal de merlot que nom\u00e9s s\u2019elabora els anys en qu\u00e8 el ra\u00efm presenten un estat excepcional. S\u00f3n vins de molt poca tirada (de 300 a 1.500 ampolles) als quals es pot dir \u201ccapritxos del cellerer\u201d.<\/p>\n","protected":false},"featured_media":7525,"comment_status":"open","ping_status":"closed","template":"","meta":[],"product_cat":[97],"product_tag":[],"class_list":{"0":"post-9266","1":"product","2":"type-product","3":"status-publish","4":"has-post-thumbnail","6":"product_cat-vi-negre","8":"first","9":"instock","10":"taxable","11":"shipping-taxable","12":"purchasable","13":"product-type-simple"},"yoast_head":"<!-- This site is optimized with the Yoast SEO plugin v27.3 - https:\/\/yoast.com\/product\/yoast-seo-wordpress\/ -->\n<title>Torrent Negre - Selecci\u00f3 Privada Merlot 2022 - Vins Miquel Gelabert<\/title>\n<meta name=\"robots\" content=\"index, follow, max-snippet:-1, max-image-preview:large, max-video-preview:-1\" \/>\n<link rel=\"canonical\" href=\"https:\/\/vinsmiquelgelabert.com\/ca\/producte\/torrent-negre-seleccio-privada-merlot-2022\/\" \/>\n<meta property=\"og:locale\" content=\"ca_ES\" \/>\n<meta property=\"og:type\" content=\"article\" \/>\n<meta property=\"og:title\" content=\"Torrent Negre - Selecci\u00f3 Privada Merlot 2022 - Vins Miquel Gelabert\" \/>\n<meta property=\"og:description\" content=\"Vi monovarietal de merlot que nom\u00e9s s\u2019elabora els anys en qu\u00e8 el ra\u00efm presenten un estat excepcional. S\u00f3n vins de molt poca tirada (de 300 a 1.500 ampolles) als quals es pot dir \u201ccapritxos del cellerer\u201d.\" \/>\n<meta property=\"og:url\" content=\"https:\/\/vinsmiquelgelabert.com\/ca\/producte\/torrent-negre-seleccio-privada-merlot-2022\/\" \/>\n<meta property=\"og:site_name\" content=\"Vins Miquel Gelabert\" \/>\n<meta property=\"article:modified_time\" content=\"2026-01-12T10:46:59+00:00\" \/>\n<meta property=\"og:image\" content=\"https:\/\/vins-miquel-gelabert.fra1.digitaloceanspaces.com\/wp-content\/uploads\/2024\/04\/Torrent-Negre-Seleccio-Privada.png\" \/>\n\t<meta property=\"og:image:width\" content=\"230\" \/>\n\t<meta property=\"og:image:height\" content=\"600\" \/>\n\t<meta property=\"og:image:type\" content=\"image\/png\" \/>\n<meta name=\"twitter:card\" content=\"summary_large_image\" \/>\n<meta name=\"twitter:label1\" content=\"Temps estimat de lectura\" \/>\n\t<meta name=\"twitter:data1\" content=\"1 minut\" \/>\n<script type=\"application\/ld+json\" class=\"yoast-schema-graph\">{\"@context\":\"https:\\\/\\\/schema.org\",\"@graph\":[{\"@type\":\"WebPage\",\"@id\":\"https:\\\/\\\/vinsmiquelgelabert.com\\\/ca\\\/producte\\\/torrent-negre-seleccio-privada-merlot-2022\\\/\",\"url\":\"https:\\\/\\\/vinsmiquelgelabert.com\\\/ca\\\/producte\\\/torrent-negre-seleccio-privada-merlot-2022\\\/\",\"name\":\"Torrent Negre - Selecci\u00f3 Privada Merlot 2022 - Vins Miquel Gelabert\",\"isPartOf\":{\"@id\":\"https:\\\/\\\/vinsmiquelgelabert.com\\\/ca\\\/#website\"},\"primaryImageOfPage\":{\"@id\":\"https:\\\/\\\/vinsmiquelgelabert.com\\\/ca\\\/producte\\\/torrent-negre-seleccio-privada-merlot-2022\\\/#primaryimage\"},\"image\":{\"@id\":\"https:\\\/\\\/vinsmiquelgelabert.com\\\/ca\\\/producte\\\/torrent-negre-seleccio-privada-merlot-2022\\\/#primaryimage\"},\"thumbnailUrl\":\"https:\\\/\\\/vins-miquel-gelabert.fra1.digitaloceanspaces.com\\\/wp-content\\\/uploads\\\/2024\\\/04\\\/Torrent-Negre-Seleccio-Privada.png\",\"datePublished\":\"2026-01-08T11:46:24+00:00\",\"dateModified\":\"2026-01-12T10:46:59+00:00\",\"breadcrumb\":{\"@id\":\"https:\\\/\\\/vinsmiquelgelabert.com\\\/ca\\\/producte\\\/torrent-negre-seleccio-privada-merlot-2022\\\/#breadcrumb\"},\"inLanguage\":\"ca\",\"potentialAction\":[{\"@type\":\"ReadAction\",\"target\":[\"https:\\\/\\\/vinsmiquelgelabert.com\\\/ca\\\/producte\\\/torrent-negre-seleccio-privada-merlot-2022\\\/\"]}]},{\"@type\":\"ImageObject\",\"inLanguage\":\"ca\",\"@id\":\"https:\\\/\\\/vinsmiquelgelabert.com\\\/ca\\\/producte\\\/torrent-negre-seleccio-privada-merlot-2022\\\/#primaryimage\",\"url\":\"https:\\\/\\\/vins-miquel-gelabert.fra1.digitaloceanspaces.com\\\/wp-content\\\/uploads\\\/2024\\\/04\\\/Torrent-Negre-Seleccio-Privada.png\",\"contentUrl\":\"https:\\\/\\\/vins-miquel-gelabert.fra1.digitaloceanspaces.com\\\/wp-content\\\/uploads\\\/2024\\\/04\\\/Torrent-Negre-Seleccio-Privada.png\",\"width\":230,\"height\":600},{\"@type\":\"BreadcrumbList\",\"@id\":\"https:\\\/\\\/vinsmiquelgelabert.com\\\/ca\\\/producte\\\/torrent-negre-seleccio-privada-merlot-2022\\\/#breadcrumb\",\"itemListElement\":[{\"@type\":\"ListItem\",\"position\":1,\"name\":\"Portada\",\"item\":\"https:\\\/\\\/vinsmiquelgelabert.com\\\/ca\\\/\"},{\"@type\":\"ListItem\",\"position\":2,\"name\":\"Botiga en l\u00ednia\",\"item\":\"https:\\\/\\\/vinsmiquelgelabert.com\\\/ca\\\/botiga-en-linia\\\/\"},{\"@type\":\"ListItem\",\"position\":3,\"name\":\"Torrent Negre &#8211; Selecci\u00f3 Privada Merlot 2022\"}]},{\"@type\":\"WebSite\",\"@id\":\"https:\\\/\\\/vinsmiquelgelabert.com\\\/ca\\\/#website\",\"url\":\"https:\\\/\\\/vinsmiquelgelabert.com\\\/ca\\\/\",\"name\":\"Vins Miquel Gelabert\",\"description\":\"\",\"publisher\":{\"@id\":\"https:\\\/\\\/vinsmiquelgelabert.com\\\/ca\\\/#organization\"},\"potentialAction\":[{\"@type\":\"SearchAction\",\"target\":{\"@type\":\"EntryPoint\",\"urlTemplate\":\"https:\\\/\\\/vinsmiquelgelabert.com\\\/ca\\\/?s={search_term_string}\"},\"query-input\":{\"@type\":\"PropertyValueSpecification\",\"valueRequired\":true,\"valueName\":\"search_term_string\"}}],\"inLanguage\":\"ca\"},{\"@type\":\"Organization\",\"@id\":\"https:\\\/\\\/vinsmiquelgelabert.com\\\/ca\\\/#organization\",\"name\":\"Vins Miquel Gelabert\",\"url\":\"https:\\\/\\\/vinsmiquelgelabert.com\\\/ca\\\/\",\"logo\":{\"@type\":\"ImageObject\",\"inLanguage\":\"ca\",\"@id\":\"https:\\\/\\\/vinsmiquelgelabert.com\\\/ca\\\/#\\\/schema\\\/logo\\\/image\\\/\",\"url\":\"https:\\\/\\\/vins-miquel-gelabert.fra1.digitaloceanspaces.com\\\/wp-content\\\/uploads\\\/2024\\\/04\\\/logo.svg\",\"contentUrl\":\"https:\\\/\\\/vins-miquel-gelabert.fra1.digitaloceanspaces.com\\\/wp-content\\\/uploads\\\/2024\\\/04\\\/logo.svg\",\"width\":437,\"height\":63,\"caption\":\"Vins Miquel Gelabert\"},\"image\":{\"@id\":\"https:\\\/\\\/vinsmiquelgelabert.com\\\/ca\\\/#\\\/schema\\\/logo\\\/image\\\/\"}}]}<\/script>\n<!-- \/ Yoast SEO plugin. -->","yoast_head_json":{"title":"Torrent Negre - Selecci\u00f3 Privada Merlot 2022 - Vins Miquel Gelabert","robots":{"index":"index","follow":"follow","max-snippet":"max-snippet:-1","max-image-preview":"max-image-preview:large","max-video-preview":"max-video-preview:-1"},"canonical":"https:\/\/vinsmiquelgelabert.com\/ca\/producte\/torrent-negre-seleccio-privada-merlot-2022\/","og_locale":"ca_ES","og_type":"article","og_title":"Torrent Negre - Selecci\u00f3 Privada Merlot 2022 - Vins Miquel Gelabert","og_description":"Vi monovarietal de merlot que nom\u00e9s s\u2019elabora els anys en qu\u00e8 el ra\u00efm presenten un estat excepcional. S\u00f3n vins de molt poca tirada (de 300 a 1.500 ampolles) als quals es pot dir \u201ccapritxos del cellerer\u201d.","og_url":"https:\/\/vinsmiquelgelabert.com\/ca\/producte\/torrent-negre-seleccio-privada-merlot-2022\/","og_site_name":"Vins Miquel Gelabert","article_modified_time":"2026-01-12T10:46:59+00:00","og_image":[{"width":230,"height":600,"url":"https:\/\/vins-miquel-gelabert.fra1.digitaloceanspaces.com\/wp-content\/uploads\/2024\/04\/Torrent-Negre-Seleccio-Privada.png","type":"image\/png"}],"twitter_card":"summary_large_image","twitter_misc":{"Temps estimat de lectura":"1 minut"},"schema":{"@context":"https:\/\/schema.org","@graph":[{"@type":"WebPage","@id":"https:\/\/vinsmiquelgelabert.com\/ca\/producte\/torrent-negre-seleccio-privada-merlot-2022\/","url":"https:\/\/vinsmiquelgelabert.com\/ca\/producte\/torrent-negre-seleccio-privada-merlot-2022\/","name":"Torrent Negre - Selecci\u00f3 Privada Merlot 2022 - Vins Miquel Gelabert","isPartOf":{"@id":"https:\/\/vinsmiquelgelabert.com\/ca\/#website"},"primaryImageOfPage":{"@id":"https:\/\/vinsmiquelgelabert.com\/ca\/producte\/torrent-negre-seleccio-privada-merlot-2022\/#primaryimage"},"image":{"@id":"https:\/\/vinsmiquelgelabert.com\/ca\/producte\/torrent-negre-seleccio-privada-merlot-2022\/#primaryimage"},"thumbnailUrl":"https:\/\/vins-miquel-gelabert.fra1.digitaloceanspaces.com\/wp-content\/uploads\/2024\/04\/Torrent-Negre-Seleccio-Privada.png","datePublished":"2026-01-08T11:46:24+00:00","dateModified":"2026-01-12T10:46:59+00:00","breadcrumb":{"@id":"https:\/\/vinsmiquelgelabert.com\/ca\/producte\/torrent-negre-seleccio-privada-merlot-2022\/#breadcrumb"},"inLanguage":"ca","potentialAction":[{"@type":"ReadAction","target":["https:\/\/vinsmiquelgelabert.com\/ca\/producte\/torrent-negre-seleccio-privada-merlot-2022\/"]}]},{"@type":"ImageObject","inLanguage":"ca","@id":"https:\/\/vinsmiquelgelabert.com\/ca\/producte\/torrent-negre-seleccio-privada-merlot-2022\/#primaryimage","url":"https:\/\/vins-miquel-gelabert.fra1.digitaloceanspaces.com\/wp-content\/uploads\/2024\/04\/Torrent-Negre-Seleccio-Privada.png","contentUrl":"https:\/\/vins-miquel-gelabert.fra1.digitaloceanspaces.com\/wp-content\/uploads\/2024\/04\/Torrent-Negre-Seleccio-Privada.png","width":230,"height":600},{"@type":"BreadcrumbList","@id":"https:\/\/vinsmiquelgelabert.com\/ca\/producte\/torrent-negre-seleccio-privada-merlot-2022\/#breadcrumb","itemListElement":[{"@type":"ListItem","position":1,"name":"Portada","item":"https:\/\/vinsmiquelgelabert.com\/ca\/"},{"@type":"ListItem","position":2,"name":"Botiga en l\u00ednia","item":"https:\/\/vinsmiquelgelabert.com\/ca\/botiga-en-linia\/"},{"@type":"ListItem","position":3,"name":"Torrent Negre &#8211; Selecci\u00f3 Privada Merlot 2022"}]},{"@type":"WebSite","@id":"https:\/\/vinsmiquelgelabert.com\/ca\/#website","url":"https:\/\/vinsmiquelgelabert.com\/ca\/","name":"Vins Miquel Gelabert","description":"","publisher":{"@id":"https:\/\/vinsmiquelgelabert.com\/ca\/#organization"},"potentialAction":[{"@type":"SearchAction","target":{"@type":"EntryPoint","urlTemplate":"https:\/\/vinsmiquelgelabert.com\/ca\/?s={search_term_string}"},"query-input":{"@type":"PropertyValueSpecification","valueRequired":true,"valueName":"search_term_string"}}],"inLanguage":"ca"},{"@type":"Organization","@id":"https:\/\/vinsmiquelgelabert.com\/ca\/#organization","name":"Vins Miquel Gelabert","url":"https:\/\/vinsmiquelgelabert.com\/ca\/","logo":{"@type":"ImageObject","inLanguage":"ca","@id":"https:\/\/vinsmiquelgelabert.com\/ca\/#\/schema\/logo\/image\/","url":"https:\/\/vins-miquel-gelabert.fra1.digitaloceanspaces.com\/wp-content\/uploads\/2024\/04\/logo.svg","contentUrl":"https:\/\/vins-miquel-gelabert.fra1.digitaloceanspaces.com\/wp-content\/uploads\/2024\/04\/logo.svg","width":437,"height":63,"caption":"Vins Miquel Gelabert"},"image":{"@id":"https:\/\/vinsmiquelgelabert.com\/ca\/#\/schema\/logo\/image\/"}}]}},"jetpack_sharing_enabled":true,"_links":{"self":[{"href":"https:\/\/vinsmiquelgelabert.com\/ca\/wp-json\/wp\/v2\/product\/9266","targetHints":{"allow":["GET"]}}],"collection":[{"href":"https:\/\/vinsmiquelgelabert.com\/ca\/wp-json\/wp\/v2\/product"}],"about":[{"href":"https:\/\/vinsmiquelgelabert.com\/ca\/wp-json\/wp\/v2\/types\/product"}],"replies":[{"embeddable":true,"href":"https:\/\/vinsmiquelgelabert.com\/ca\/wp-json\/wp\/v2\/comments?post=9266"}],"wp:featuredmedia":[{"embeddable":true,"href":"https:\/\/vinsmiquelgelabert.com\/ca\/wp-json\/wp\/v2\/media\/7525"}],"wp:attachment":[{"href":"https:\/\/vinsmiquelgelabert.com\/ca\/wp-json\/wp\/v2\/media?parent=9266"}],"wp:term":[{"taxonomy":"product_cat","embeddable":true,"href":"https:\/\/vinsmiquelgelabert.com\/ca\/wp-json\/wp\/v2\/product_cat?post=9266"},{"taxonomy":"product_tag","embeddable":true,"href":"https:\/\/vinsmiquelgelabert.com\/ca\/wp-json\/wp\/v2\/product_tag?post=9266"}],"curies":[{"name":"wp","href":"https:\/\/api.w.org\/{rel}","templated":true}]}}