{"id":7553,"date":"2024-04-24T09:33:47","date_gmt":"2024-04-24T07:33:47","guid":{"rendered":"https:\/\/vinsmiquelgelabert.com\/producto\/golos-rosat-2022\/"},"modified":"2026-04-09T14:17:10","modified_gmt":"2026-04-09T12:17:10","slug":"golos-rosat-2022","status":"publish","type":"product","link":"https:\/\/vinsmiquelgelabert.com\/de\/Produkt\/golos-rosat-2022\/","title":{"rendered":"Gol\u00f3s Rosat 2024"},"content":{"rendered":"<div class=\"descripcio_vins\" style=\"text-align: justify;\">\n<p><i class=\"fa fa-angle-double-right\"><\/i>   <strong>Rebsorten: <\/strong> Pinot Noir 100%i<i class=\"fa fa-angle-double-right\"><\/i> <strong> Anbausystem: <\/strong> Spalier.<\/p>\n<p><i class=\"fa fa-angle-double-right\"><\/i>   <strong>Lage des Weinbergs:<\/strong> Gemeinde Manacor.<\/p>\n<p><i class=\"fa fa-angle-double-right\"><\/i>   <strong>Ursprungsbezeichnung: <\/strong> D.O.P. Pla i Llevant-Mallorca.<\/p>\n<p><i class=\"fa fa-angle-double-right\"><\/i>   <strong>Weintyp: <\/strong>Ros\u00e9 mit Crianza-Ausbau<\/p>\n<p><i class=\"fa fa-angle-double-right\"><\/i>   <strong>Alkoholgehalt: <\/strong>13,5 % vol<\/p>\n<p><i class=\"fa fa-angle-double-right\"><\/i>   <strong>G\u00e4rung: <\/strong> in franz\u00f6sischen Eichenf\u00e4ssern.<\/p>\n<p><i class=\"fa fa-angle-double-right\"><\/i>   <strong>Reifung: <\/strong> 6 Monate in franz\u00f6sischen Eichenf\u00e4ssern des zweiten Jahrgangs.<\/p>\n<p><i class=\"fa fa-angle-double-right\"><\/i>   <strong>Verkostungsnotizen: <\/strong> Blassrosa Farbe, sauber und hell.Verkostungsnotizen: Blassrosa Farbe, sauber und hell. Blumige Aromen und Aromen von frischem Obst, Erdbeere, Himbeere usw. Mit einem sehr dezenten Hauch von Holz. Im Mund ist er frisch, mit einer kr\u00e4ftigen S\u00e4ure und einem Abgang, der wieder an rote Fr\u00fcchte erinnert, lang, ausgewogen und anhaltend.<\/p>\n<p><i class=\"fa fa-angle-double-right\"><\/i>   <strong>Empfehlungen:<\/strong> Passt gut zu allen Arten von Vorspeisen, Reisgerichten und wei\u00dfem Fleisch.<\/p>\n<p><i class=\"fa fa-angle-double-right\"><\/i>   <strong>Serviertemperatur:<\/strong> zwischen 4\u00ba &#8211; 6\u00ba servieren.<\/p>\n<\/div>\n","protected":false},"excerpt":{"rendered":"<p class=\"descripcio_vins\" style=\"text-align: justify;\">Ros\u00e9wein 100% Pinot Noir, 6 Monate in franz\u00f6sischen Eichenf\u00e4ssern gereift, die ihm eine leichte Holznote verleihen. Aromen von Blumen und roten Fr\u00fcchten. Er ist frisch, hat eine kr\u00e4ftige S\u00e4ure und ist lang am Gaumen. Er passt gut zu allen Arten von Vorspeisen, Reisgerichten und wei\u00dfem Fleisch.<\/p>\n","protected":false},"featured_media":9296,"comment_status":"open","ping_status":"closed","template":"","meta":[],"product_cat":[82,81],"product_tag":[],"class_list":{"0":"post-7553","1":"product","2":"type-product","3":"status-publish","4":"has-post-thumbnail","6":"product_cat-hohepunkte","7":"product_cat-rosewein","9":"first","10":"instock","11":"featured","12":"taxable","13":"shipping-taxable","14":"purchasable","15":"product-type-simple"},"yoast_head":"<!-- This site is optimized with the Yoast SEO plugin v27.3 - https:\/\/yoast.com\/product\/yoast-seo-wordpress\/ -->\n<title>Gol\u00f3s Rosat 2024 - Vins Miquel Gelabert<\/title>\n<meta name=\"robots\" content=\"index, follow, max-snippet:-1, max-image-preview:large, max-video-preview:-1\" \/>\n<link rel=\"canonical\" href=\"https:\/\/vinsmiquelgelabert.com\/de\/Produkt\/golos-rosat-2022\/\" \/>\n<meta property=\"og:locale\" content=\"de_DE\" \/>\n<meta property=\"og:type\" content=\"article\" \/>\n<meta property=\"og:title\" content=\"Gol\u00f3s Rosat 2024 - Vins Miquel Gelabert\" \/>\n<meta property=\"og:description\" content=\"Ros\u00e9wein 100% Pinot Noir, 6 Monate in franz\u00f6sischen Eichenf\u00e4ssern gereift, die ihm eine leichte Holznote verleihen. Aromen von Blumen und roten Fr\u00fcchten. Er ist frisch, hat eine kr\u00e4ftige S\u00e4ure und ist lang am Gaumen. Er passt gut zu allen Arten von Vorspeisen, Reisgerichten und wei\u00dfem Fleisch.\" \/>\n<meta property=\"og:url\" content=\"https:\/\/vinsmiquelgelabert.com\/de\/Produkt\/golos-rosat-2022\/\" \/>\n<meta property=\"og:site_name\" content=\"Vins Miquel Gelabert\" \/>\n<meta property=\"article:modified_time\" content=\"2026-04-09T12:17:10+00:00\" \/>\n<meta property=\"og:image\" content=\"https:\/\/vins-miquel-gelabert.fra1.digitaloceanspaces.com\/wp-content\/uploads\/2024\/04\/golosrosatweb3-removebg-preview.png\" \/>\n\t<meta property=\"og:image:width\" content=\"313\" \/>\n\t<meta property=\"og:image:height\" content=\"797\" \/>\n\t<meta property=\"og:image:type\" content=\"image\/png\" \/>\n<meta name=\"twitter:card\" content=\"summary_large_image\" \/>\n<meta name=\"twitter:label1\" content=\"Gesch\u00e4tzte Lesezeit\" \/>\n\t<meta name=\"twitter:data1\" content=\"1\u00a0Minute\" \/>\n<script type=\"application\/ld+json\" class=\"yoast-schema-graph\">{\"@context\":\"https:\\\/\\\/schema.org\",\"@graph\":[{\"@type\":\"WebPage\",\"@id\":\"https:\\\/\\\/vinsmiquelgelabert.com\\\/de\\\/Produkt\\\/golos-rosat-2022\\\/\",\"url\":\"https:\\\/\\\/vinsmiquelgelabert.com\\\/de\\\/Produkt\\\/golos-rosat-2022\\\/\",\"name\":\"Gol\u00f3s Rosat 2024 - Vins Miquel Gelabert\",\"isPartOf\":{\"@id\":\"https:\\\/\\\/vinsmiquelgelabert.com\\\/de\\\/#website\"},\"primaryImageOfPage\":{\"@id\":\"https:\\\/\\\/vinsmiquelgelabert.com\\\/de\\\/Produkt\\\/golos-rosat-2022\\\/#primaryimage\"},\"image\":{\"@id\":\"https:\\\/\\\/vinsmiquelgelabert.com\\\/de\\\/Produkt\\\/golos-rosat-2022\\\/#primaryimage\"},\"thumbnailUrl\":\"https:\\\/\\\/vins-miquel-gelabert.fra1.digitaloceanspaces.com\\\/wp-content\\\/uploads\\\/2024\\\/04\\\/golosrosatweb3-removebg-preview.png\",\"datePublished\":\"2024-04-24T07:33:47+00:00\",\"dateModified\":\"2026-04-09T12:17:10+00:00\",\"breadcrumb\":{\"@id\":\"https:\\\/\\\/vinsmiquelgelabert.com\\\/de\\\/Produkt\\\/golos-rosat-2022\\\/#breadcrumb\"},\"inLanguage\":\"de\",\"potentialAction\":[{\"@type\":\"ReadAction\",\"target\":[\"https:\\\/\\\/vinsmiquelgelabert.com\\\/de\\\/Produkt\\\/golos-rosat-2022\\\/\"]}]},{\"@type\":\"ImageObject\",\"inLanguage\":\"de\",\"@id\":\"https:\\\/\\\/vinsmiquelgelabert.com\\\/de\\\/Produkt\\\/golos-rosat-2022\\\/#primaryimage\",\"url\":\"https:\\\/\\\/vins-miquel-gelabert.fra1.digitaloceanspaces.com\\\/wp-content\\\/uploads\\\/2024\\\/04\\\/golosrosatweb3-removebg-preview.png\",\"contentUrl\":\"https:\\\/\\\/vins-miquel-gelabert.fra1.digitaloceanspaces.com\\\/wp-content\\\/uploads\\\/2024\\\/04\\\/golosrosatweb3-removebg-preview.png\",\"width\":313,\"height\":797},{\"@type\":\"BreadcrumbList\",\"@id\":\"https:\\\/\\\/vinsmiquelgelabert.com\\\/de\\\/Produkt\\\/golos-rosat-2022\\\/#breadcrumb\",\"itemListElement\":[{\"@type\":\"ListItem\",\"position\":1,\"name\":\"Portada\",\"item\":\"https:\\\/\\\/vinsmiquelgelabert.com\\\/de\\\/\"},{\"@type\":\"ListItem\",\"position\":2,\"name\":\"Online-Gesch\u00e4ft\",\"item\":\"https:\\\/\\\/vinsmiquelgelabert.com\\\/tienda-on-line\\\/\"},{\"@type\":\"ListItem\",\"position\":3,\"name\":\"Gol\u00f3s Rosat 2024\"}]},{\"@type\":\"WebSite\",\"@id\":\"https:\\\/\\\/vinsmiquelgelabert.com\\\/de\\\/#website\",\"url\":\"https:\\\/\\\/vinsmiquelgelabert.com\\\/de\\\/\",\"name\":\"Vins Miquel Gelabert\",\"description\":\"\",\"publisher\":{\"@id\":\"https:\\\/\\\/vinsmiquelgelabert.com\\\/de\\\/#organization\"},\"potentialAction\":[{\"@type\":\"SearchAction\",\"target\":{\"@type\":\"EntryPoint\",\"urlTemplate\":\"https:\\\/\\\/vinsmiquelgelabert.com\\\/de\\\/?s={search_term_string}\"},\"query-input\":{\"@type\":\"PropertyValueSpecification\",\"valueRequired\":true,\"valueName\":\"search_term_string\"}}],\"inLanguage\":\"de\"},{\"@type\":\"Organization\",\"@id\":\"https:\\\/\\\/vinsmiquelgelabert.com\\\/de\\\/#organization\",\"name\":\"Vins Miquel Gelabert\",\"url\":\"https:\\\/\\\/vinsmiquelgelabert.com\\\/de\\\/\",\"logo\":{\"@type\":\"ImageObject\",\"inLanguage\":\"de\",\"@id\":\"https:\\\/\\\/vinsmiquelgelabert.com\\\/de\\\/#\\\/schema\\\/logo\\\/image\\\/\",\"url\":\"https:\\\/\\\/vins-miquel-gelabert.fra1.digitaloceanspaces.com\\\/wp-content\\\/uploads\\\/2024\\\/04\\\/logo.svg\",\"contentUrl\":\"https:\\\/\\\/vins-miquel-gelabert.fra1.digitaloceanspaces.com\\\/wp-content\\\/uploads\\\/2024\\\/04\\\/logo.svg\",\"width\":437,\"height\":63,\"caption\":\"Vins Miquel Gelabert\"},\"image\":{\"@id\":\"https:\\\/\\\/vinsmiquelgelabert.com\\\/de\\\/#\\\/schema\\\/logo\\\/image\\\/\"}}]}<\/script>\n<!-- \/ Yoast SEO plugin. -->","yoast_head_json":{"title":"Gol\u00f3s Rosat 2024 - Vins Miquel Gelabert","robots":{"index":"index","follow":"follow","max-snippet":"max-snippet:-1","max-image-preview":"max-image-preview:large","max-video-preview":"max-video-preview:-1"},"canonical":"https:\/\/vinsmiquelgelabert.com\/de\/Produkt\/golos-rosat-2022\/","og_locale":"de_DE","og_type":"article","og_title":"Gol\u00f3s Rosat 2024 - Vins Miquel Gelabert","og_description":"Ros\u00e9wein 100% Pinot Noir, 6 Monate in franz\u00f6sischen Eichenf\u00e4ssern gereift, die ihm eine leichte Holznote verleihen. Aromen von Blumen und roten Fr\u00fcchten. Er ist frisch, hat eine kr\u00e4ftige S\u00e4ure und ist lang am Gaumen. Er passt gut zu allen Arten von Vorspeisen, Reisgerichten und wei\u00dfem Fleisch.","og_url":"https:\/\/vinsmiquelgelabert.com\/de\/Produkt\/golos-rosat-2022\/","og_site_name":"Vins Miquel Gelabert","article_modified_time":"2026-04-09T12:17:10+00:00","og_image":[{"width":313,"height":797,"url":"https:\/\/vins-miquel-gelabert.fra1.digitaloceanspaces.com\/wp-content\/uploads\/2024\/04\/golosrosatweb3-removebg-preview.png","type":"image\/png"}],"twitter_card":"summary_large_image","twitter_misc":{"Gesch\u00e4tzte Lesezeit":"1\u00a0Minute"},"schema":{"@context":"https:\/\/schema.org","@graph":[{"@type":"WebPage","@id":"https:\/\/vinsmiquelgelabert.com\/de\/Produkt\/golos-rosat-2022\/","url":"https:\/\/vinsmiquelgelabert.com\/de\/Produkt\/golos-rosat-2022\/","name":"Gol\u00f3s Rosat 2024 - Vins Miquel Gelabert","isPartOf":{"@id":"https:\/\/vinsmiquelgelabert.com\/de\/#website"},"primaryImageOfPage":{"@id":"https:\/\/vinsmiquelgelabert.com\/de\/Produkt\/golos-rosat-2022\/#primaryimage"},"image":{"@id":"https:\/\/vinsmiquelgelabert.com\/de\/Produkt\/golos-rosat-2022\/#primaryimage"},"thumbnailUrl":"https:\/\/vins-miquel-gelabert.fra1.digitaloceanspaces.com\/wp-content\/uploads\/2024\/04\/golosrosatweb3-removebg-preview.png","datePublished":"2024-04-24T07:33:47+00:00","dateModified":"2026-04-09T12:17:10+00:00","breadcrumb":{"@id":"https:\/\/vinsmiquelgelabert.com\/de\/Produkt\/golos-rosat-2022\/#breadcrumb"},"inLanguage":"de","potentialAction":[{"@type":"ReadAction","target":["https:\/\/vinsmiquelgelabert.com\/de\/Produkt\/golos-rosat-2022\/"]}]},{"@type":"ImageObject","inLanguage":"de","@id":"https:\/\/vinsmiquelgelabert.com\/de\/Produkt\/golos-rosat-2022\/#primaryimage","url":"https:\/\/vins-miquel-gelabert.fra1.digitaloceanspaces.com\/wp-content\/uploads\/2024\/04\/golosrosatweb3-removebg-preview.png","contentUrl":"https:\/\/vins-miquel-gelabert.fra1.digitaloceanspaces.com\/wp-content\/uploads\/2024\/04\/golosrosatweb3-removebg-preview.png","width":313,"height":797},{"@type":"BreadcrumbList","@id":"https:\/\/vinsmiquelgelabert.com\/de\/Produkt\/golos-rosat-2022\/#breadcrumb","itemListElement":[{"@type":"ListItem","position":1,"name":"Portada","item":"https:\/\/vinsmiquelgelabert.com\/de\/"},{"@type":"ListItem","position":2,"name":"Online-Gesch\u00e4ft","item":"https:\/\/vinsmiquelgelabert.com\/tienda-on-line\/"},{"@type":"ListItem","position":3,"name":"Gol\u00f3s Rosat 2024"}]},{"@type":"WebSite","@id":"https:\/\/vinsmiquelgelabert.com\/de\/#website","url":"https:\/\/vinsmiquelgelabert.com\/de\/","name":"Vins Miquel Gelabert","description":"","publisher":{"@id":"https:\/\/vinsmiquelgelabert.com\/de\/#organization"},"potentialAction":[{"@type":"SearchAction","target":{"@type":"EntryPoint","urlTemplate":"https:\/\/vinsmiquelgelabert.com\/de\/?s={search_term_string}"},"query-input":{"@type":"PropertyValueSpecification","valueRequired":true,"valueName":"search_term_string"}}],"inLanguage":"de"},{"@type":"Organization","@id":"https:\/\/vinsmiquelgelabert.com\/de\/#organization","name":"Vins Miquel Gelabert","url":"https:\/\/vinsmiquelgelabert.com\/de\/","logo":{"@type":"ImageObject","inLanguage":"de","@id":"https:\/\/vinsmiquelgelabert.com\/de\/#\/schema\/logo\/image\/","url":"https:\/\/vins-miquel-gelabert.fra1.digitaloceanspaces.com\/wp-content\/uploads\/2024\/04\/logo.svg","contentUrl":"https:\/\/vins-miquel-gelabert.fra1.digitaloceanspaces.com\/wp-content\/uploads\/2024\/04\/logo.svg","width":437,"height":63,"caption":"Vins Miquel Gelabert"},"image":{"@id":"https:\/\/vinsmiquelgelabert.com\/de\/#\/schema\/logo\/image\/"}}]}},"jetpack_sharing_enabled":true,"_links":{"self":[{"href":"https:\/\/vinsmiquelgelabert.com\/de\/wp-json\/wp\/v2\/product\/7553","targetHints":{"allow":["GET"]}}],"collection":[{"href":"https:\/\/vinsmiquelgelabert.com\/de\/wp-json\/wp\/v2\/product"}],"about":[{"href":"https:\/\/vinsmiquelgelabert.com\/de\/wp-json\/wp\/v2\/types\/product"}],"replies":[{"embeddable":true,"href":"https:\/\/vinsmiquelgelabert.com\/de\/wp-json\/wp\/v2\/comments?post=7553"}],"wp:featuredmedia":[{"embeddable":true,"href":"https:\/\/vinsmiquelgelabert.com\/de\/wp-json\/wp\/v2\/media\/9296"}],"wp:attachment":[{"href":"https:\/\/vinsmiquelgelabert.com\/de\/wp-json\/wp\/v2\/media?parent=7553"}],"wp:term":[{"taxonomy":"product_cat","embeddable":true,"href":"https:\/\/vinsmiquelgelabert.com\/de\/wp-json\/wp\/v2\/product_cat?post=7553"},{"taxonomy":"product_tag","embeddable":true,"href":"https:\/\/vinsmiquelgelabert.com\/de\/wp-json\/wp\/v2\/product_tag?post=7553"}],"curies":[{"name":"wp","href":"https:\/\/api.w.org\/{rel}","templated":true}]}}