{"id":7554,"date":"2024-04-24T09:33:47","date_gmt":"2024-04-24T07:33:47","guid":{"rendered":"https:\/\/vinsmiquelgelabert.com\/producto\/dolc-de-sa-vall-2022\/"},"modified":"2025-11-12T15:14:21","modified_gmt":"2025-11-12T14:14:21","slug":"dolc-de-sa-vall-2022","status":"publish","type":"product","link":"https:\/\/vinsmiquelgelabert.com\/de\/Produkt\/dolc-de-sa-vall-2022\/","title":{"rendered":"Dol\u00e7 de Sa Vall 2025"},"content":{"rendered":"<div class=\"descripcio_vins\" style=\"text-align: justify;\">\n<p><i class=\"fa fa-angle-double-right\"><\/i>   <strong>Rebsorten: <\/strong> Muskateller aus kleinen Beeren 60%, Muskateller aus Alexandria 40%.<\/p>\n<p><i class=\"fa fa-angle-double-right\"><\/i>   <strong>Anbausystem:<\/strong> Spalier<\/p>\n<p><i class=\"fa fa-angle-double-right\"><\/i>   <strong>Lage des Weinbergs:<\/strong> Gemeindegebiet von Manacor<i class=\"fa fa-angle-double-right\"><\/i><\/p>\n<p><i class=\"fa fa-angle-double-right\"><\/i>   <strong>Weintyp:<\/strong> s\u00fc\u00dfer junger Wei\u00dfwein aus \u00fcberreifen Trauben<\/p>\n<p><i class=\"fa fa-angle-double-right\"><\/i>   <strong>Alkoholgehalt: <\/strong> 12,5 &#8211; 13,5 % vol.<\/p>\n<p><i class=\"fa fa-angle-double-right\"><\/i>   <strong>Restzucker: <\/strong> 68 g\/l<\/p>\n<p><i class=\"fa fa-angle-double-right\"><\/i>   <strong>G\u00e4rung:<\/strong> Edelstahltanks bei kontrollierter Temperatur.<\/p>\n<p><i class=\"fa fa-angle-double-right\"><\/i>   <strong>Alterung: <\/strong> junger Wein ohne Alterung<\/p>\n<p><i class=\"fa fa-angle-double-right\"><\/i>   <strong>Verkostungsnotizen:<\/strong>Strohgelbe Farbe, sauber, sehr dicht im Glas. In der Nase ist er sehr aromatisch, mit blumigen Aromen und Aromen von frischem Obst und vor allem von der Rebsorte, aus der er stammt. Im Mund ist er frisch und gleichzeitig vollmundig, lang im Abgang und gut ausgewogen.<\/p>\n<p><i class=\"fa fa-angle-double-right\"><\/i>   <strong>Empfehlungen:<\/strong> Passt gut zu Vorspeisen, vor allem zu G\u00e4nseleber oder auch allein am Nachmittag.<\/p>\n<p><i class=\"fa fa-angle-double-right\"><\/i>   <strong>Serviertemperatur:<\/strong> zwischen 5\u00ba-7\u00baC servieren.<\/p>\n<\/div>\n","protected":false},"excerpt":{"rendered":"<p class=\"descripcio_vins\" style=\"text-align: justify;\">S\u00fc\u00dfer Wei\u00dfwein aus \u00fcberreifen Muskatellertrauben. Feiner, leichter Wein, mit sehr guter Harmonie zwischen S\u00e4ure und Zucker, ideal zu G\u00e4nseleber und Vorspeisen.<\/p>\n","protected":false},"featured_media":7475,"comment_status":"open","ping_status":"closed","template":"","meta":[],"product_cat":[83],"product_tag":[],"class_list":{"0":"post-7554","1":"product","2":"type-product","3":"status-publish","4":"has-post-thumbnail","6":"product_cat-suswein","8":"first","9":"instock","10":"taxable","11":"shipping-taxable","12":"purchasable","13":"product-type-simple"},"yoast_head":"<!-- This site is optimized with the Yoast SEO plugin v27.3 - https:\/\/yoast.com\/product\/yoast-seo-wordpress\/ -->\n<title>Dol\u00e7 de Sa Vall 2025 - Vins Miquel Gelabert<\/title>\n<meta name=\"robots\" content=\"index, follow, max-snippet:-1, max-image-preview:large, max-video-preview:-1\" \/>\n<link rel=\"canonical\" href=\"https:\/\/vinsmiquelgelabert.com\/de\/Produkt\/dolc-de-sa-vall-2022\/\" \/>\n<meta property=\"og:locale\" content=\"de_DE\" \/>\n<meta property=\"og:type\" content=\"article\" \/>\n<meta property=\"og:title\" content=\"Dol\u00e7 de Sa Vall 2025 - Vins Miquel Gelabert\" \/>\n<meta property=\"og:description\" content=\"S\u00fc\u00dfer Wei\u00dfwein aus \u00fcberreifen Muskatellertrauben. Feiner, leichter Wein, mit sehr guter Harmonie zwischen S\u00e4ure und Zucker, ideal zu G\u00e4nseleber und Vorspeisen.\" \/>\n<meta property=\"og:url\" content=\"https:\/\/vinsmiquelgelabert.com\/de\/Produkt\/dolc-de-sa-vall-2022\/\" \/>\n<meta property=\"og:site_name\" content=\"Vins Miquel Gelabert\" \/>\n<meta property=\"article:modified_time\" content=\"2025-11-12T14:14:21+00:00\" \/>\n<meta property=\"og:image\" content=\"https:\/\/vins-miquel-gelabert.fra1.digitaloceanspaces.com\/wp-content\/uploads\/2024\/04\/miquel-gelabert-1b.png\" \/>\n\t<meta property=\"og:image:width\" content=\"230\" \/>\n\t<meta property=\"og:image:height\" content=\"600\" \/>\n\t<meta property=\"og:image:type\" content=\"image\/png\" \/>\n<meta name=\"twitter:card\" content=\"summary_large_image\" \/>\n<meta name=\"twitter:label1\" content=\"Gesch\u00e4tzte Lesezeit\" \/>\n\t<meta name=\"twitter:data1\" content=\"1\u00a0Minute\" \/>\n<script type=\"application\/ld+json\" class=\"yoast-schema-graph\">{\"@context\":\"https:\\\/\\\/schema.org\",\"@graph\":[{\"@type\":\"WebPage\",\"@id\":\"https:\\\/\\\/vinsmiquelgelabert.com\\\/de\\\/Produkt\\\/dolc-de-sa-vall-2022\\\/\",\"url\":\"https:\\\/\\\/vinsmiquelgelabert.com\\\/de\\\/Produkt\\\/dolc-de-sa-vall-2022\\\/\",\"name\":\"Dol\u00e7 de Sa Vall 2025 - Vins Miquel Gelabert\",\"isPartOf\":{\"@id\":\"https:\\\/\\\/vinsmiquelgelabert.com\\\/de\\\/#website\"},\"primaryImageOfPage\":{\"@id\":\"https:\\\/\\\/vinsmiquelgelabert.com\\\/de\\\/Produkt\\\/dolc-de-sa-vall-2022\\\/#primaryimage\"},\"image\":{\"@id\":\"https:\\\/\\\/vinsmiquelgelabert.com\\\/de\\\/Produkt\\\/dolc-de-sa-vall-2022\\\/#primaryimage\"},\"thumbnailUrl\":\"https:\\\/\\\/vins-miquel-gelabert.fra1.digitaloceanspaces.com\\\/wp-content\\\/uploads\\\/2024\\\/04\\\/miquel-gelabert-1b.png\",\"datePublished\":\"2024-04-24T07:33:47+00:00\",\"dateModified\":\"2025-11-12T14:14:21+00:00\",\"breadcrumb\":{\"@id\":\"https:\\\/\\\/vinsmiquelgelabert.com\\\/de\\\/Produkt\\\/dolc-de-sa-vall-2022\\\/#breadcrumb\"},\"inLanguage\":\"de\",\"potentialAction\":[{\"@type\":\"ReadAction\",\"target\":[\"https:\\\/\\\/vinsmiquelgelabert.com\\\/de\\\/Produkt\\\/dolc-de-sa-vall-2022\\\/\"]}]},{\"@type\":\"ImageObject\",\"inLanguage\":\"de\",\"@id\":\"https:\\\/\\\/vinsmiquelgelabert.com\\\/de\\\/Produkt\\\/dolc-de-sa-vall-2022\\\/#primaryimage\",\"url\":\"https:\\\/\\\/vins-miquel-gelabert.fra1.digitaloceanspaces.com\\\/wp-content\\\/uploads\\\/2024\\\/04\\\/miquel-gelabert-1b.png\",\"contentUrl\":\"https:\\\/\\\/vins-miquel-gelabert.fra1.digitaloceanspaces.com\\\/wp-content\\\/uploads\\\/2024\\\/04\\\/miquel-gelabert-1b.png\",\"width\":230,\"height\":600},{\"@type\":\"BreadcrumbList\",\"@id\":\"https:\\\/\\\/vinsmiquelgelabert.com\\\/de\\\/Produkt\\\/dolc-de-sa-vall-2022\\\/#breadcrumb\",\"itemListElement\":[{\"@type\":\"ListItem\",\"position\":1,\"name\":\"Portada\",\"item\":\"https:\\\/\\\/vinsmiquelgelabert.com\\\/de\\\/\"},{\"@type\":\"ListItem\",\"position\":2,\"name\":\"Online-Gesch\u00e4ft\",\"item\":\"https:\\\/\\\/vinsmiquelgelabert.com\\\/tienda-on-line\\\/\"},{\"@type\":\"ListItem\",\"position\":3,\"name\":\"Dol\u00e7 de Sa Vall 2025\"}]},{\"@type\":\"WebSite\",\"@id\":\"https:\\\/\\\/vinsmiquelgelabert.com\\\/de\\\/#website\",\"url\":\"https:\\\/\\\/vinsmiquelgelabert.com\\\/de\\\/\",\"name\":\"Vins Miquel Gelabert\",\"description\":\"\",\"publisher\":{\"@id\":\"https:\\\/\\\/vinsmiquelgelabert.com\\\/de\\\/#organization\"},\"potentialAction\":[{\"@type\":\"SearchAction\",\"target\":{\"@type\":\"EntryPoint\",\"urlTemplate\":\"https:\\\/\\\/vinsmiquelgelabert.com\\\/de\\\/?s={search_term_string}\"},\"query-input\":{\"@type\":\"PropertyValueSpecification\",\"valueRequired\":true,\"valueName\":\"search_term_string\"}}],\"inLanguage\":\"de\"},{\"@type\":\"Organization\",\"@id\":\"https:\\\/\\\/vinsmiquelgelabert.com\\\/de\\\/#organization\",\"name\":\"Vins Miquel Gelabert\",\"url\":\"https:\\\/\\\/vinsmiquelgelabert.com\\\/de\\\/\",\"logo\":{\"@type\":\"ImageObject\",\"inLanguage\":\"de\",\"@id\":\"https:\\\/\\\/vinsmiquelgelabert.com\\\/de\\\/#\\\/schema\\\/logo\\\/image\\\/\",\"url\":\"https:\\\/\\\/vins-miquel-gelabert.fra1.digitaloceanspaces.com\\\/wp-content\\\/uploads\\\/2024\\\/04\\\/logo.svg\",\"contentUrl\":\"https:\\\/\\\/vins-miquel-gelabert.fra1.digitaloceanspaces.com\\\/wp-content\\\/uploads\\\/2024\\\/04\\\/logo.svg\",\"width\":437,\"height\":63,\"caption\":\"Vins Miquel Gelabert\"},\"image\":{\"@id\":\"https:\\\/\\\/vinsmiquelgelabert.com\\\/de\\\/#\\\/schema\\\/logo\\\/image\\\/\"}}]}<\/script>\n<!-- \/ Yoast SEO plugin. -->","yoast_head_json":{"title":"Dol\u00e7 de Sa Vall 2025 - Vins Miquel Gelabert","robots":{"index":"index","follow":"follow","max-snippet":"max-snippet:-1","max-image-preview":"max-image-preview:large","max-video-preview":"max-video-preview:-1"},"canonical":"https:\/\/vinsmiquelgelabert.com\/de\/Produkt\/dolc-de-sa-vall-2022\/","og_locale":"de_DE","og_type":"article","og_title":"Dol\u00e7 de Sa Vall 2025 - Vins Miquel Gelabert","og_description":"S\u00fc\u00dfer Wei\u00dfwein aus \u00fcberreifen Muskatellertrauben. Feiner, leichter Wein, mit sehr guter Harmonie zwischen S\u00e4ure und Zucker, ideal zu G\u00e4nseleber und Vorspeisen.","og_url":"https:\/\/vinsmiquelgelabert.com\/de\/Produkt\/dolc-de-sa-vall-2022\/","og_site_name":"Vins Miquel Gelabert","article_modified_time":"2025-11-12T14:14:21+00:00","og_image":[{"width":230,"height":600,"url":"https:\/\/vins-miquel-gelabert.fra1.digitaloceanspaces.com\/wp-content\/uploads\/2024\/04\/miquel-gelabert-1b.png","type":"image\/png"}],"twitter_card":"summary_large_image","twitter_misc":{"Gesch\u00e4tzte Lesezeit":"1\u00a0Minute"},"schema":{"@context":"https:\/\/schema.org","@graph":[{"@type":"WebPage","@id":"https:\/\/vinsmiquelgelabert.com\/de\/Produkt\/dolc-de-sa-vall-2022\/","url":"https:\/\/vinsmiquelgelabert.com\/de\/Produkt\/dolc-de-sa-vall-2022\/","name":"Dol\u00e7 de Sa Vall 2025 - Vins Miquel Gelabert","isPartOf":{"@id":"https:\/\/vinsmiquelgelabert.com\/de\/#website"},"primaryImageOfPage":{"@id":"https:\/\/vinsmiquelgelabert.com\/de\/Produkt\/dolc-de-sa-vall-2022\/#primaryimage"},"image":{"@id":"https:\/\/vinsmiquelgelabert.com\/de\/Produkt\/dolc-de-sa-vall-2022\/#primaryimage"},"thumbnailUrl":"https:\/\/vins-miquel-gelabert.fra1.digitaloceanspaces.com\/wp-content\/uploads\/2024\/04\/miquel-gelabert-1b.png","datePublished":"2024-04-24T07:33:47+00:00","dateModified":"2025-11-12T14:14:21+00:00","breadcrumb":{"@id":"https:\/\/vinsmiquelgelabert.com\/de\/Produkt\/dolc-de-sa-vall-2022\/#breadcrumb"},"inLanguage":"de","potentialAction":[{"@type":"ReadAction","target":["https:\/\/vinsmiquelgelabert.com\/de\/Produkt\/dolc-de-sa-vall-2022\/"]}]},{"@type":"ImageObject","inLanguage":"de","@id":"https:\/\/vinsmiquelgelabert.com\/de\/Produkt\/dolc-de-sa-vall-2022\/#primaryimage","url":"https:\/\/vins-miquel-gelabert.fra1.digitaloceanspaces.com\/wp-content\/uploads\/2024\/04\/miquel-gelabert-1b.png","contentUrl":"https:\/\/vins-miquel-gelabert.fra1.digitaloceanspaces.com\/wp-content\/uploads\/2024\/04\/miquel-gelabert-1b.png","width":230,"height":600},{"@type":"BreadcrumbList","@id":"https:\/\/vinsmiquelgelabert.com\/de\/Produkt\/dolc-de-sa-vall-2022\/#breadcrumb","itemListElement":[{"@type":"ListItem","position":1,"name":"Portada","item":"https:\/\/vinsmiquelgelabert.com\/de\/"},{"@type":"ListItem","position":2,"name":"Online-Gesch\u00e4ft","item":"https:\/\/vinsmiquelgelabert.com\/tienda-on-line\/"},{"@type":"ListItem","position":3,"name":"Dol\u00e7 de Sa Vall 2025"}]},{"@type":"WebSite","@id":"https:\/\/vinsmiquelgelabert.com\/de\/#website","url":"https:\/\/vinsmiquelgelabert.com\/de\/","name":"Vins Miquel Gelabert","description":"","publisher":{"@id":"https:\/\/vinsmiquelgelabert.com\/de\/#organization"},"potentialAction":[{"@type":"SearchAction","target":{"@type":"EntryPoint","urlTemplate":"https:\/\/vinsmiquelgelabert.com\/de\/?s={search_term_string}"},"query-input":{"@type":"PropertyValueSpecification","valueRequired":true,"valueName":"search_term_string"}}],"inLanguage":"de"},{"@type":"Organization","@id":"https:\/\/vinsmiquelgelabert.com\/de\/#organization","name":"Vins Miquel Gelabert","url":"https:\/\/vinsmiquelgelabert.com\/de\/","logo":{"@type":"ImageObject","inLanguage":"de","@id":"https:\/\/vinsmiquelgelabert.com\/de\/#\/schema\/logo\/image\/","url":"https:\/\/vins-miquel-gelabert.fra1.digitaloceanspaces.com\/wp-content\/uploads\/2024\/04\/logo.svg","contentUrl":"https:\/\/vins-miquel-gelabert.fra1.digitaloceanspaces.com\/wp-content\/uploads\/2024\/04\/logo.svg","width":437,"height":63,"caption":"Vins Miquel Gelabert"},"image":{"@id":"https:\/\/vinsmiquelgelabert.com\/de\/#\/schema\/logo\/image\/"}}]}},"jetpack_sharing_enabled":true,"_links":{"self":[{"href":"https:\/\/vinsmiquelgelabert.com\/de\/wp-json\/wp\/v2\/product\/7554","targetHints":{"allow":["GET"]}}],"collection":[{"href":"https:\/\/vinsmiquelgelabert.com\/de\/wp-json\/wp\/v2\/product"}],"about":[{"href":"https:\/\/vinsmiquelgelabert.com\/de\/wp-json\/wp\/v2\/types\/product"}],"replies":[{"embeddable":true,"href":"https:\/\/vinsmiquelgelabert.com\/de\/wp-json\/wp\/v2\/comments?post=7554"}],"wp:featuredmedia":[{"embeddable":true,"href":"https:\/\/vinsmiquelgelabert.com\/de\/wp-json\/wp\/v2\/media\/7475"}],"wp:attachment":[{"href":"https:\/\/vinsmiquelgelabert.com\/de\/wp-json\/wp\/v2\/media?parent=7554"}],"wp:term":[{"taxonomy":"product_cat","embeddable":true,"href":"https:\/\/vinsmiquelgelabert.com\/de\/wp-json\/wp\/v2\/product_cat?post=7554"},{"taxonomy":"product_tag","embeddable":true,"href":"https:\/\/vinsmiquelgelabert.com\/de\/wp-json\/wp\/v2\/product_tag?post=7554"}],"curies":[{"name":"wp","href":"https:\/\/api.w.org\/{rel}","templated":true}]}}