{"id":7563,"date":"2024-04-24T09:33:46","date_gmt":"2024-04-24T07:33:46","guid":{"rendered":"https:\/\/vinsmiquelgelabert.com\/producto\/vinya-des-more-2019\/"},"modified":"2025-09-16T10:24:28","modified_gmt":"2025-09-16T08:24:28","slug":"vinya-des-more-2019","status":"publish","type":"product","link":"https:\/\/vinsmiquelgelabert.com\/de\/Produkt\/vinya-des-more-2019\/","title":{"rendered":"Vinya des Mor\u00e9 2022"},"content":{"rendered":"<div class=\"descripcio_vins\" style=\"text-align: justify;\">\n<p><i class=\"fa fa-angle-double-right\"><\/i>   <strong>Rebsorten:<\/strong>100% Pinot Noir<\/p>\n<p><i class=\"fa fa-angle-double-right\"><\/i>   <strong>Anbausystem:<\/strong> Spalier<\/p>\n<p><i class=\"fa fa-angle-double-right\"><\/i>   <strong>Lage des Weinbergs: <\/strong> Gemeinde Manacor<\/p>\n<p><i class=\"fa fa-angle-double-right\"><\/i>   <strong>Ursprungsbezeichnung:<\/strong> D.O.P. Pla i Llevant- Mallorca<\/p>\n<p><i class=\"fa fa-angle-double-right\"><\/i>   <strong>Weintyp: <\/strong> Roter Crianza<\/p>\n<p><i class=\"fa fa-angle-double-right\"><\/i>   <strong>Alkoholgehalt: <\/strong> 13,5 % vol.<\/p>\n<p><i class=\"fa fa-angle-double-right\"><\/i>   <strong>G\u00e4rung: <\/strong> alkoholische G\u00e4rung in Edelstahltanks bei kontrollierter Temperatur und malolaktische G\u00e4rung in Barriques.<\/p>\n<p><i class=\"fa fa-angle-double-right\"><\/i>   <strong>Reifung: <\/strong> 12 Monate in franz\u00f6sischen Eichenf\u00e4ssern und dann in der Flasche.<\/p>\n<p><i class=\"fa fa-angle-double-right\"><\/i>   <strong>Verkostungsnotiz: <\/strong> Intensive rote Farbe mit rubinroten Reflexen, gut bedeckt, sauber und leuchtend. Die Aromen von reifen Fr\u00fcchten (Pflaumen, Brombeeren usw.) stechen hervor. Dazu gesellen sich die R\u00f6stnoten des guten Holzes aus seiner Reifung. Im Mund ist er rund, ausgewogen, mit einem ausgezeichneten Ger\u00fcst, fleischig und mit reichlich Tanninen, die eine lange Lebensdauer gew\u00e4hrleisten.<\/p>\n<p><i class=\"fa fa-angle-double-right\"><\/i>   <strong>Empfehlungen: <\/strong> Er ist ein idealer Begleiter zu rotem Fleisch, Wildgerichten und kr\u00e4ftigem und gereiftem K\u00e4se.<\/p>\n<p><i class=\"fa fa-angle-double-right\"><\/i>   <strong>Serviertemperatur: <\/strong> zwischen 18\u00ba und 19\u00baC servieren.<\/p>\n<\/div>\n","protected":false},"excerpt":{"rendered":"<p class=\"descripcio_vins\" style=\"text-align: justify;\">Rebsortenreiner Pinot Noir Rotwein, der 12 Monate lang in franz\u00f6sischen Eichenf\u00e4ssern und anschlie\u00dfend in der Flasche gereift ist. Ein edler Wein, wie die Traube, aus der er stammt, und der im Laufe der Zeit seine kr\u00e4ftigen Tannine mildert und an Harmonie und <em>Bouquet <\/em> gewinnt.<\/p>\n","protected":false},"featured_media":7503,"comment_status":"open","ping_status":"closed","template":"","meta":[],"product_cat":[85],"product_tag":[],"class_list":{"0":"post-7563","1":"product","2":"type-product","3":"status-publish","4":"has-post-thumbnail","6":"product_cat-rotwein","8":"first","9":"instock","10":"taxable","11":"shipping-taxable","12":"purchasable","13":"product-type-simple"},"yoast_head":"<!-- This site is optimized with the Yoast SEO plugin v27.3 - https:\/\/yoast.com\/product\/yoast-seo-wordpress\/ -->\n<title>Vinya des Mor\u00e9 2022 - Vins Miquel Gelabert<\/title>\n<meta name=\"robots\" content=\"index, follow, max-snippet:-1, max-image-preview:large, max-video-preview:-1\" \/>\n<link rel=\"canonical\" href=\"https:\/\/vinsmiquelgelabert.com\/de\/Produkt\/vinya-des-more-2019\/\" \/>\n<meta property=\"og:locale\" content=\"de_DE\" \/>\n<meta property=\"og:type\" content=\"article\" \/>\n<meta property=\"og:title\" content=\"Vinya des Mor\u00e9 2022 - Vins Miquel Gelabert\" \/>\n<meta property=\"og:description\" content=\"Rebsortenreiner Pinot Noir Rotwein, der 12 Monate lang in franz\u00f6sischen Eichenf\u00e4ssern und anschlie\u00dfend in der Flasche gereift ist. Ein edler Wein, wie die Traube, aus der er stammt, und der im Laufe der Zeit seine kr\u00e4ftigen Tannine mildert und an Harmonie und Bouquet gewinnt.\" \/>\n<meta property=\"og:url\" content=\"https:\/\/vinsmiquelgelabert.com\/de\/Produkt\/vinya-des-more-2019\/\" \/>\n<meta property=\"og:site_name\" content=\"Vins Miquel Gelabert\" \/>\n<meta property=\"article:modified_time\" content=\"2025-09-16T08:24:28+00:00\" \/>\n<meta property=\"og:image\" content=\"https:\/\/vins-miquel-gelabert.fra1.digitaloceanspaces.com\/wp-content\/uploads\/2024\/04\/Vinya-des-More.png\" \/>\n\t<meta property=\"og:image:width\" content=\"230\" \/>\n\t<meta property=\"og:image:height\" content=\"600\" \/>\n\t<meta property=\"og:image:type\" content=\"image\/png\" \/>\n<meta name=\"twitter:card\" content=\"summary_large_image\" \/>\n<meta name=\"twitter:label1\" content=\"Gesch\u00e4tzte Lesezeit\" \/>\n\t<meta name=\"twitter:data1\" content=\"1\u00a0Minute\" \/>\n<script type=\"application\/ld+json\" class=\"yoast-schema-graph\">{\"@context\":\"https:\\\/\\\/schema.org\",\"@graph\":[{\"@type\":\"WebPage\",\"@id\":\"https:\\\/\\\/vinsmiquelgelabert.com\\\/de\\\/Produkt\\\/vinya-des-more-2019\\\/\",\"url\":\"https:\\\/\\\/vinsmiquelgelabert.com\\\/de\\\/Produkt\\\/vinya-des-more-2019\\\/\",\"name\":\"Vinya des Mor\u00e9 2022 - Vins Miquel Gelabert\",\"isPartOf\":{\"@id\":\"https:\\\/\\\/vinsmiquelgelabert.com\\\/de\\\/#website\"},\"primaryImageOfPage\":{\"@id\":\"https:\\\/\\\/vinsmiquelgelabert.com\\\/de\\\/Produkt\\\/vinya-des-more-2019\\\/#primaryimage\"},\"image\":{\"@id\":\"https:\\\/\\\/vinsmiquelgelabert.com\\\/de\\\/Produkt\\\/vinya-des-more-2019\\\/#primaryimage\"},\"thumbnailUrl\":\"https:\\\/\\\/vins-miquel-gelabert.fra1.digitaloceanspaces.com\\\/wp-content\\\/uploads\\\/2024\\\/04\\\/Vinya-des-More.png\",\"datePublished\":\"2024-04-24T07:33:46+00:00\",\"dateModified\":\"2025-09-16T08:24:28+00:00\",\"breadcrumb\":{\"@id\":\"https:\\\/\\\/vinsmiquelgelabert.com\\\/de\\\/Produkt\\\/vinya-des-more-2019\\\/#breadcrumb\"},\"inLanguage\":\"de\",\"potentialAction\":[{\"@type\":\"ReadAction\",\"target\":[\"https:\\\/\\\/vinsmiquelgelabert.com\\\/de\\\/Produkt\\\/vinya-des-more-2019\\\/\"]}]},{\"@type\":\"ImageObject\",\"inLanguage\":\"de\",\"@id\":\"https:\\\/\\\/vinsmiquelgelabert.com\\\/de\\\/Produkt\\\/vinya-des-more-2019\\\/#primaryimage\",\"url\":\"https:\\\/\\\/vins-miquel-gelabert.fra1.digitaloceanspaces.com\\\/wp-content\\\/uploads\\\/2024\\\/04\\\/Vinya-des-More.png\",\"contentUrl\":\"https:\\\/\\\/vins-miquel-gelabert.fra1.digitaloceanspaces.com\\\/wp-content\\\/uploads\\\/2024\\\/04\\\/Vinya-des-More.png\",\"width\":230,\"height\":600},{\"@type\":\"BreadcrumbList\",\"@id\":\"https:\\\/\\\/vinsmiquelgelabert.com\\\/de\\\/Produkt\\\/vinya-des-more-2019\\\/#breadcrumb\",\"itemListElement\":[{\"@type\":\"ListItem\",\"position\":1,\"name\":\"Portada\",\"item\":\"https:\\\/\\\/vinsmiquelgelabert.com\\\/de\\\/\"},{\"@type\":\"ListItem\",\"position\":2,\"name\":\"Online-Gesch\u00e4ft\",\"item\":\"https:\\\/\\\/vinsmiquelgelabert.com\\\/tienda-on-line\\\/\"},{\"@type\":\"ListItem\",\"position\":3,\"name\":\"Vinya des Mor\u00e9 2022\"}]},{\"@type\":\"WebSite\",\"@id\":\"https:\\\/\\\/vinsmiquelgelabert.com\\\/de\\\/#website\",\"url\":\"https:\\\/\\\/vinsmiquelgelabert.com\\\/de\\\/\",\"name\":\"Vins Miquel Gelabert\",\"description\":\"\",\"publisher\":{\"@id\":\"https:\\\/\\\/vinsmiquelgelabert.com\\\/de\\\/#organization\"},\"potentialAction\":[{\"@type\":\"SearchAction\",\"target\":{\"@type\":\"EntryPoint\",\"urlTemplate\":\"https:\\\/\\\/vinsmiquelgelabert.com\\\/de\\\/?s={search_term_string}\"},\"query-input\":{\"@type\":\"PropertyValueSpecification\",\"valueRequired\":true,\"valueName\":\"search_term_string\"}}],\"inLanguage\":\"de\"},{\"@type\":\"Organization\",\"@id\":\"https:\\\/\\\/vinsmiquelgelabert.com\\\/de\\\/#organization\",\"name\":\"Vins Miquel Gelabert\",\"url\":\"https:\\\/\\\/vinsmiquelgelabert.com\\\/de\\\/\",\"logo\":{\"@type\":\"ImageObject\",\"inLanguage\":\"de\",\"@id\":\"https:\\\/\\\/vinsmiquelgelabert.com\\\/de\\\/#\\\/schema\\\/logo\\\/image\\\/\",\"url\":\"https:\\\/\\\/vins-miquel-gelabert.fra1.digitaloceanspaces.com\\\/wp-content\\\/uploads\\\/2024\\\/04\\\/logo.svg\",\"contentUrl\":\"https:\\\/\\\/vins-miquel-gelabert.fra1.digitaloceanspaces.com\\\/wp-content\\\/uploads\\\/2024\\\/04\\\/logo.svg\",\"width\":437,\"height\":63,\"caption\":\"Vins Miquel Gelabert\"},\"image\":{\"@id\":\"https:\\\/\\\/vinsmiquelgelabert.com\\\/de\\\/#\\\/schema\\\/logo\\\/image\\\/\"}}]}<\/script>\n<!-- \/ Yoast SEO plugin. -->","yoast_head_json":{"title":"Vinya des Mor\u00e9 2022 - Vins Miquel Gelabert","robots":{"index":"index","follow":"follow","max-snippet":"max-snippet:-1","max-image-preview":"max-image-preview:large","max-video-preview":"max-video-preview:-1"},"canonical":"https:\/\/vinsmiquelgelabert.com\/de\/Produkt\/vinya-des-more-2019\/","og_locale":"de_DE","og_type":"article","og_title":"Vinya des Mor\u00e9 2022 - Vins Miquel Gelabert","og_description":"Rebsortenreiner Pinot Noir Rotwein, der 12 Monate lang in franz\u00f6sischen Eichenf\u00e4ssern und anschlie\u00dfend in der Flasche gereift ist. Ein edler Wein, wie die Traube, aus der er stammt, und der im Laufe der Zeit seine kr\u00e4ftigen Tannine mildert und an Harmonie und Bouquet gewinnt.","og_url":"https:\/\/vinsmiquelgelabert.com\/de\/Produkt\/vinya-des-more-2019\/","og_site_name":"Vins Miquel Gelabert","article_modified_time":"2025-09-16T08:24:28+00:00","og_image":[{"width":230,"height":600,"url":"https:\/\/vins-miquel-gelabert.fra1.digitaloceanspaces.com\/wp-content\/uploads\/2024\/04\/Vinya-des-More.png","type":"image\/png"}],"twitter_card":"summary_large_image","twitter_misc":{"Gesch\u00e4tzte Lesezeit":"1\u00a0Minute"},"schema":{"@context":"https:\/\/schema.org","@graph":[{"@type":"WebPage","@id":"https:\/\/vinsmiquelgelabert.com\/de\/Produkt\/vinya-des-more-2019\/","url":"https:\/\/vinsmiquelgelabert.com\/de\/Produkt\/vinya-des-more-2019\/","name":"Vinya des Mor\u00e9 2022 - Vins Miquel Gelabert","isPartOf":{"@id":"https:\/\/vinsmiquelgelabert.com\/de\/#website"},"primaryImageOfPage":{"@id":"https:\/\/vinsmiquelgelabert.com\/de\/Produkt\/vinya-des-more-2019\/#primaryimage"},"image":{"@id":"https:\/\/vinsmiquelgelabert.com\/de\/Produkt\/vinya-des-more-2019\/#primaryimage"},"thumbnailUrl":"https:\/\/vins-miquel-gelabert.fra1.digitaloceanspaces.com\/wp-content\/uploads\/2024\/04\/Vinya-des-More.png","datePublished":"2024-04-24T07:33:46+00:00","dateModified":"2025-09-16T08:24:28+00:00","breadcrumb":{"@id":"https:\/\/vinsmiquelgelabert.com\/de\/Produkt\/vinya-des-more-2019\/#breadcrumb"},"inLanguage":"de","potentialAction":[{"@type":"ReadAction","target":["https:\/\/vinsmiquelgelabert.com\/de\/Produkt\/vinya-des-more-2019\/"]}]},{"@type":"ImageObject","inLanguage":"de","@id":"https:\/\/vinsmiquelgelabert.com\/de\/Produkt\/vinya-des-more-2019\/#primaryimage","url":"https:\/\/vins-miquel-gelabert.fra1.digitaloceanspaces.com\/wp-content\/uploads\/2024\/04\/Vinya-des-More.png","contentUrl":"https:\/\/vins-miquel-gelabert.fra1.digitaloceanspaces.com\/wp-content\/uploads\/2024\/04\/Vinya-des-More.png","width":230,"height":600},{"@type":"BreadcrumbList","@id":"https:\/\/vinsmiquelgelabert.com\/de\/Produkt\/vinya-des-more-2019\/#breadcrumb","itemListElement":[{"@type":"ListItem","position":1,"name":"Portada","item":"https:\/\/vinsmiquelgelabert.com\/de\/"},{"@type":"ListItem","position":2,"name":"Online-Gesch\u00e4ft","item":"https:\/\/vinsmiquelgelabert.com\/tienda-on-line\/"},{"@type":"ListItem","position":3,"name":"Vinya des Mor\u00e9 2022"}]},{"@type":"WebSite","@id":"https:\/\/vinsmiquelgelabert.com\/de\/#website","url":"https:\/\/vinsmiquelgelabert.com\/de\/","name":"Vins Miquel Gelabert","description":"","publisher":{"@id":"https:\/\/vinsmiquelgelabert.com\/de\/#organization"},"potentialAction":[{"@type":"SearchAction","target":{"@type":"EntryPoint","urlTemplate":"https:\/\/vinsmiquelgelabert.com\/de\/?s={search_term_string}"},"query-input":{"@type":"PropertyValueSpecification","valueRequired":true,"valueName":"search_term_string"}}],"inLanguage":"de"},{"@type":"Organization","@id":"https:\/\/vinsmiquelgelabert.com\/de\/#organization","name":"Vins Miquel Gelabert","url":"https:\/\/vinsmiquelgelabert.com\/de\/","logo":{"@type":"ImageObject","inLanguage":"de","@id":"https:\/\/vinsmiquelgelabert.com\/de\/#\/schema\/logo\/image\/","url":"https:\/\/vins-miquel-gelabert.fra1.digitaloceanspaces.com\/wp-content\/uploads\/2024\/04\/logo.svg","contentUrl":"https:\/\/vins-miquel-gelabert.fra1.digitaloceanspaces.com\/wp-content\/uploads\/2024\/04\/logo.svg","width":437,"height":63,"caption":"Vins Miquel Gelabert"},"image":{"@id":"https:\/\/vinsmiquelgelabert.com\/de\/#\/schema\/logo\/image\/"}}]}},"jetpack_sharing_enabled":true,"_links":{"self":[{"href":"https:\/\/vinsmiquelgelabert.com\/de\/wp-json\/wp\/v2\/product\/7563","targetHints":{"allow":["GET"]}}],"collection":[{"href":"https:\/\/vinsmiquelgelabert.com\/de\/wp-json\/wp\/v2\/product"}],"about":[{"href":"https:\/\/vinsmiquelgelabert.com\/de\/wp-json\/wp\/v2\/types\/product"}],"replies":[{"embeddable":true,"href":"https:\/\/vinsmiquelgelabert.com\/de\/wp-json\/wp\/v2\/comments?post=7563"}],"wp:featuredmedia":[{"embeddable":true,"href":"https:\/\/vinsmiquelgelabert.com\/de\/wp-json\/wp\/v2\/media\/7503"}],"wp:attachment":[{"href":"https:\/\/vinsmiquelgelabert.com\/de\/wp-json\/wp\/v2\/media?parent=7563"}],"wp:term":[{"taxonomy":"product_cat","embeddable":true,"href":"https:\/\/vinsmiquelgelabert.com\/de\/wp-json\/wp\/v2\/product_cat?post=7563"},{"taxonomy":"product_tag","embeddable":true,"href":"https:\/\/vinsmiquelgelabert.com\/de\/wp-json\/wp\/v2\/product_tag?post=7563"}],"curies":[{"name":"wp","href":"https:\/\/api.w.org\/{rel}","templated":true}]}}