{"id":7566,"date":"2024-04-24T09:33:46","date_gmt":"2024-04-24T07:33:46","guid":{"rendered":"https:\/\/vinsmiquelgelabert.com\/producto\/chardonnay-roure-seleccio-especial-2020\/"},"modified":"2025-12-01T10:22:45","modified_gmt":"2025-12-01T09:22:45","slug":"chardonnay-roure-seleccio-especial-2021","status":"publish","type":"product","link":"https:\/\/vinsmiquelgelabert.com\/de\/Produkt\/chardonnay-roure-seleccio-especial-2021\/","title":{"rendered":"Chardonnay Roure Selecci\u00f3 Especial 2023"},"content":{"rendered":"<div class=\"descripcio_vins\" style=\"text-align: justify;\">\n<p><i class=\"fa fa-angle-double-right\"><\/i>   <strong>Rebsorten:<\/strong>100% Chardonnay<\/p>\n<p><i class=\"fa fa-angle-double-right\"><\/i>   <strong>Anbausystem:<\/strong> Spalier<\/p>\n<p><i class=\"fa fa-angle-double-right\"><\/i>   <strong>Lage des Weinbergs:<\/strong> Gemeindegebiet von Manacor<\/p>\n<p><i class=\"fa fa-angle-double-right\"><\/i>   <strong>Ursprungsbezeichnung: <\/strong> D.O.P. Pla i Llevant-Mallorca<\/p>\n<p><i class=\"fa fa-angle-double-right\"><\/i>   <strong>Weintyp: <\/strong> Crianza-Wei\u00dfwein<\/p>\n<p><i class=\"fa fa-angle-double-right\"><\/i>   <strong>Alkoholgehalt: <\/strong> 14 &#8211; 14,5 % vol.<\/p>\n<p><i class=\"fa fa-angle-double-right\"><\/i>   <strong>G\u00e4rung:<\/strong> alkoholische und malolaktische G\u00e4rung in franz\u00f6sischen Eichenf\u00e4ssern.<\/p>\n<p><i class=\"fa fa-angle-double-right\"><\/i>   <strong>Reifung: <\/strong> 10 Monate auf der Hefe in franz\u00f6sischen Eichenf\u00e4ssern und mindestens 12 Monate in der Flasche.<\/p>\n<p><i class=\"fa fa-angle-double-right\"><\/i>  <strong>Degustationsnotiz: <\/strong>Blassgelbe Farbe mit goldenen Reflexen. Komplex und elegant in der Nase, wo er seine erfolgreiche Reifung in Noten von Rauch und Gew\u00fcrzen zeigt, die sich subtil mit Empfindungen von Honig und Zitrusfr\u00fcchten verbinden. Am Gaumen voll und gut strukturiert, mit einem kr\u00e4ftigen und frischen Abgang (Minze), zeichnet sich die perfekte Kombination von Kraft, Feinheit, Geschmeidigkeit und Nervigkeit aus. Seine Pers\u00f6nlichkeit wird durch einen eleganten und angenehm aromatischen Abgang unterstrichen.<\/p>\n<p><i class=\"fa fa-angle-double-right\"><\/i>  <strong>Empfehlungen:<\/strong> Passt gut zu Fisch in Sauce, Eint\u00f6pfen, gebackenem Fisch und wei\u00dfem Fleisch.<\/p>\n<p><i class=\"fa fa-angle-double-right\"><\/i>   <strong>Serviertemperatur: <\/strong> zwischen 8\u00ba-10\u00baC servieren.<\/p>\n<\/div>\n","protected":false},"excerpt":{"rendered":"<p class=\"descripcio_vins\" style=\"text-align: justify;\">Er unterscheidet sich von den anderen Chardonnay-Weinen dadurch, dass die Trauben sorgf\u00e4ltiger ausgew\u00e4hlt werden, die F\u00e4sser ebenfalls speziell und von h\u00f6chster Qualit\u00e4t sind und der Reifungsprozess 10 Monate dauert. Es handelt sich um einen reiferen Wein, der sich f\u00fcr eine lange Reifung eignet und in den n\u00e4chsten 4 bis 5 Jahren getrunken werden kann.<\/p>\n","protected":false},"featured_media":7515,"comment_status":"open","ping_status":"closed","template":"","meta":[],"product_cat":[84],"product_tag":[],"class_list":{"0":"post-7566","1":"product","2":"type-product","3":"status-publish","4":"has-post-thumbnail","6":"product_cat-weiswein","8":"first","9":"instock","10":"taxable","11":"shipping-taxable","12":"purchasable","13":"product-type-simple"},"yoast_head":"<!-- This site is optimized with the Yoast SEO plugin v27.3 - https:\/\/yoast.com\/product\/yoast-seo-wordpress\/ -->\n<title>Chardonnay Roure Selecci\u00f3 Especial 2023 - Vins Miquel Gelabert<\/title>\n<meta name=\"robots\" content=\"index, follow, max-snippet:-1, max-image-preview:large, max-video-preview:-1\" \/>\n<link rel=\"canonical\" href=\"https:\/\/vinsmiquelgelabert.com\/de\/Produkt\/chardonnay-roure-seleccio-especial-2021\/\" \/>\n<meta property=\"og:locale\" content=\"de_DE\" \/>\n<meta property=\"og:type\" content=\"article\" \/>\n<meta property=\"og:title\" content=\"Chardonnay Roure Selecci\u00f3 Especial 2023 - Vins Miquel Gelabert\" \/>\n<meta property=\"og:description\" content=\"Er unterscheidet sich von den anderen Chardonnay-Weinen dadurch, dass die Trauben sorgf\u00e4ltiger ausgew\u00e4hlt werden, die F\u00e4sser ebenfalls speziell und von h\u00f6chster Qualit\u00e4t sind und der Reifungsprozess 10 Monate dauert. Es handelt sich um einen reiferen Wein, der sich f\u00fcr eine lange Reifung eignet und in den n\u00e4chsten 4 bis 5 Jahren getrunken werden kann.\" \/>\n<meta property=\"og:url\" content=\"https:\/\/vinsmiquelgelabert.com\/de\/Produkt\/chardonnay-roure-seleccio-especial-2021\/\" \/>\n<meta property=\"og:site_name\" content=\"Vins Miquel Gelabert\" \/>\n<meta property=\"article:modified_time\" content=\"2025-12-01T09:22:45+00:00\" \/>\n<meta property=\"og:image\" content=\"https:\/\/vins-miquel-gelabert.fra1.digitaloceanspaces.com\/wp-content\/uploads\/2024\/04\/CHARDONAY-ROURE-ESPECIAL-II.png\" \/>\n\t<meta property=\"og:image:width\" content=\"230\" \/>\n\t<meta property=\"og:image:height\" content=\"600\" \/>\n\t<meta property=\"og:image:type\" content=\"image\/png\" \/>\n<meta name=\"twitter:card\" content=\"summary_large_image\" \/>\n<meta name=\"twitter:label1\" content=\"Gesch\u00e4tzte Lesezeit\" \/>\n\t<meta name=\"twitter:data1\" content=\"1\u00a0Minute\" \/>\n<script type=\"application\/ld+json\" class=\"yoast-schema-graph\">{\"@context\":\"https:\\\/\\\/schema.org\",\"@graph\":[{\"@type\":\"WebPage\",\"@id\":\"https:\\\/\\\/vinsmiquelgelabert.com\\\/de\\\/Produkt\\\/chardonnay-roure-seleccio-especial-2021\\\/\",\"url\":\"https:\\\/\\\/vinsmiquelgelabert.com\\\/de\\\/Produkt\\\/chardonnay-roure-seleccio-especial-2021\\\/\",\"name\":\"Chardonnay Roure Selecci\u00f3 Especial 2023 - Vins Miquel Gelabert\",\"isPartOf\":{\"@id\":\"https:\\\/\\\/vinsmiquelgelabert.com\\\/de\\\/#website\"},\"primaryImageOfPage\":{\"@id\":\"https:\\\/\\\/vinsmiquelgelabert.com\\\/de\\\/Produkt\\\/chardonnay-roure-seleccio-especial-2021\\\/#primaryimage\"},\"image\":{\"@id\":\"https:\\\/\\\/vinsmiquelgelabert.com\\\/de\\\/Produkt\\\/chardonnay-roure-seleccio-especial-2021\\\/#primaryimage\"},\"thumbnailUrl\":\"https:\\\/\\\/vins-miquel-gelabert.fra1.digitaloceanspaces.com\\\/wp-content\\\/uploads\\\/2024\\\/04\\\/CHARDONAY-ROURE-ESPECIAL-II.png\",\"datePublished\":\"2024-04-24T07:33:46+00:00\",\"dateModified\":\"2025-12-01T09:22:45+00:00\",\"breadcrumb\":{\"@id\":\"https:\\\/\\\/vinsmiquelgelabert.com\\\/de\\\/Produkt\\\/chardonnay-roure-seleccio-especial-2021\\\/#breadcrumb\"},\"inLanguage\":\"de\",\"potentialAction\":[{\"@type\":\"ReadAction\",\"target\":[\"https:\\\/\\\/vinsmiquelgelabert.com\\\/de\\\/Produkt\\\/chardonnay-roure-seleccio-especial-2021\\\/\"]}]},{\"@type\":\"ImageObject\",\"inLanguage\":\"de\",\"@id\":\"https:\\\/\\\/vinsmiquelgelabert.com\\\/de\\\/Produkt\\\/chardonnay-roure-seleccio-especial-2021\\\/#primaryimage\",\"url\":\"https:\\\/\\\/vins-miquel-gelabert.fra1.digitaloceanspaces.com\\\/wp-content\\\/uploads\\\/2024\\\/04\\\/CHARDONAY-ROURE-ESPECIAL-II.png\",\"contentUrl\":\"https:\\\/\\\/vins-miquel-gelabert.fra1.digitaloceanspaces.com\\\/wp-content\\\/uploads\\\/2024\\\/04\\\/CHARDONAY-ROURE-ESPECIAL-II.png\",\"width\":230,\"height\":600},{\"@type\":\"BreadcrumbList\",\"@id\":\"https:\\\/\\\/vinsmiquelgelabert.com\\\/de\\\/Produkt\\\/chardonnay-roure-seleccio-especial-2021\\\/#breadcrumb\",\"itemListElement\":[{\"@type\":\"ListItem\",\"position\":1,\"name\":\"Portada\",\"item\":\"https:\\\/\\\/vinsmiquelgelabert.com\\\/de\\\/\"},{\"@type\":\"ListItem\",\"position\":2,\"name\":\"Online-Gesch\u00e4ft\",\"item\":\"https:\\\/\\\/vinsmiquelgelabert.com\\\/tienda-on-line\\\/\"},{\"@type\":\"ListItem\",\"position\":3,\"name\":\"Chardonnay Roure Selecci\u00f3 Especial 2023\"}]},{\"@type\":\"WebSite\",\"@id\":\"https:\\\/\\\/vinsmiquelgelabert.com\\\/de\\\/#website\",\"url\":\"https:\\\/\\\/vinsmiquelgelabert.com\\\/de\\\/\",\"name\":\"Vins Miquel Gelabert\",\"description\":\"\",\"publisher\":{\"@id\":\"https:\\\/\\\/vinsmiquelgelabert.com\\\/de\\\/#organization\"},\"potentialAction\":[{\"@type\":\"SearchAction\",\"target\":{\"@type\":\"EntryPoint\",\"urlTemplate\":\"https:\\\/\\\/vinsmiquelgelabert.com\\\/de\\\/?s={search_term_string}\"},\"query-input\":{\"@type\":\"PropertyValueSpecification\",\"valueRequired\":true,\"valueName\":\"search_term_string\"}}],\"inLanguage\":\"de\"},{\"@type\":\"Organization\",\"@id\":\"https:\\\/\\\/vinsmiquelgelabert.com\\\/de\\\/#organization\",\"name\":\"Vins Miquel Gelabert\",\"url\":\"https:\\\/\\\/vinsmiquelgelabert.com\\\/de\\\/\",\"logo\":{\"@type\":\"ImageObject\",\"inLanguage\":\"de\",\"@id\":\"https:\\\/\\\/vinsmiquelgelabert.com\\\/de\\\/#\\\/schema\\\/logo\\\/image\\\/\",\"url\":\"https:\\\/\\\/vins-miquel-gelabert.fra1.digitaloceanspaces.com\\\/wp-content\\\/uploads\\\/2024\\\/04\\\/logo.svg\",\"contentUrl\":\"https:\\\/\\\/vins-miquel-gelabert.fra1.digitaloceanspaces.com\\\/wp-content\\\/uploads\\\/2024\\\/04\\\/logo.svg\",\"width\":437,\"height\":63,\"caption\":\"Vins Miquel Gelabert\"},\"image\":{\"@id\":\"https:\\\/\\\/vinsmiquelgelabert.com\\\/de\\\/#\\\/schema\\\/logo\\\/image\\\/\"}}]}<\/script>\n<!-- \/ Yoast SEO plugin. -->","yoast_head_json":{"title":"Chardonnay Roure Selecci\u00f3 Especial 2023 - Vins Miquel Gelabert","robots":{"index":"index","follow":"follow","max-snippet":"max-snippet:-1","max-image-preview":"max-image-preview:large","max-video-preview":"max-video-preview:-1"},"canonical":"https:\/\/vinsmiquelgelabert.com\/de\/Produkt\/chardonnay-roure-seleccio-especial-2021\/","og_locale":"de_DE","og_type":"article","og_title":"Chardonnay Roure Selecci\u00f3 Especial 2023 - Vins Miquel Gelabert","og_description":"Er unterscheidet sich von den anderen Chardonnay-Weinen dadurch, dass die Trauben sorgf\u00e4ltiger ausgew\u00e4hlt werden, die F\u00e4sser ebenfalls speziell und von h\u00f6chster Qualit\u00e4t sind und der Reifungsprozess 10 Monate dauert. Es handelt sich um einen reiferen Wein, der sich f\u00fcr eine lange Reifung eignet und in den n\u00e4chsten 4 bis 5 Jahren getrunken werden kann.","og_url":"https:\/\/vinsmiquelgelabert.com\/de\/Produkt\/chardonnay-roure-seleccio-especial-2021\/","og_site_name":"Vins Miquel Gelabert","article_modified_time":"2025-12-01T09:22:45+00:00","og_image":[{"width":230,"height":600,"url":"https:\/\/vins-miquel-gelabert.fra1.digitaloceanspaces.com\/wp-content\/uploads\/2024\/04\/CHARDONAY-ROURE-ESPECIAL-II.png","type":"image\/png"}],"twitter_card":"summary_large_image","twitter_misc":{"Gesch\u00e4tzte Lesezeit":"1\u00a0Minute"},"schema":{"@context":"https:\/\/schema.org","@graph":[{"@type":"WebPage","@id":"https:\/\/vinsmiquelgelabert.com\/de\/Produkt\/chardonnay-roure-seleccio-especial-2021\/","url":"https:\/\/vinsmiquelgelabert.com\/de\/Produkt\/chardonnay-roure-seleccio-especial-2021\/","name":"Chardonnay Roure Selecci\u00f3 Especial 2023 - Vins Miquel Gelabert","isPartOf":{"@id":"https:\/\/vinsmiquelgelabert.com\/de\/#website"},"primaryImageOfPage":{"@id":"https:\/\/vinsmiquelgelabert.com\/de\/Produkt\/chardonnay-roure-seleccio-especial-2021\/#primaryimage"},"image":{"@id":"https:\/\/vinsmiquelgelabert.com\/de\/Produkt\/chardonnay-roure-seleccio-especial-2021\/#primaryimage"},"thumbnailUrl":"https:\/\/vins-miquel-gelabert.fra1.digitaloceanspaces.com\/wp-content\/uploads\/2024\/04\/CHARDONAY-ROURE-ESPECIAL-II.png","datePublished":"2024-04-24T07:33:46+00:00","dateModified":"2025-12-01T09:22:45+00:00","breadcrumb":{"@id":"https:\/\/vinsmiquelgelabert.com\/de\/Produkt\/chardonnay-roure-seleccio-especial-2021\/#breadcrumb"},"inLanguage":"de","potentialAction":[{"@type":"ReadAction","target":["https:\/\/vinsmiquelgelabert.com\/de\/Produkt\/chardonnay-roure-seleccio-especial-2021\/"]}]},{"@type":"ImageObject","inLanguage":"de","@id":"https:\/\/vinsmiquelgelabert.com\/de\/Produkt\/chardonnay-roure-seleccio-especial-2021\/#primaryimage","url":"https:\/\/vins-miquel-gelabert.fra1.digitaloceanspaces.com\/wp-content\/uploads\/2024\/04\/CHARDONAY-ROURE-ESPECIAL-II.png","contentUrl":"https:\/\/vins-miquel-gelabert.fra1.digitaloceanspaces.com\/wp-content\/uploads\/2024\/04\/CHARDONAY-ROURE-ESPECIAL-II.png","width":230,"height":600},{"@type":"BreadcrumbList","@id":"https:\/\/vinsmiquelgelabert.com\/de\/Produkt\/chardonnay-roure-seleccio-especial-2021\/#breadcrumb","itemListElement":[{"@type":"ListItem","position":1,"name":"Portada","item":"https:\/\/vinsmiquelgelabert.com\/de\/"},{"@type":"ListItem","position":2,"name":"Online-Gesch\u00e4ft","item":"https:\/\/vinsmiquelgelabert.com\/tienda-on-line\/"},{"@type":"ListItem","position":3,"name":"Chardonnay Roure Selecci\u00f3 Especial 2023"}]},{"@type":"WebSite","@id":"https:\/\/vinsmiquelgelabert.com\/de\/#website","url":"https:\/\/vinsmiquelgelabert.com\/de\/","name":"Vins Miquel Gelabert","description":"","publisher":{"@id":"https:\/\/vinsmiquelgelabert.com\/de\/#organization"},"potentialAction":[{"@type":"SearchAction","target":{"@type":"EntryPoint","urlTemplate":"https:\/\/vinsmiquelgelabert.com\/de\/?s={search_term_string}"},"query-input":{"@type":"PropertyValueSpecification","valueRequired":true,"valueName":"search_term_string"}}],"inLanguage":"de"},{"@type":"Organization","@id":"https:\/\/vinsmiquelgelabert.com\/de\/#organization","name":"Vins Miquel Gelabert","url":"https:\/\/vinsmiquelgelabert.com\/de\/","logo":{"@type":"ImageObject","inLanguage":"de","@id":"https:\/\/vinsmiquelgelabert.com\/de\/#\/schema\/logo\/image\/","url":"https:\/\/vins-miquel-gelabert.fra1.digitaloceanspaces.com\/wp-content\/uploads\/2024\/04\/logo.svg","contentUrl":"https:\/\/vins-miquel-gelabert.fra1.digitaloceanspaces.com\/wp-content\/uploads\/2024\/04\/logo.svg","width":437,"height":63,"caption":"Vins Miquel Gelabert"},"image":{"@id":"https:\/\/vinsmiquelgelabert.com\/de\/#\/schema\/logo\/image\/"}}]}},"jetpack_sharing_enabled":true,"_links":{"self":[{"href":"https:\/\/vinsmiquelgelabert.com\/de\/wp-json\/wp\/v2\/product\/7566","targetHints":{"allow":["GET"]}}],"collection":[{"href":"https:\/\/vinsmiquelgelabert.com\/de\/wp-json\/wp\/v2\/product"}],"about":[{"href":"https:\/\/vinsmiquelgelabert.com\/de\/wp-json\/wp\/v2\/types\/product"}],"replies":[{"embeddable":true,"href":"https:\/\/vinsmiquelgelabert.com\/de\/wp-json\/wp\/v2\/comments?post=7566"}],"wp:featuredmedia":[{"embeddable":true,"href":"https:\/\/vinsmiquelgelabert.com\/de\/wp-json\/wp\/v2\/media\/7515"}],"wp:attachment":[{"href":"https:\/\/vinsmiquelgelabert.com\/de\/wp-json\/wp\/v2\/media?parent=7566"}],"wp:term":[{"taxonomy":"product_cat","embeddable":true,"href":"https:\/\/vinsmiquelgelabert.com\/de\/wp-json\/wp\/v2\/product_cat?post=7566"},{"taxonomy":"product_tag","embeddable":true,"href":"https:\/\/vinsmiquelgelabert.com\/de\/wp-json\/wp\/v2\/product_tag?post=7566"}],"curies":[{"name":"wp","href":"https:\/\/api.w.org\/{rel}","templated":true}]}}