{"id":7570,"date":"2024-04-24T09:33:45","date_gmt":"2024-04-24T07:33:45","guid":{"rendered":"https:\/\/vinsmiquelgelabert.com\/producto\/torrent-negre-seleccio-privada-cabernet-2015\/"},"modified":"2024-07-15T09:25:25","modified_gmt":"2024-07-15T07:25:25","slug":"torrent-negre-seleccio-privada-cabernet-2015","status":"publish","type":"product","link":"https:\/\/vinsmiquelgelabert.com\/de\/Produkt\/torrent-negre-seleccio-privada-cabernet-2015\/","title":{"rendered":"Torrent Negre \u2013Selecci\u00f3 Privada Cabernet 2015"},"content":{"rendered":"<div class=\"descripcio_vins\" style=\"text-align: justify;\">\n<p><i class=\"fa fa-angle-double-right\"><\/i>   <strong>Rebsorten:<\/strong>Cabernet Sauvignon 100%<i class=\"fa fa-angle-double-right\"><\/i><strong>Anbausystem:<\/strong>Spalier<\/p>\n<p><i class=\"fa fa-angle-double-right\"><\/i>   <strong>Anbausystem: <\/strong> Kelch- und Spaliererziehung<\/p>\n<p><i class=\"fa fa-angle-double-right\"><\/i>   <strong>Ursprungsbezeichnung:<\/strong> D.O. Pla i Llevant &#8211; Mallorca<\/p>\n<p><i class=\"fa fa-angle-double-right\"><\/i>   <strong>Weintyp:<\/strong> tinto crianza<\/p>\n<p><i class=\"fa fa-angle-double-right\"><\/i>   <strong>Alkoholgehalt:<\/strong> 14,5 % vol.<\/p>\n<p><i class=\"fa fa-angle-double-right\"><\/i>   <strong>G\u00e4rung:<\/strong> alkoholische G\u00e4rung in Edelstahltanks bei kontrollierter Temperatur. Malolaktische G\u00e4rung im Barrique.<\/p>\n<p><i class=\"fa fa-angle-double-right\"><\/i>   <strong>Reifung: <\/strong> 12 Monate in neuen franz\u00f6sischen Eichenf\u00e4ssern. Anschlie\u00dfende Reifung in der Flasche.<\/p>\n<p><i class=\"fa fa-angle-double-right\"><\/i>   <strong>Verkostungsnotizen: <\/strong> Intensive kirschrote Farbe mit violetten Reflexen und dichten, langsam abfallenden Tr\u00e4nen, sauber und leuchtend mit einer hohen Robe.<\/p>\n<p>In der Nase hohe Intensit\u00e4t und Komplexit\u00e4t, Aromen von Eukalyptus, Lakritze, sehr reifen schwarzen Fr\u00fcchten, Milch, Blumen, mit Ankl\u00e4ngen an Tiere (Wild, Leder, Fell).<\/p>\n<p>Kr\u00e4ftig und geschmeidig am Gaumen, gutes Gleichgewicht zwischen Alkohol, S\u00e4ure, Zucker und Tanninen, die zum Teil vom neuen Holz stammen und mit der Zeit verfeinert werden. Fleischig und sehr lang am Gaumen, mit den Aromen der Geruchsphase, die am Ende wiederkehren, sehr anhaltend im Abgang.<\/p>\n<p><i class=\"fa fa-angle-double-right\"><\/i>   <strong>Gastronomische Kombinationen:<\/strong> Er passt gut zu Wildgerichten und kr\u00e4ftigen Eint\u00f6pfen.<\/p>\n<p><i class=\"fa fa-angle-double-right\"><\/i>   <strong>Serviertemperatur: <\/strong> zwischen 18\u00ba und 20\u00baC servieren.<\/p>\n<p>&nbsp;<\/p>\n<\/div>\n","protected":false},"excerpt":{"rendered":"<p class=\"descripcio_vins\" style=\"text-align: justify;\">Ein reinsortiger Cabernet Sauvignon, der nur in Jahren mit au\u00dfergew\u00f6hnlichen Trauben hergestellt wird. Es handelt sich um Weine mit sehr kleinen Auflagen (300 bis 1.500 Flaschen), die als \u201eLaunen des Winzers\u201c bezeichnet werden k\u00f6nnen.<\/p>\n","protected":false},"featured_media":7527,"comment_status":"open","ping_status":"closed","template":"","meta":[],"product_cat":[85],"product_tag":[],"class_list":{"0":"post-7570","1":"product","2":"type-product","3":"status-publish","4":"has-post-thumbnail","6":"product_cat-rotwein","8":"first","9":"instock","10":"taxable","11":"shipping-taxable","12":"purchasable","13":"product-type-simple"},"yoast_head":"<!-- This site is optimized with the Yoast SEO plugin v27.3 - https:\/\/yoast.com\/product\/yoast-seo-wordpress\/ -->\n<title>Torrent Negre \u2013Selecci\u00f3 Privada Cabernet 2015 - Vins Miquel Gelabert<\/title>\n<meta name=\"robots\" content=\"index, follow, max-snippet:-1, max-image-preview:large, max-video-preview:-1\" \/>\n<link rel=\"canonical\" href=\"https:\/\/vinsmiquelgelabert.com\/de\/Produkt\/torrent-negre-seleccio-privada-cabernet-2015\/\" \/>\n<meta property=\"og:locale\" content=\"de_DE\" \/>\n<meta property=\"og:type\" content=\"article\" \/>\n<meta property=\"og:title\" content=\"Torrent Negre \u2013Selecci\u00f3 Privada Cabernet 2015 - Vins Miquel Gelabert\" \/>\n<meta property=\"og:description\" content=\"Ein reinsortiger Cabernet Sauvignon, der nur in Jahren mit au\u00dfergew\u00f6hnlichen Trauben hergestellt wird. Es handelt sich um Weine mit sehr kleinen Auflagen (300 bis 1.500 Flaschen), die als \u201eLaunen des Winzers\u201c bezeichnet werden k\u00f6nnen.\" \/>\n<meta property=\"og:url\" content=\"https:\/\/vinsmiquelgelabert.com\/de\/Produkt\/torrent-negre-seleccio-privada-cabernet-2015\/\" \/>\n<meta property=\"og:site_name\" content=\"Vins Miquel Gelabert\" \/>\n<meta property=\"article:modified_time\" content=\"2024-07-15T07:25:25+00:00\" \/>\n<meta property=\"og:image\" content=\"https:\/\/vins-miquel-gelabert.fra1.digitaloceanspaces.com\/wp-content\/uploads\/2024\/04\/Torrent-Negre-Seleccio-Privada.png\" \/>\n\t<meta property=\"og:image:width\" content=\"230\" \/>\n\t<meta property=\"og:image:height\" content=\"600\" \/>\n\t<meta property=\"og:image:type\" content=\"image\/png\" \/>\n<meta name=\"twitter:card\" content=\"summary_large_image\" \/>\n<meta name=\"twitter:label1\" content=\"Gesch\u00e4tzte Lesezeit\" \/>\n\t<meta name=\"twitter:data1\" content=\"1\u00a0Minute\" \/>\n<script type=\"application\/ld+json\" class=\"yoast-schema-graph\">{\"@context\":\"https:\\\/\\\/schema.org\",\"@graph\":[{\"@type\":\"WebPage\",\"@id\":\"https:\\\/\\\/vinsmiquelgelabert.com\\\/de\\\/Produkt\\\/torrent-negre-seleccio-privada-cabernet-2015\\\/\",\"url\":\"https:\\\/\\\/vinsmiquelgelabert.com\\\/de\\\/Produkt\\\/torrent-negre-seleccio-privada-cabernet-2015\\\/\",\"name\":\"Torrent Negre \u2013Selecci\u00f3 Privada Cabernet 2015 - Vins Miquel Gelabert\",\"isPartOf\":{\"@id\":\"https:\\\/\\\/vinsmiquelgelabert.com\\\/de\\\/#website\"},\"primaryImageOfPage\":{\"@id\":\"https:\\\/\\\/vinsmiquelgelabert.com\\\/de\\\/Produkt\\\/torrent-negre-seleccio-privada-cabernet-2015\\\/#primaryimage\"},\"image\":{\"@id\":\"https:\\\/\\\/vinsmiquelgelabert.com\\\/de\\\/Produkt\\\/torrent-negre-seleccio-privada-cabernet-2015\\\/#primaryimage\"},\"thumbnailUrl\":\"https:\\\/\\\/vins-miquel-gelabert.fra1.digitaloceanspaces.com\\\/wp-content\\\/uploads\\\/2024\\\/04\\\/Torrent-Negre-Seleccio-Privada.png\",\"datePublished\":\"2024-04-24T07:33:45+00:00\",\"dateModified\":\"2024-07-15T07:25:25+00:00\",\"breadcrumb\":{\"@id\":\"https:\\\/\\\/vinsmiquelgelabert.com\\\/de\\\/Produkt\\\/torrent-negre-seleccio-privada-cabernet-2015\\\/#breadcrumb\"},\"inLanguage\":\"de\",\"potentialAction\":[{\"@type\":\"ReadAction\",\"target\":[\"https:\\\/\\\/vinsmiquelgelabert.com\\\/de\\\/Produkt\\\/torrent-negre-seleccio-privada-cabernet-2015\\\/\"]}]},{\"@type\":\"ImageObject\",\"inLanguage\":\"de\",\"@id\":\"https:\\\/\\\/vinsmiquelgelabert.com\\\/de\\\/Produkt\\\/torrent-negre-seleccio-privada-cabernet-2015\\\/#primaryimage\",\"url\":\"https:\\\/\\\/vins-miquel-gelabert.fra1.digitaloceanspaces.com\\\/wp-content\\\/uploads\\\/2024\\\/04\\\/Torrent-Negre-Seleccio-Privada.png\",\"contentUrl\":\"https:\\\/\\\/vins-miquel-gelabert.fra1.digitaloceanspaces.com\\\/wp-content\\\/uploads\\\/2024\\\/04\\\/Torrent-Negre-Seleccio-Privada.png\",\"width\":230,\"height\":600},{\"@type\":\"BreadcrumbList\",\"@id\":\"https:\\\/\\\/vinsmiquelgelabert.com\\\/de\\\/Produkt\\\/torrent-negre-seleccio-privada-cabernet-2015\\\/#breadcrumb\",\"itemListElement\":[{\"@type\":\"ListItem\",\"position\":1,\"name\":\"Portada\",\"item\":\"https:\\\/\\\/vinsmiquelgelabert.com\\\/de\\\/\"},{\"@type\":\"ListItem\",\"position\":2,\"name\":\"Online-Gesch\u00e4ft\",\"item\":\"https:\\\/\\\/vinsmiquelgelabert.com\\\/tienda-on-line\\\/\"},{\"@type\":\"ListItem\",\"position\":3,\"name\":\"Torrent Negre \u2013Selecci\u00f3 Privada Cabernet 2015\"}]},{\"@type\":\"WebSite\",\"@id\":\"https:\\\/\\\/vinsmiquelgelabert.com\\\/de\\\/#website\",\"url\":\"https:\\\/\\\/vinsmiquelgelabert.com\\\/de\\\/\",\"name\":\"Vins Miquel Gelabert\",\"description\":\"\",\"publisher\":{\"@id\":\"https:\\\/\\\/vinsmiquelgelabert.com\\\/de\\\/#organization\"},\"potentialAction\":[{\"@type\":\"SearchAction\",\"target\":{\"@type\":\"EntryPoint\",\"urlTemplate\":\"https:\\\/\\\/vinsmiquelgelabert.com\\\/de\\\/?s={search_term_string}\"},\"query-input\":{\"@type\":\"PropertyValueSpecification\",\"valueRequired\":true,\"valueName\":\"search_term_string\"}}],\"inLanguage\":\"de\"},{\"@type\":\"Organization\",\"@id\":\"https:\\\/\\\/vinsmiquelgelabert.com\\\/de\\\/#organization\",\"name\":\"Vins Miquel Gelabert\",\"url\":\"https:\\\/\\\/vinsmiquelgelabert.com\\\/de\\\/\",\"logo\":{\"@type\":\"ImageObject\",\"inLanguage\":\"de\",\"@id\":\"https:\\\/\\\/vinsmiquelgelabert.com\\\/de\\\/#\\\/schema\\\/logo\\\/image\\\/\",\"url\":\"https:\\\/\\\/vins-miquel-gelabert.fra1.digitaloceanspaces.com\\\/wp-content\\\/uploads\\\/2024\\\/04\\\/logo.svg\",\"contentUrl\":\"https:\\\/\\\/vins-miquel-gelabert.fra1.digitaloceanspaces.com\\\/wp-content\\\/uploads\\\/2024\\\/04\\\/logo.svg\",\"width\":437,\"height\":63,\"caption\":\"Vins Miquel Gelabert\"},\"image\":{\"@id\":\"https:\\\/\\\/vinsmiquelgelabert.com\\\/de\\\/#\\\/schema\\\/logo\\\/image\\\/\"}}]}<\/script>\n<!-- \/ Yoast SEO plugin. -->","yoast_head_json":{"title":"Torrent Negre \u2013Selecci\u00f3 Privada Cabernet 2015 - Vins Miquel Gelabert","robots":{"index":"index","follow":"follow","max-snippet":"max-snippet:-1","max-image-preview":"max-image-preview:large","max-video-preview":"max-video-preview:-1"},"canonical":"https:\/\/vinsmiquelgelabert.com\/de\/Produkt\/torrent-negre-seleccio-privada-cabernet-2015\/","og_locale":"de_DE","og_type":"article","og_title":"Torrent Negre \u2013Selecci\u00f3 Privada Cabernet 2015 - Vins Miquel Gelabert","og_description":"Ein reinsortiger Cabernet Sauvignon, der nur in Jahren mit au\u00dfergew\u00f6hnlichen Trauben hergestellt wird. Es handelt sich um Weine mit sehr kleinen Auflagen (300 bis 1.500 Flaschen), die als \u201eLaunen des Winzers\u201c bezeichnet werden k\u00f6nnen.","og_url":"https:\/\/vinsmiquelgelabert.com\/de\/Produkt\/torrent-negre-seleccio-privada-cabernet-2015\/","og_site_name":"Vins Miquel Gelabert","article_modified_time":"2024-07-15T07:25:25+00:00","og_image":[{"width":230,"height":600,"url":"https:\/\/vins-miquel-gelabert.fra1.digitaloceanspaces.com\/wp-content\/uploads\/2024\/04\/Torrent-Negre-Seleccio-Privada.png","type":"image\/png"}],"twitter_card":"summary_large_image","twitter_misc":{"Gesch\u00e4tzte Lesezeit":"1\u00a0Minute"},"schema":{"@context":"https:\/\/schema.org","@graph":[{"@type":"WebPage","@id":"https:\/\/vinsmiquelgelabert.com\/de\/Produkt\/torrent-negre-seleccio-privada-cabernet-2015\/","url":"https:\/\/vinsmiquelgelabert.com\/de\/Produkt\/torrent-negre-seleccio-privada-cabernet-2015\/","name":"Torrent Negre \u2013Selecci\u00f3 Privada Cabernet 2015 - Vins Miquel Gelabert","isPartOf":{"@id":"https:\/\/vinsmiquelgelabert.com\/de\/#website"},"primaryImageOfPage":{"@id":"https:\/\/vinsmiquelgelabert.com\/de\/Produkt\/torrent-negre-seleccio-privada-cabernet-2015\/#primaryimage"},"image":{"@id":"https:\/\/vinsmiquelgelabert.com\/de\/Produkt\/torrent-negre-seleccio-privada-cabernet-2015\/#primaryimage"},"thumbnailUrl":"https:\/\/vins-miquel-gelabert.fra1.digitaloceanspaces.com\/wp-content\/uploads\/2024\/04\/Torrent-Negre-Seleccio-Privada.png","datePublished":"2024-04-24T07:33:45+00:00","dateModified":"2024-07-15T07:25:25+00:00","breadcrumb":{"@id":"https:\/\/vinsmiquelgelabert.com\/de\/Produkt\/torrent-negre-seleccio-privada-cabernet-2015\/#breadcrumb"},"inLanguage":"de","potentialAction":[{"@type":"ReadAction","target":["https:\/\/vinsmiquelgelabert.com\/de\/Produkt\/torrent-negre-seleccio-privada-cabernet-2015\/"]}]},{"@type":"ImageObject","inLanguage":"de","@id":"https:\/\/vinsmiquelgelabert.com\/de\/Produkt\/torrent-negre-seleccio-privada-cabernet-2015\/#primaryimage","url":"https:\/\/vins-miquel-gelabert.fra1.digitaloceanspaces.com\/wp-content\/uploads\/2024\/04\/Torrent-Negre-Seleccio-Privada.png","contentUrl":"https:\/\/vins-miquel-gelabert.fra1.digitaloceanspaces.com\/wp-content\/uploads\/2024\/04\/Torrent-Negre-Seleccio-Privada.png","width":230,"height":600},{"@type":"BreadcrumbList","@id":"https:\/\/vinsmiquelgelabert.com\/de\/Produkt\/torrent-negre-seleccio-privada-cabernet-2015\/#breadcrumb","itemListElement":[{"@type":"ListItem","position":1,"name":"Portada","item":"https:\/\/vinsmiquelgelabert.com\/de\/"},{"@type":"ListItem","position":2,"name":"Online-Gesch\u00e4ft","item":"https:\/\/vinsmiquelgelabert.com\/tienda-on-line\/"},{"@type":"ListItem","position":3,"name":"Torrent Negre \u2013Selecci\u00f3 Privada Cabernet 2015"}]},{"@type":"WebSite","@id":"https:\/\/vinsmiquelgelabert.com\/de\/#website","url":"https:\/\/vinsmiquelgelabert.com\/de\/","name":"Vins Miquel Gelabert","description":"","publisher":{"@id":"https:\/\/vinsmiquelgelabert.com\/de\/#organization"},"potentialAction":[{"@type":"SearchAction","target":{"@type":"EntryPoint","urlTemplate":"https:\/\/vinsmiquelgelabert.com\/de\/?s={search_term_string}"},"query-input":{"@type":"PropertyValueSpecification","valueRequired":true,"valueName":"search_term_string"}}],"inLanguage":"de"},{"@type":"Organization","@id":"https:\/\/vinsmiquelgelabert.com\/de\/#organization","name":"Vins Miquel Gelabert","url":"https:\/\/vinsmiquelgelabert.com\/de\/","logo":{"@type":"ImageObject","inLanguage":"de","@id":"https:\/\/vinsmiquelgelabert.com\/de\/#\/schema\/logo\/image\/","url":"https:\/\/vins-miquel-gelabert.fra1.digitaloceanspaces.com\/wp-content\/uploads\/2024\/04\/logo.svg","contentUrl":"https:\/\/vins-miquel-gelabert.fra1.digitaloceanspaces.com\/wp-content\/uploads\/2024\/04\/logo.svg","width":437,"height":63,"caption":"Vins Miquel Gelabert"},"image":{"@id":"https:\/\/vinsmiquelgelabert.com\/de\/#\/schema\/logo\/image\/"}}]}},"jetpack_sharing_enabled":true,"_links":{"self":[{"href":"https:\/\/vinsmiquelgelabert.com\/de\/wp-json\/wp\/v2\/product\/7570","targetHints":{"allow":["GET"]}}],"collection":[{"href":"https:\/\/vinsmiquelgelabert.com\/de\/wp-json\/wp\/v2\/product"}],"about":[{"href":"https:\/\/vinsmiquelgelabert.com\/de\/wp-json\/wp\/v2\/types\/product"}],"replies":[{"embeddable":true,"href":"https:\/\/vinsmiquelgelabert.com\/de\/wp-json\/wp\/v2\/comments?post=7570"}],"wp:featuredmedia":[{"embeddable":true,"href":"https:\/\/vinsmiquelgelabert.com\/de\/wp-json\/wp\/v2\/media\/7527"}],"wp:attachment":[{"href":"https:\/\/vinsmiquelgelabert.com\/de\/wp-json\/wp\/v2\/media?parent=7570"}],"wp:term":[{"taxonomy":"product_cat","embeddable":true,"href":"https:\/\/vinsmiquelgelabert.com\/de\/wp-json\/wp\/v2\/product_cat?post=7570"},{"taxonomy":"product_tag","embeddable":true,"href":"https:\/\/vinsmiquelgelabert.com\/de\/wp-json\/wp\/v2\/product_tag?post=7570"}],"curies":[{"name":"wp","href":"https:\/\/api.w.org\/{rel}","templated":true}]}}