{"id":7576,"date":"2024-04-24T09:33:45","date_gmt":"2024-04-24T07:33:45","guid":{"rendered":"https:\/\/vinsmiquelgelabert.com\/producto\/autonom-2015\/"},"modified":"2024-08-26T16:53:16","modified_gmt":"2024-08-26T14:53:16","slug":"autonom-2016","status":"publish","type":"product","link":"https:\/\/vinsmiquelgelabert.com\/de\/Produkt\/autonom-2016\/","title":{"rendered":"Aut\u00f2nom 2016"},"content":{"rendered":"<div class=\"descripcio_vins\" style=\"text-align: justify;\">\n<p><i class=\"fa fa-angle-double-right\"><\/i> <strong>Rebsorten: <\/strong> Callet, Manto Negro, Fogoneu und Gorgollassa (alle von alten Rebst\u00f6cken).<\/p>\n<p><i class=\"fa fa-angle-double-right\"><\/i> <strong>Anbausystem:<\/strong> Kelch und Spalier.<\/p>\n<p><i class=\"fa fa-angle-double-right\"><\/i> <strong>Anbausystem: <\/strong> Kelch- und Spaliererziehung<\/p>\n<p><i class=\"fa fa-angle-double-right\"><\/i> <strong>Ursprungsbezeichnung: <\/strong> D.O.P. Pla i Llevant, Mallorca<\/p>\n<p><i class=\"fa fa-angle-double-right\"><\/i> <strong>Weintyp: <\/strong> tinto crianza<\/p>\n<p><i class=\"fa fa-angle-double-right\"><\/i> <strong>Alkoholgehalt: <\/strong> 13,5 % vol.<\/p>\n<p><i class=\"fa fa-angle-double-right\"><\/i> <strong>G\u00e4rung: <\/strong> Edelstahltank bei kontrollierter Temperatur.<\/p>\n<p><i class=\"fa fa-angle-double-right\"><\/i> <strong>Reifung: <\/strong> 12 Monate in franz\u00f6sischen und amerikanischen Eichenf\u00e4ssern (neu), danach Flaschenreifung.<\/p>\n<p><i class=\"fa fa-angle-double-right\"><\/i> <strong>Degustationsnotiz:<\/strong> Ein mittelkr\u00e4ftiger Wein, kirschrot mit violettem Rand. Sehr komplexe Aromen, die an Konfit\u00fcre, Wildfr\u00fcchte, insbesondere Brombeeren, Kaffee, Kakao, Leder, Toast und eine Kombination von Gew\u00fcrzen erinnern. Am Gaumen seidig und elegant, vollmundig, rund und ausgewogen, mit einem langen Nachgeschmack, der an N\u00fcsse und mediterrane Kr\u00e4uter erinnert.<\/p>\n<p><i class=\"fa fa-angle-double-right\"><\/i> <strong>Empfehlungen: <\/strong> Passt gut zu Eint\u00f6pfen, Eint\u00f6pfen mit rotem Fleisch, gegrilltem Fleisch und altem K\u00e4se.<\/p>\n<p><i class=\"fa fa-angle-double-right\"><\/i> <strong>Serviertemperatur: <\/strong> zwischen 18\u00ba-20\u00baC servieren.<\/p>\n<\/div>\n","protected":false},"excerpt":{"rendered":"<p class=\"descripcio_vins\" style=\"text-align: justify;\">Ein Crianza-Rotwein, der aus der Zusammenarbeit zwischen zwei Weinkellereien hervorgegangen ist: Bodegues Ribas und Vins Miquel Gelabert. Zurzeit wird dieser Wein nur in unserer Kellerei aus einheimischen Trauben hergestellt, die ausschlie\u00dflich aus unseren eigenen Weinbergen stammen. Sein angenehmes <em>Bouquet <\/em> erinnert an die herrlichen Sonnenunterg\u00e4nge auf der Insel Mallorca.<\/p>\n","protected":false},"featured_media":7543,"comment_status":"open","ping_status":"closed","template":"","meta":[],"product_cat":[85],"product_tag":[],"class_list":{"0":"post-7576","1":"product","2":"type-product","3":"status-publish","4":"has-post-thumbnail","6":"product_cat-rotwein","8":"first","9":"instock","10":"taxable","11":"shipping-taxable","12":"purchasable","13":"product-type-simple"},"yoast_head":"<!-- This site is optimized with the Yoast SEO plugin v27.3 - https:\/\/yoast.com\/product\/yoast-seo-wordpress\/ -->\n<title>Aut\u00f2nom 2016 - Vins Miquel Gelabert<\/title>\n<meta name=\"robots\" content=\"index, follow, max-snippet:-1, max-image-preview:large, max-video-preview:-1\" \/>\n<link rel=\"canonical\" href=\"https:\/\/vinsmiquelgelabert.com\/de\/Produkt\/autonom-2016\/\" \/>\n<meta property=\"og:locale\" content=\"de_DE\" \/>\n<meta property=\"og:type\" content=\"article\" \/>\n<meta property=\"og:title\" content=\"Aut\u00f2nom 2016 - Vins Miquel Gelabert\" \/>\n<meta property=\"og:description\" content=\"Ein Crianza-Rotwein, der aus der Zusammenarbeit zwischen zwei Weinkellereien hervorgegangen ist: Bodegues Ribas und Vins Miquel Gelabert. Zurzeit wird dieser Wein nur in unserer Kellerei aus einheimischen Trauben hergestellt, die ausschlie\u00dflich aus unseren eigenen Weinbergen stammen. Sein angenehmes Bouquet erinnert an die herrlichen Sonnenunterg\u00e4nge auf der Insel Mallorca.\" \/>\n<meta property=\"og:url\" content=\"https:\/\/vinsmiquelgelabert.com\/de\/Produkt\/autonom-2016\/\" \/>\n<meta property=\"og:site_name\" content=\"Vins Miquel Gelabert\" \/>\n<meta property=\"article:modified_time\" content=\"2024-08-26T14:53:16+00:00\" \/>\n<meta property=\"og:image\" content=\"https:\/\/vins-miquel-gelabert.fra1.digitaloceanspaces.com\/wp-content\/uploads\/2024\/04\/AUTONOM.png\" \/>\n\t<meta property=\"og:image:width\" content=\"230\" \/>\n\t<meta property=\"og:image:height\" content=\"600\" \/>\n\t<meta property=\"og:image:type\" content=\"image\/png\" \/>\n<meta name=\"twitter:card\" content=\"summary_large_image\" \/>\n<meta name=\"twitter:label1\" content=\"Gesch\u00e4tzte Lesezeit\" \/>\n\t<meta name=\"twitter:data1\" content=\"1\u00a0Minute\" \/>\n<script type=\"application\/ld+json\" class=\"yoast-schema-graph\">{\"@context\":\"https:\\\/\\\/schema.org\",\"@graph\":[{\"@type\":\"WebPage\",\"@id\":\"https:\\\/\\\/vinsmiquelgelabert.com\\\/de\\\/Produkt\\\/autonom-2016\\\/\",\"url\":\"https:\\\/\\\/vinsmiquelgelabert.com\\\/de\\\/Produkt\\\/autonom-2016\\\/\",\"name\":\"Aut\u00f2nom 2016 - Vins Miquel Gelabert\",\"isPartOf\":{\"@id\":\"https:\\\/\\\/vinsmiquelgelabert.com\\\/de\\\/#website\"},\"primaryImageOfPage\":{\"@id\":\"https:\\\/\\\/vinsmiquelgelabert.com\\\/de\\\/Produkt\\\/autonom-2016\\\/#primaryimage\"},\"image\":{\"@id\":\"https:\\\/\\\/vinsmiquelgelabert.com\\\/de\\\/Produkt\\\/autonom-2016\\\/#primaryimage\"},\"thumbnailUrl\":\"https:\\\/\\\/vins-miquel-gelabert.fra1.digitaloceanspaces.com\\\/wp-content\\\/uploads\\\/2024\\\/04\\\/AUTONOM.png\",\"datePublished\":\"2024-04-24T07:33:45+00:00\",\"dateModified\":\"2024-08-26T14:53:16+00:00\",\"breadcrumb\":{\"@id\":\"https:\\\/\\\/vinsmiquelgelabert.com\\\/de\\\/Produkt\\\/autonom-2016\\\/#breadcrumb\"},\"inLanguage\":\"de\",\"potentialAction\":[{\"@type\":\"ReadAction\",\"target\":[\"https:\\\/\\\/vinsmiquelgelabert.com\\\/de\\\/Produkt\\\/autonom-2016\\\/\"]}]},{\"@type\":\"ImageObject\",\"inLanguage\":\"de\",\"@id\":\"https:\\\/\\\/vinsmiquelgelabert.com\\\/de\\\/Produkt\\\/autonom-2016\\\/#primaryimage\",\"url\":\"https:\\\/\\\/vins-miquel-gelabert.fra1.digitaloceanspaces.com\\\/wp-content\\\/uploads\\\/2024\\\/04\\\/AUTONOM.png\",\"contentUrl\":\"https:\\\/\\\/vins-miquel-gelabert.fra1.digitaloceanspaces.com\\\/wp-content\\\/uploads\\\/2024\\\/04\\\/AUTONOM.png\",\"width\":230,\"height\":600},{\"@type\":\"BreadcrumbList\",\"@id\":\"https:\\\/\\\/vinsmiquelgelabert.com\\\/de\\\/Produkt\\\/autonom-2016\\\/#breadcrumb\",\"itemListElement\":[{\"@type\":\"ListItem\",\"position\":1,\"name\":\"Portada\",\"item\":\"https:\\\/\\\/vinsmiquelgelabert.com\\\/de\\\/\"},{\"@type\":\"ListItem\",\"position\":2,\"name\":\"Online-Gesch\u00e4ft\",\"item\":\"https:\\\/\\\/vinsmiquelgelabert.com\\\/tienda-on-line\\\/\"},{\"@type\":\"ListItem\",\"position\":3,\"name\":\"Aut\u00f2nom 2016\"}]},{\"@type\":\"WebSite\",\"@id\":\"https:\\\/\\\/vinsmiquelgelabert.com\\\/de\\\/#website\",\"url\":\"https:\\\/\\\/vinsmiquelgelabert.com\\\/de\\\/\",\"name\":\"Vins Miquel Gelabert\",\"description\":\"\",\"publisher\":{\"@id\":\"https:\\\/\\\/vinsmiquelgelabert.com\\\/de\\\/#organization\"},\"potentialAction\":[{\"@type\":\"SearchAction\",\"target\":{\"@type\":\"EntryPoint\",\"urlTemplate\":\"https:\\\/\\\/vinsmiquelgelabert.com\\\/de\\\/?s={search_term_string}\"},\"query-input\":{\"@type\":\"PropertyValueSpecification\",\"valueRequired\":true,\"valueName\":\"search_term_string\"}}],\"inLanguage\":\"de\"},{\"@type\":\"Organization\",\"@id\":\"https:\\\/\\\/vinsmiquelgelabert.com\\\/de\\\/#organization\",\"name\":\"Vins Miquel Gelabert\",\"url\":\"https:\\\/\\\/vinsmiquelgelabert.com\\\/de\\\/\",\"logo\":{\"@type\":\"ImageObject\",\"inLanguage\":\"de\",\"@id\":\"https:\\\/\\\/vinsmiquelgelabert.com\\\/de\\\/#\\\/schema\\\/logo\\\/image\\\/\",\"url\":\"https:\\\/\\\/vins-miquel-gelabert.fra1.digitaloceanspaces.com\\\/wp-content\\\/uploads\\\/2024\\\/04\\\/logo.svg\",\"contentUrl\":\"https:\\\/\\\/vins-miquel-gelabert.fra1.digitaloceanspaces.com\\\/wp-content\\\/uploads\\\/2024\\\/04\\\/logo.svg\",\"width\":437,\"height\":63,\"caption\":\"Vins Miquel Gelabert\"},\"image\":{\"@id\":\"https:\\\/\\\/vinsmiquelgelabert.com\\\/de\\\/#\\\/schema\\\/logo\\\/image\\\/\"}}]}<\/script>\n<!-- \/ Yoast SEO plugin. -->","yoast_head_json":{"title":"Aut\u00f2nom 2016 - Vins Miquel Gelabert","robots":{"index":"index","follow":"follow","max-snippet":"max-snippet:-1","max-image-preview":"max-image-preview:large","max-video-preview":"max-video-preview:-1"},"canonical":"https:\/\/vinsmiquelgelabert.com\/de\/Produkt\/autonom-2016\/","og_locale":"de_DE","og_type":"article","og_title":"Aut\u00f2nom 2016 - Vins Miquel Gelabert","og_description":"Ein Crianza-Rotwein, der aus der Zusammenarbeit zwischen zwei Weinkellereien hervorgegangen ist: Bodegues Ribas und Vins Miquel Gelabert. Zurzeit wird dieser Wein nur in unserer Kellerei aus einheimischen Trauben hergestellt, die ausschlie\u00dflich aus unseren eigenen Weinbergen stammen. Sein angenehmes Bouquet erinnert an die herrlichen Sonnenunterg\u00e4nge auf der Insel Mallorca.","og_url":"https:\/\/vinsmiquelgelabert.com\/de\/Produkt\/autonom-2016\/","og_site_name":"Vins Miquel Gelabert","article_modified_time":"2024-08-26T14:53:16+00:00","og_image":[{"width":230,"height":600,"url":"https:\/\/vins-miquel-gelabert.fra1.digitaloceanspaces.com\/wp-content\/uploads\/2024\/04\/AUTONOM.png","type":"image\/png"}],"twitter_card":"summary_large_image","twitter_misc":{"Gesch\u00e4tzte Lesezeit":"1\u00a0Minute"},"schema":{"@context":"https:\/\/schema.org","@graph":[{"@type":"WebPage","@id":"https:\/\/vinsmiquelgelabert.com\/de\/Produkt\/autonom-2016\/","url":"https:\/\/vinsmiquelgelabert.com\/de\/Produkt\/autonom-2016\/","name":"Aut\u00f2nom 2016 - Vins Miquel Gelabert","isPartOf":{"@id":"https:\/\/vinsmiquelgelabert.com\/de\/#website"},"primaryImageOfPage":{"@id":"https:\/\/vinsmiquelgelabert.com\/de\/Produkt\/autonom-2016\/#primaryimage"},"image":{"@id":"https:\/\/vinsmiquelgelabert.com\/de\/Produkt\/autonom-2016\/#primaryimage"},"thumbnailUrl":"https:\/\/vins-miquel-gelabert.fra1.digitaloceanspaces.com\/wp-content\/uploads\/2024\/04\/AUTONOM.png","datePublished":"2024-04-24T07:33:45+00:00","dateModified":"2024-08-26T14:53:16+00:00","breadcrumb":{"@id":"https:\/\/vinsmiquelgelabert.com\/de\/Produkt\/autonom-2016\/#breadcrumb"},"inLanguage":"de","potentialAction":[{"@type":"ReadAction","target":["https:\/\/vinsmiquelgelabert.com\/de\/Produkt\/autonom-2016\/"]}]},{"@type":"ImageObject","inLanguage":"de","@id":"https:\/\/vinsmiquelgelabert.com\/de\/Produkt\/autonom-2016\/#primaryimage","url":"https:\/\/vins-miquel-gelabert.fra1.digitaloceanspaces.com\/wp-content\/uploads\/2024\/04\/AUTONOM.png","contentUrl":"https:\/\/vins-miquel-gelabert.fra1.digitaloceanspaces.com\/wp-content\/uploads\/2024\/04\/AUTONOM.png","width":230,"height":600},{"@type":"BreadcrumbList","@id":"https:\/\/vinsmiquelgelabert.com\/de\/Produkt\/autonom-2016\/#breadcrumb","itemListElement":[{"@type":"ListItem","position":1,"name":"Portada","item":"https:\/\/vinsmiquelgelabert.com\/de\/"},{"@type":"ListItem","position":2,"name":"Online-Gesch\u00e4ft","item":"https:\/\/vinsmiquelgelabert.com\/tienda-on-line\/"},{"@type":"ListItem","position":3,"name":"Aut\u00f2nom 2016"}]},{"@type":"WebSite","@id":"https:\/\/vinsmiquelgelabert.com\/de\/#website","url":"https:\/\/vinsmiquelgelabert.com\/de\/","name":"Vins Miquel Gelabert","description":"","publisher":{"@id":"https:\/\/vinsmiquelgelabert.com\/de\/#organization"},"potentialAction":[{"@type":"SearchAction","target":{"@type":"EntryPoint","urlTemplate":"https:\/\/vinsmiquelgelabert.com\/de\/?s={search_term_string}"},"query-input":{"@type":"PropertyValueSpecification","valueRequired":true,"valueName":"search_term_string"}}],"inLanguage":"de"},{"@type":"Organization","@id":"https:\/\/vinsmiquelgelabert.com\/de\/#organization","name":"Vins Miquel Gelabert","url":"https:\/\/vinsmiquelgelabert.com\/de\/","logo":{"@type":"ImageObject","inLanguage":"de","@id":"https:\/\/vinsmiquelgelabert.com\/de\/#\/schema\/logo\/image\/","url":"https:\/\/vins-miquel-gelabert.fra1.digitaloceanspaces.com\/wp-content\/uploads\/2024\/04\/logo.svg","contentUrl":"https:\/\/vins-miquel-gelabert.fra1.digitaloceanspaces.com\/wp-content\/uploads\/2024\/04\/logo.svg","width":437,"height":63,"caption":"Vins Miquel Gelabert"},"image":{"@id":"https:\/\/vinsmiquelgelabert.com\/de\/#\/schema\/logo\/image\/"}}]}},"jetpack_sharing_enabled":true,"_links":{"self":[{"href":"https:\/\/vinsmiquelgelabert.com\/de\/wp-json\/wp\/v2\/product\/7576","targetHints":{"allow":["GET"]}}],"collection":[{"href":"https:\/\/vinsmiquelgelabert.com\/de\/wp-json\/wp\/v2\/product"}],"about":[{"href":"https:\/\/vinsmiquelgelabert.com\/de\/wp-json\/wp\/v2\/types\/product"}],"replies":[{"embeddable":true,"href":"https:\/\/vinsmiquelgelabert.com\/de\/wp-json\/wp\/v2\/comments?post=7576"}],"wp:featuredmedia":[{"embeddable":true,"href":"https:\/\/vinsmiquelgelabert.com\/de\/wp-json\/wp\/v2\/media\/7543"}],"wp:attachment":[{"href":"https:\/\/vinsmiquelgelabert.com\/de\/wp-json\/wp\/v2\/media?parent=7576"}],"wp:term":[{"taxonomy":"product_cat","embeddable":true,"href":"https:\/\/vinsmiquelgelabert.com\/de\/wp-json\/wp\/v2\/product_cat?post=7576"},{"taxonomy":"product_tag","embeddable":true,"href":"https:\/\/vinsmiquelgelabert.com\/de\/wp-json\/wp\/v2\/product_tag?post=7576"}],"curies":[{"name":"wp","href":"https:\/\/api.w.org\/{rel}","templated":true}]}}