{"id":8180,"date":"2024-04-24T09:33:46","date_gmt":"2024-04-24T07:33:46","guid":{"rendered":"https:\/\/vinsmiquelgelabert.com\/producto\/sa-vall-seleccio-privada-2019\/"},"modified":"2024-04-24T09:33:46","modified_gmt":"2024-04-24T07:33:46","slug":"sa-vall-seleccio-privada-2019","status":"publish","type":"product","link":"https:\/\/vinsmiquelgelabert.com\/de\/Produkt\/sa-vall-seleccio-privada-2019\/","title":{"rendered":"Sa Vall- Selecci\u00f3 Privada 2019"},"content":{"rendered":"<div class=\"descripcio_vins\" style=\"text-align: justify;\">\n<p><i class=\"fa fa-angle-double-right\"><\/i>   <strong>Rebsorten: <\/strong> Gir\u00f3 Blanc, Viognier und ein wenig Pinot Noir.<\/p>\n<p><i class=\"fa fa-angle-double-right\"><\/i>   <strong>Anbausystem:<\/strong> Spalier<\/p>\n<p><i class=\"fa fa-angle-double-right\"><\/i>   <strong>Lage des Weinbergs:<\/strong> Gemeinden von Manacor und Petra.<\/p>\n<p><i class=\"fa fa-angle-double-right\"><\/i>   <strong>Ursprungsbezeichnung: <\/strong> D.O.P. Pla i Llevant-Mallorca<\/p>\n<p><i class=\"fa fa-angle-double-right\"><\/i>   <strong>Weintyp: <\/strong> Crianza-Wei\u00dfwein<\/p>\n<p><i class=\"fa fa-angle-double-right\"><\/i>   <strong>Alkoholgehalt: <\/strong> 14 % vol.<\/p>\n<p><i class=\"fa fa-angle-double-right\"><\/i>   <strong>G\u00e4rung: <\/strong> alkoholische und malolaktische G\u00e4rung in franz\u00f6sischen Eichenf\u00e4ssern.<\/p>\n<p><i class=\"fa fa-angle-double-right\"><\/i>   <strong>Reifung:<\/strong> 6 Monate auf der Hefe in franz\u00f6sischen Eichenf\u00e4ssern und anschlie\u00dfende Reifung in der Flasche.<\/p>\n<p><i class=\"fa fa-angle-double-right\"><\/i>   <strong>Verkostungsnotizen: <\/strong>Goldgelbe Farbe mit leichten Gr\u00fcnt\u00f6nen, sauber und hell. Blumige Aromen. Aromen von Zitrusfr\u00fcchten und frischem Obst, mit einem Hauch von Butter. Am Gaumen sehr lang, frisch, ausgewogen und vollmundig.<\/p>\n<p><i class=\"fa fa-angle-double-right\"><\/i>   <strong>Empfehlungen:<\/strong> Passt gut zu Fisch in Sauce, gegrilltem Fisch, Eint\u00f6pfen, gebackenem Fisch und frischen Meeresfr\u00fcchten.<\/p>\n<p><i class=\"fa fa-angle-double-right\"><\/i>  <strong>Serviertemperatur: <\/strong>zwischen 6\u00ba-8\u00baC servieren.<\/p>\n<p><strong> Preise und Erw\u00e4hnungen:<\/strong><\/p>\n<ul>\n<li>Mezquita de Oro zum Jahrgang 2004 bei der \u201eXI Cata Ciudad de C\u00f3rdoba 2005\u201c.<\/li>\n<li>Baco de Oro f\u00fcr den Jahrgang 2006 auf dem \u201eXXI cata concurso nacional de vinos j\u00f3venes de la<br \/>\nUEC 2007\u201d<\/li>\n<li>Bronzemedaille f\u00fcr den Jahrgang 2007 bei der \u201eVINHORECA 2008\u201c, organisiert von Alamesa und<br \/>\nWeinkreis<\/li>\n<li>Silbermedaille f\u00fcr den Jahrgang 2007 beim \u201eXV. nationalen Weinwettbewerb\u201c. Moschee-Preise<br \/>\n2009\u201d<\/li>\n<li>Silbermedaille f\u00fcr den Jahrgang 2007 beim Wettbewerb \u201eInternational Expovina Award\u201c in<br \/>\nZ\u00fcrich 2009<\/li>\n<li>Silbermedaille f\u00fcr den Jahrgang 2007 beim internationalen Wettbewerb \u201ePremium Select Wine\u201c.<br \/>\nChallenge ProWein 2010\u201d.<\/li>\n<li>Bacchus de Oro f\u00fcr den Jahrgang 2007 beim \u201eIX Internationalen Weinwettbewerb BACCHUS<br \/>\n2010\u201d<\/li>\n<li>Silbermedaille f\u00fcr den Jahrgang 2008 bei der \u201eBest Spanish Wines for Asia Competition\u201c.<br \/>\ndie 2010 in Hongkong stattfand.<\/li>\n<li>Silberne Mezquita f\u00fcr den Jahrgang 2008 beim \u201eXVI. nationalen Weinwettbewerb\u201c. Moschee-Preise<br \/>\n2010\u201d.<\/li>\n<li>Goldmedaille f\u00fcr den Jahrgang 2008 auf dem \u201eXI Sal\u00f3n Internacional del Vino de Madrid 2010\u201c.<\/li>\n<li>Silberne Mezquita f\u00fcr den Jahrgang 2009 beim \u201eXVII Concurso Nacional de Vinos\u201c. Auszeichnungen<br \/>\nMoschee. C\u00f3rdoba 2011\u201d.<\/li>\n<li>Magnifico Blanco Con Barrica 2013 (Vivir el Vino Guide 2013- The 11 Magnificent).<\/li>\n<li>Silbermedaille f\u00fcr den Jahrgang 2010 bei der \u201eXV Ausgabe des internationalen Wettbewerbs Premios<br \/>\nZarcillo\u201d de Castilla y Le\u00f3n 2013.<\/li>\n<li>Goldener Bacchus f\u00fcr den Jahrgang 2019 bei der \u201eXXXIV. Jungweinverkostung 2020\u201c.<\/li>\n<li>Gran Baco de Oro zum Jahrgang 2021 auf der \u201eXXXVI Cata de vinos j\u00f3venes 2022\u201c.<\/li>\n<\/ul>\n<\/div>\n","protected":false},"excerpt":{"rendered":"<p class=\"descripcio_vins\" style=\"text-align: justify;\">Crianza-Wei\u00dfwein, in neuen franz\u00f6sischen Eichenf\u00e4ssern vergoren und 6 Monate auf der Hefe gelagert. Er besteht aus einer Mischung der besten Trauben aus unseren Weinbergen.<\/p>\n","protected":false},"featured_media":7519,"comment_status":"open","ping_status":"closed","template":"","meta":[],"product_cat":[84],"product_tag":[],"class_list":{"0":"post-8180","1":"product","2":"type-product","3":"status-publish","4":"has-post-thumbnail","6":"product_cat-weiswein","8":"first","9":"instock","10":"taxable","11":"shipping-taxable","12":"purchasable","13":"product-type-simple"},"yoast_head":"<!-- This site is optimized with the Yoast SEO plugin v27.3 - https:\/\/yoast.com\/product\/yoast-seo-wordpress\/ -->\n<title>Sa Vall- Selecci\u00f3 Privada 2019 - Vins Miquel Gelabert<\/title>\n<meta name=\"robots\" content=\"index, follow, max-snippet:-1, max-image-preview:large, max-video-preview:-1\" \/>\n<link rel=\"canonical\" href=\"https:\/\/vinsmiquelgelabert.com\/de\/Produkt\/sa-vall-seleccio-privada-2019\/\" \/>\n<meta property=\"og:locale\" content=\"de_DE\" \/>\n<meta property=\"og:type\" content=\"article\" \/>\n<meta property=\"og:title\" content=\"Sa Vall- Selecci\u00f3 Privada 2019 - Vins Miquel Gelabert\" \/>\n<meta property=\"og:description\" content=\"Crianza-Wei\u00dfwein, in neuen franz\u00f6sischen Eichenf\u00e4ssern vergoren und 6 Monate auf der Hefe gelagert. Er besteht aus einer Mischung der besten Trauben aus unseren Weinbergen.\" \/>\n<meta property=\"og:url\" content=\"https:\/\/vinsmiquelgelabert.com\/de\/Produkt\/sa-vall-seleccio-privada-2019\/\" \/>\n<meta property=\"og:site_name\" content=\"Vins Miquel Gelabert\" \/>\n<meta property=\"og:image\" content=\"https:\/\/vins-miquel-gelabert.fra1.digitaloceanspaces.com\/wp-content\/uploads\/2024\/04\/SA-VALL.png\" \/>\n\t<meta property=\"og:image:width\" content=\"230\" \/>\n\t<meta property=\"og:image:height\" content=\"600\" \/>\n\t<meta property=\"og:image:type\" content=\"image\/png\" \/>\n<meta name=\"twitter:card\" content=\"summary_large_image\" \/>\n<meta name=\"twitter:label1\" content=\"Gesch\u00e4tzte Lesezeit\" \/>\n\t<meta name=\"twitter:data1\" content=\"2\u00a0Minuten\" \/>\n<script type=\"application\/ld+json\" class=\"yoast-schema-graph\">{\"@context\":\"https:\\\/\\\/schema.org\",\"@graph\":[{\"@type\":\"WebPage\",\"@id\":\"https:\\\/\\\/vinsmiquelgelabert.com\\\/de\\\/Produkt\\\/sa-vall-seleccio-privada-2019\\\/\",\"url\":\"https:\\\/\\\/vinsmiquelgelabert.com\\\/de\\\/Produkt\\\/sa-vall-seleccio-privada-2019\\\/\",\"name\":\"Sa Vall- Selecci\u00f3 Privada 2019 - Vins Miquel Gelabert\",\"isPartOf\":{\"@id\":\"https:\\\/\\\/vinsmiquelgelabert.com\\\/de\\\/#website\"},\"primaryImageOfPage\":{\"@id\":\"https:\\\/\\\/vinsmiquelgelabert.com\\\/de\\\/Produkt\\\/sa-vall-seleccio-privada-2019\\\/#primaryimage\"},\"image\":{\"@id\":\"https:\\\/\\\/vinsmiquelgelabert.com\\\/de\\\/Produkt\\\/sa-vall-seleccio-privada-2019\\\/#primaryimage\"},\"thumbnailUrl\":\"https:\\\/\\\/vins-miquel-gelabert.fra1.digitaloceanspaces.com\\\/wp-content\\\/uploads\\\/2024\\\/04\\\/SA-VALL.png\",\"datePublished\":\"2024-04-24T07:33:46+00:00\",\"breadcrumb\":{\"@id\":\"https:\\\/\\\/vinsmiquelgelabert.com\\\/de\\\/Produkt\\\/sa-vall-seleccio-privada-2019\\\/#breadcrumb\"},\"inLanguage\":\"de\",\"potentialAction\":[{\"@type\":\"ReadAction\",\"target\":[\"https:\\\/\\\/vinsmiquelgelabert.com\\\/de\\\/Produkt\\\/sa-vall-seleccio-privada-2019\\\/\"]}]},{\"@type\":\"ImageObject\",\"inLanguage\":\"de\",\"@id\":\"https:\\\/\\\/vinsmiquelgelabert.com\\\/de\\\/Produkt\\\/sa-vall-seleccio-privada-2019\\\/#primaryimage\",\"url\":\"https:\\\/\\\/vins-miquel-gelabert.fra1.digitaloceanspaces.com\\\/wp-content\\\/uploads\\\/2024\\\/04\\\/SA-VALL.png\",\"contentUrl\":\"https:\\\/\\\/vins-miquel-gelabert.fra1.digitaloceanspaces.com\\\/wp-content\\\/uploads\\\/2024\\\/04\\\/SA-VALL.png\",\"width\":230,\"height\":600},{\"@type\":\"BreadcrumbList\",\"@id\":\"https:\\\/\\\/vinsmiquelgelabert.com\\\/de\\\/Produkt\\\/sa-vall-seleccio-privada-2019\\\/#breadcrumb\",\"itemListElement\":[{\"@type\":\"ListItem\",\"position\":1,\"name\":\"Portada\",\"item\":\"https:\\\/\\\/vinsmiquelgelabert.com\\\/de\\\/\"},{\"@type\":\"ListItem\",\"position\":2,\"name\":\"Online-Gesch\u00e4ft\",\"item\":\"https:\\\/\\\/vinsmiquelgelabert.com\\\/tienda-on-line\\\/\"},{\"@type\":\"ListItem\",\"position\":3,\"name\":\"Sa Vall- Selecci\u00f3 Privada 2019\"}]},{\"@type\":\"WebSite\",\"@id\":\"https:\\\/\\\/vinsmiquelgelabert.com\\\/de\\\/#website\",\"url\":\"https:\\\/\\\/vinsmiquelgelabert.com\\\/de\\\/\",\"name\":\"Vins Miquel Gelabert\",\"description\":\"\",\"publisher\":{\"@id\":\"https:\\\/\\\/vinsmiquelgelabert.com\\\/de\\\/#organization\"},\"potentialAction\":[{\"@type\":\"SearchAction\",\"target\":{\"@type\":\"EntryPoint\",\"urlTemplate\":\"https:\\\/\\\/vinsmiquelgelabert.com\\\/de\\\/?s={search_term_string}\"},\"query-input\":{\"@type\":\"PropertyValueSpecification\",\"valueRequired\":true,\"valueName\":\"search_term_string\"}}],\"inLanguage\":\"de\"},{\"@type\":\"Organization\",\"@id\":\"https:\\\/\\\/vinsmiquelgelabert.com\\\/de\\\/#organization\",\"name\":\"Vins Miquel Gelabert\",\"url\":\"https:\\\/\\\/vinsmiquelgelabert.com\\\/de\\\/\",\"logo\":{\"@type\":\"ImageObject\",\"inLanguage\":\"de\",\"@id\":\"https:\\\/\\\/vinsmiquelgelabert.com\\\/de\\\/#\\\/schema\\\/logo\\\/image\\\/\",\"url\":\"https:\\\/\\\/vins-miquel-gelabert.fra1.digitaloceanspaces.com\\\/wp-content\\\/uploads\\\/2024\\\/04\\\/logo.svg\",\"contentUrl\":\"https:\\\/\\\/vins-miquel-gelabert.fra1.digitaloceanspaces.com\\\/wp-content\\\/uploads\\\/2024\\\/04\\\/logo.svg\",\"width\":437,\"height\":63,\"caption\":\"Vins Miquel Gelabert\"},\"image\":{\"@id\":\"https:\\\/\\\/vinsmiquelgelabert.com\\\/de\\\/#\\\/schema\\\/logo\\\/image\\\/\"}}]}<\/script>\n<!-- \/ Yoast SEO plugin. -->","yoast_head_json":{"title":"Sa Vall- Selecci\u00f3 Privada 2019 - Vins Miquel Gelabert","robots":{"index":"index","follow":"follow","max-snippet":"max-snippet:-1","max-image-preview":"max-image-preview:large","max-video-preview":"max-video-preview:-1"},"canonical":"https:\/\/vinsmiquelgelabert.com\/de\/Produkt\/sa-vall-seleccio-privada-2019\/","og_locale":"de_DE","og_type":"article","og_title":"Sa Vall- Selecci\u00f3 Privada 2019 - Vins Miquel Gelabert","og_description":"Crianza-Wei\u00dfwein, in neuen franz\u00f6sischen Eichenf\u00e4ssern vergoren und 6 Monate auf der Hefe gelagert. Er besteht aus einer Mischung der besten Trauben aus unseren Weinbergen.","og_url":"https:\/\/vinsmiquelgelabert.com\/de\/Produkt\/sa-vall-seleccio-privada-2019\/","og_site_name":"Vins Miquel Gelabert","og_image":[{"width":230,"height":600,"url":"https:\/\/vins-miquel-gelabert.fra1.digitaloceanspaces.com\/wp-content\/uploads\/2024\/04\/SA-VALL.png","type":"image\/png"}],"twitter_card":"summary_large_image","twitter_misc":{"Gesch\u00e4tzte Lesezeit":"2\u00a0Minuten"},"schema":{"@context":"https:\/\/schema.org","@graph":[{"@type":"WebPage","@id":"https:\/\/vinsmiquelgelabert.com\/de\/Produkt\/sa-vall-seleccio-privada-2019\/","url":"https:\/\/vinsmiquelgelabert.com\/de\/Produkt\/sa-vall-seleccio-privada-2019\/","name":"Sa Vall- Selecci\u00f3 Privada 2019 - Vins Miquel Gelabert","isPartOf":{"@id":"https:\/\/vinsmiquelgelabert.com\/de\/#website"},"primaryImageOfPage":{"@id":"https:\/\/vinsmiquelgelabert.com\/de\/Produkt\/sa-vall-seleccio-privada-2019\/#primaryimage"},"image":{"@id":"https:\/\/vinsmiquelgelabert.com\/de\/Produkt\/sa-vall-seleccio-privada-2019\/#primaryimage"},"thumbnailUrl":"https:\/\/vins-miquel-gelabert.fra1.digitaloceanspaces.com\/wp-content\/uploads\/2024\/04\/SA-VALL.png","datePublished":"2024-04-24T07:33:46+00:00","breadcrumb":{"@id":"https:\/\/vinsmiquelgelabert.com\/de\/Produkt\/sa-vall-seleccio-privada-2019\/#breadcrumb"},"inLanguage":"de","potentialAction":[{"@type":"ReadAction","target":["https:\/\/vinsmiquelgelabert.com\/de\/Produkt\/sa-vall-seleccio-privada-2019\/"]}]},{"@type":"ImageObject","inLanguage":"de","@id":"https:\/\/vinsmiquelgelabert.com\/de\/Produkt\/sa-vall-seleccio-privada-2019\/#primaryimage","url":"https:\/\/vins-miquel-gelabert.fra1.digitaloceanspaces.com\/wp-content\/uploads\/2024\/04\/SA-VALL.png","contentUrl":"https:\/\/vins-miquel-gelabert.fra1.digitaloceanspaces.com\/wp-content\/uploads\/2024\/04\/SA-VALL.png","width":230,"height":600},{"@type":"BreadcrumbList","@id":"https:\/\/vinsmiquelgelabert.com\/de\/Produkt\/sa-vall-seleccio-privada-2019\/#breadcrumb","itemListElement":[{"@type":"ListItem","position":1,"name":"Portada","item":"https:\/\/vinsmiquelgelabert.com\/de\/"},{"@type":"ListItem","position":2,"name":"Online-Gesch\u00e4ft","item":"https:\/\/vinsmiquelgelabert.com\/tienda-on-line\/"},{"@type":"ListItem","position":3,"name":"Sa Vall- Selecci\u00f3 Privada 2019"}]},{"@type":"WebSite","@id":"https:\/\/vinsmiquelgelabert.com\/de\/#website","url":"https:\/\/vinsmiquelgelabert.com\/de\/","name":"Vins Miquel Gelabert","description":"","publisher":{"@id":"https:\/\/vinsmiquelgelabert.com\/de\/#organization"},"potentialAction":[{"@type":"SearchAction","target":{"@type":"EntryPoint","urlTemplate":"https:\/\/vinsmiquelgelabert.com\/de\/?s={search_term_string}"},"query-input":{"@type":"PropertyValueSpecification","valueRequired":true,"valueName":"search_term_string"}}],"inLanguage":"de"},{"@type":"Organization","@id":"https:\/\/vinsmiquelgelabert.com\/de\/#organization","name":"Vins Miquel Gelabert","url":"https:\/\/vinsmiquelgelabert.com\/de\/","logo":{"@type":"ImageObject","inLanguage":"de","@id":"https:\/\/vinsmiquelgelabert.com\/de\/#\/schema\/logo\/image\/","url":"https:\/\/vins-miquel-gelabert.fra1.digitaloceanspaces.com\/wp-content\/uploads\/2024\/04\/logo.svg","contentUrl":"https:\/\/vins-miquel-gelabert.fra1.digitaloceanspaces.com\/wp-content\/uploads\/2024\/04\/logo.svg","width":437,"height":63,"caption":"Vins Miquel Gelabert"},"image":{"@id":"https:\/\/vinsmiquelgelabert.com\/de\/#\/schema\/logo\/image\/"}}]}},"jetpack_sharing_enabled":true,"_links":{"self":[{"href":"https:\/\/vinsmiquelgelabert.com\/de\/wp-json\/wp\/v2\/product\/8180","targetHints":{"allow":["GET"]}}],"collection":[{"href":"https:\/\/vinsmiquelgelabert.com\/de\/wp-json\/wp\/v2\/product"}],"about":[{"href":"https:\/\/vinsmiquelgelabert.com\/de\/wp-json\/wp\/v2\/types\/product"}],"replies":[{"embeddable":true,"href":"https:\/\/vinsmiquelgelabert.com\/de\/wp-json\/wp\/v2\/comments?post=8180"}],"wp:featuredmedia":[{"embeddable":true,"href":"https:\/\/vinsmiquelgelabert.com\/de\/wp-json\/wp\/v2\/media\/7519"}],"wp:attachment":[{"href":"https:\/\/vinsmiquelgelabert.com\/de\/wp-json\/wp\/v2\/media?parent=8180"}],"wp:term":[{"taxonomy":"product_cat","embeddable":true,"href":"https:\/\/vinsmiquelgelabert.com\/de\/wp-json\/wp\/v2\/product_cat?post=8180"},{"taxonomy":"product_tag","embeddable":true,"href":"https:\/\/vinsmiquelgelabert.com\/de\/wp-json\/wp\/v2\/product_tag?post=8180"}],"curies":[{"name":"wp","href":"https:\/\/api.w.org\/{rel}","templated":true}]}}