{"id":9216,"date":"2025-08-19T14:42:39","date_gmt":"2025-08-19T12:42:39","guid":{"rendered":"https:\/\/vinsmiquelgelabert.com\/?post_type=product&#038;p=9216"},"modified":"2025-08-19T14:42:39","modified_gmt":"2025-08-19T12:42:39","slug":"aran-dolc-2024","status":"publish","type":"product","link":"https:\/\/vinsmiquelgelabert.com\/de\/Produkt\/aran-dolc-2024\/","title":{"rendered":"Aran Dol\u00e7 2024"},"content":{"rendered":"<div class=\"descripcio_vins\" style=\"text-align: justify;\">\n<p><i class=\"fa fa-angle-double-right\"><\/i> <strong>Rebsorten: <\/strong>Riesling 100%<\/p>\n<p><i class=\"fa fa-angle-double-right\"><\/i> <strong> Anbausystem:<\/strong> Spalier<\/p>\n<p><i class=\"fa fa-angle-double-right\"><\/i> <strong>Lage des Weinbergs:<\/strong> Manacor<i class=\"fa fa-angle-double-right\"><\/i><\/p>\n<p><i class=\"fa fa-angle-double-right\"><\/i> <strong>Weintyp:<\/strong> s\u00fc\u00dfer junger Wei\u00dfwein<\/p>\n<p><i class=\"fa fa-angle-double-right\"><\/i> <strong>Alkoholgehalt:<\/strong> 12 % vol.<\/p>\n<p><i class=\"fa fa-angle-double-right\"><\/i> <strong>Restzucker<\/strong>: 107 gr\/l<\/p>\n<p><i class=\"fa fa-angle-double-right\"><\/i> <strong>G\u00e4rung<\/strong>: Edelstahltanks bei kontrollierter Temperatur.<\/p>\n<p><i class=\"fa fa-angle-double-right\"><\/i> <strong>Alterung<\/strong>: junger Wein ohne Alterung<\/p>\n<p><i class=\"fa fa-angle-double-right\"><\/i> <strong>Verkostungsnotizen<\/strong>: Strohgelbe Farbe, sauber, sehr dicht im Glas. In der Nase ist er sehr aromatisch, mit blumigen Aromen und Aromen von frischem Obst und vor allem von der Rebsorte, aus der er stammt. Im Mund ist er frisch und gleichzeitig vollmundig, lang im Abgang und gut ausgewogen.  <\/p>\n<p><i class=\"fa fa-angle-double-right\"><\/i> <strong>Empfehlungen<\/strong>: Passt gut zu Vorspeisen, vor allem zu G\u00e4nseleber oder auch allein am Nachmittag.<\/p>\n<p><i class=\"fa fa-angle-double-right\"><\/i> <strong>Serviertemperatur<\/strong>: zwischen 5\u00ba-7\u00baC servieren.<\/p>\n<\/div>\n","protected":false},"excerpt":{"rendered":"<p class=\"descripcio_vins\" style=\"text-align: justify;\">S\u00fc\u00dfer Wei\u00dfwein, hergestellt aus Trauben, die zu 60 % von edler <em data-start=\"63\" data-end=\"73\">Botrytis<\/em> befallen sind. Dieser Pilz bef\u00e4llt die Insel aufgrund der klimatischen Bedingungen normalerweise nicht, aber alle paar Jahre geschieht es doch und beschert uns so besondere Weine wie den Aran. Au\u00dferdem tr\u00e4gt er den Namen des Enkels des Winzers, der 2024 geboren wurde.  <\/p>\n","protected":false},"featured_media":9220,"comment_status":"open","ping_status":"closed","template":"","meta":[],"product_cat":[83],"product_tag":[],"class_list":{"0":"post-9216","1":"product","2":"type-product","3":"status-publish","4":"has-post-thumbnail","6":"product_cat-suswein","8":"first","9":"instock","10":"taxable","11":"shipping-taxable","12":"purchasable","13":"product-type-simple"},"yoast_head":"<!-- This site is optimized with the Yoast SEO plugin v27.3 - https:\/\/yoast.com\/product\/yoast-seo-wordpress\/ -->\n<title>Aran Dol\u00e7 2024 - Vins Miquel Gelabert<\/title>\n<meta name=\"robots\" content=\"index, follow, max-snippet:-1, max-image-preview:large, max-video-preview:-1\" \/>\n<link rel=\"canonical\" href=\"https:\/\/vinsmiquelgelabert.com\/de\/Produkt\/aran-dolc-2024\/\" \/>\n<meta property=\"og:locale\" content=\"de_DE\" \/>\n<meta property=\"og:type\" content=\"article\" \/>\n<meta property=\"og:title\" content=\"Aran Dol\u00e7 2024 - Vins Miquel Gelabert\" \/>\n<meta property=\"og:description\" content=\"S\u00fc\u00dfer Wei\u00dfwein, hergestellt aus Trauben, die zu 60 % von edler Botrytis befallen sind. Dieser Pilz bef\u00e4llt die Insel aufgrund der klimatischen Bedingungen normalerweise nicht, aber alle paar Jahre geschieht es doch und beschert uns so besondere Weine wie den Aran. Au\u00dferdem tr\u00e4gt er den Namen des Enkels des Winzers, der 2024 geboren wurde.\" \/>\n<meta property=\"og:url\" content=\"https:\/\/vinsmiquelgelabert.com\/de\/Produkt\/aran-dolc-2024\/\" \/>\n<meta property=\"og:site_name\" content=\"Vins Miquel Gelabert\" \/>\n<meta property=\"og:image\" content=\"https:\/\/vins-miquel-gelabert.fra1.digitaloceanspaces.com\/wp-content\/uploads\/2025\/08\/Vi-blanc-dolc-Aran-1J9A7876-min-scaled.jpg\" \/>\n\t<meta property=\"og:image:width\" content=\"1707\" \/>\n\t<meta property=\"og:image:height\" content=\"2560\" \/>\n\t<meta property=\"og:image:type\" content=\"image\/jpeg\" \/>\n<meta name=\"twitter:card\" content=\"summary_large_image\" \/>\n<script type=\"application\/ld+json\" class=\"yoast-schema-graph\">{\"@context\":\"https:\\\/\\\/schema.org\",\"@graph\":[{\"@type\":\"WebPage\",\"@id\":\"https:\\\/\\\/vinsmiquelgelabert.com\\\/de\\\/Produkt\\\/aran-dolc-2024\\\/\",\"url\":\"https:\\\/\\\/vinsmiquelgelabert.com\\\/de\\\/Produkt\\\/aran-dolc-2024\\\/\",\"name\":\"Aran Dol\u00e7 2024 - Vins Miquel Gelabert\",\"isPartOf\":{\"@id\":\"https:\\\/\\\/vinsmiquelgelabert.com\\\/de\\\/#website\"},\"primaryImageOfPage\":{\"@id\":\"https:\\\/\\\/vinsmiquelgelabert.com\\\/de\\\/Produkt\\\/aran-dolc-2024\\\/#primaryimage\"},\"image\":{\"@id\":\"https:\\\/\\\/vinsmiquelgelabert.com\\\/de\\\/Produkt\\\/aran-dolc-2024\\\/#primaryimage\"},\"thumbnailUrl\":\"https:\\\/\\\/vins-miquel-gelabert.fra1.digitaloceanspaces.com\\\/wp-content\\\/uploads\\\/2025\\\/08\\\/aranweb.jpg\",\"datePublished\":\"2025-08-19T12:42:39+00:00\",\"breadcrumb\":{\"@id\":\"https:\\\/\\\/vinsmiquelgelabert.com\\\/de\\\/Produkt\\\/aran-dolc-2024\\\/#breadcrumb\"},\"inLanguage\":\"de\",\"potentialAction\":[{\"@type\":\"ReadAction\",\"target\":[\"https:\\\/\\\/vinsmiquelgelabert.com\\\/de\\\/Produkt\\\/aran-dolc-2024\\\/\"]}]},{\"@type\":\"ImageObject\",\"inLanguage\":\"de\",\"@id\":\"https:\\\/\\\/vinsmiquelgelabert.com\\\/de\\\/Produkt\\\/aran-dolc-2024\\\/#primaryimage\",\"url\":\"https:\\\/\\\/vins-miquel-gelabert.fra1.digitaloceanspaces.com\\\/wp-content\\\/uploads\\\/2025\\\/08\\\/aranweb.jpg\",\"contentUrl\":\"https:\\\/\\\/vins-miquel-gelabert.fra1.digitaloceanspaces.com\\\/wp-content\\\/uploads\\\/2025\\\/08\\\/aranweb.jpg\",\"width\":790,\"height\":2062},{\"@type\":\"BreadcrumbList\",\"@id\":\"https:\\\/\\\/vinsmiquelgelabert.com\\\/de\\\/Produkt\\\/aran-dolc-2024\\\/#breadcrumb\",\"itemListElement\":[{\"@type\":\"ListItem\",\"position\":1,\"name\":\"Portada\",\"item\":\"https:\\\/\\\/vinsmiquelgelabert.com\\\/de\\\/\"},{\"@type\":\"ListItem\",\"position\":2,\"name\":\"Online-Gesch\u00e4ft\",\"item\":\"https:\\\/\\\/vinsmiquelgelabert.com\\\/tienda-on-line\\\/\"},{\"@type\":\"ListItem\",\"position\":3,\"name\":\"Aran Dol\u00e7 2024\"}]},{\"@type\":\"WebSite\",\"@id\":\"https:\\\/\\\/vinsmiquelgelabert.com\\\/de\\\/#website\",\"url\":\"https:\\\/\\\/vinsmiquelgelabert.com\\\/de\\\/\",\"name\":\"Vins Miquel Gelabert\",\"description\":\"\",\"publisher\":{\"@id\":\"https:\\\/\\\/vinsmiquelgelabert.com\\\/de\\\/#organization\"},\"potentialAction\":[{\"@type\":\"SearchAction\",\"target\":{\"@type\":\"EntryPoint\",\"urlTemplate\":\"https:\\\/\\\/vinsmiquelgelabert.com\\\/de\\\/?s={search_term_string}\"},\"query-input\":{\"@type\":\"PropertyValueSpecification\",\"valueRequired\":true,\"valueName\":\"search_term_string\"}}],\"inLanguage\":\"de\"},{\"@type\":\"Organization\",\"@id\":\"https:\\\/\\\/vinsmiquelgelabert.com\\\/de\\\/#organization\",\"name\":\"Vins Miquel Gelabert\",\"url\":\"https:\\\/\\\/vinsmiquelgelabert.com\\\/de\\\/\",\"logo\":{\"@type\":\"ImageObject\",\"inLanguage\":\"de\",\"@id\":\"https:\\\/\\\/vinsmiquelgelabert.com\\\/de\\\/#\\\/schema\\\/logo\\\/image\\\/\",\"url\":\"https:\\\/\\\/vins-miquel-gelabert.fra1.digitaloceanspaces.com\\\/wp-content\\\/uploads\\\/2024\\\/04\\\/logo.svg\",\"contentUrl\":\"https:\\\/\\\/vins-miquel-gelabert.fra1.digitaloceanspaces.com\\\/wp-content\\\/uploads\\\/2024\\\/04\\\/logo.svg\",\"width\":437,\"height\":63,\"caption\":\"Vins Miquel Gelabert\"},\"image\":{\"@id\":\"https:\\\/\\\/vinsmiquelgelabert.com\\\/de\\\/#\\\/schema\\\/logo\\\/image\\\/\"}}]}<\/script>\n<!-- \/ Yoast SEO plugin. -->","yoast_head_json":{"title":"Aran Dol\u00e7 2024 - Vins Miquel Gelabert","robots":{"index":"index","follow":"follow","max-snippet":"max-snippet:-1","max-image-preview":"max-image-preview:large","max-video-preview":"max-video-preview:-1"},"canonical":"https:\/\/vinsmiquelgelabert.com\/de\/Produkt\/aran-dolc-2024\/","og_locale":"de_DE","og_type":"article","og_title":"Aran Dol\u00e7 2024 - Vins Miquel Gelabert","og_description":"S\u00fc\u00dfer Wei\u00dfwein, hergestellt aus Trauben, die zu 60 % von edler Botrytis befallen sind. Dieser Pilz bef\u00e4llt die Insel aufgrund der klimatischen Bedingungen normalerweise nicht, aber alle paar Jahre geschieht es doch und beschert uns so besondere Weine wie den Aran. Au\u00dferdem tr\u00e4gt er den Namen des Enkels des Winzers, der 2024 geboren wurde.","og_url":"https:\/\/vinsmiquelgelabert.com\/de\/Produkt\/aran-dolc-2024\/","og_site_name":"Vins Miquel Gelabert","og_image":[{"width":1707,"height":2560,"url":"https:\/\/vins-miquel-gelabert.fra1.digitaloceanspaces.com\/wp-content\/uploads\/2025\/08\/Vi-blanc-dolc-Aran-1J9A7876-min-scaled.jpg","type":"image\/jpeg"}],"twitter_card":"summary_large_image","schema":{"@context":"https:\/\/schema.org","@graph":[{"@type":"WebPage","@id":"https:\/\/vinsmiquelgelabert.com\/de\/Produkt\/aran-dolc-2024\/","url":"https:\/\/vinsmiquelgelabert.com\/de\/Produkt\/aran-dolc-2024\/","name":"Aran Dol\u00e7 2024 - Vins Miquel Gelabert","isPartOf":{"@id":"https:\/\/vinsmiquelgelabert.com\/de\/#website"},"primaryImageOfPage":{"@id":"https:\/\/vinsmiquelgelabert.com\/de\/Produkt\/aran-dolc-2024\/#primaryimage"},"image":{"@id":"https:\/\/vinsmiquelgelabert.com\/de\/Produkt\/aran-dolc-2024\/#primaryimage"},"thumbnailUrl":"https:\/\/vins-miquel-gelabert.fra1.digitaloceanspaces.com\/wp-content\/uploads\/2025\/08\/aranweb.jpg","datePublished":"2025-08-19T12:42:39+00:00","breadcrumb":{"@id":"https:\/\/vinsmiquelgelabert.com\/de\/Produkt\/aran-dolc-2024\/#breadcrumb"},"inLanguage":"de","potentialAction":[{"@type":"ReadAction","target":["https:\/\/vinsmiquelgelabert.com\/de\/Produkt\/aran-dolc-2024\/"]}]},{"@type":"ImageObject","inLanguage":"de","@id":"https:\/\/vinsmiquelgelabert.com\/de\/Produkt\/aran-dolc-2024\/#primaryimage","url":"https:\/\/vins-miquel-gelabert.fra1.digitaloceanspaces.com\/wp-content\/uploads\/2025\/08\/aranweb.jpg","contentUrl":"https:\/\/vins-miquel-gelabert.fra1.digitaloceanspaces.com\/wp-content\/uploads\/2025\/08\/aranweb.jpg","width":790,"height":2062},{"@type":"BreadcrumbList","@id":"https:\/\/vinsmiquelgelabert.com\/de\/Produkt\/aran-dolc-2024\/#breadcrumb","itemListElement":[{"@type":"ListItem","position":1,"name":"Portada","item":"https:\/\/vinsmiquelgelabert.com\/de\/"},{"@type":"ListItem","position":2,"name":"Online-Gesch\u00e4ft","item":"https:\/\/vinsmiquelgelabert.com\/tienda-on-line\/"},{"@type":"ListItem","position":3,"name":"Aran Dol\u00e7 2024"}]},{"@type":"WebSite","@id":"https:\/\/vinsmiquelgelabert.com\/de\/#website","url":"https:\/\/vinsmiquelgelabert.com\/de\/","name":"Vins Miquel Gelabert","description":"","publisher":{"@id":"https:\/\/vinsmiquelgelabert.com\/de\/#organization"},"potentialAction":[{"@type":"SearchAction","target":{"@type":"EntryPoint","urlTemplate":"https:\/\/vinsmiquelgelabert.com\/de\/?s={search_term_string}"},"query-input":{"@type":"PropertyValueSpecification","valueRequired":true,"valueName":"search_term_string"}}],"inLanguage":"de"},{"@type":"Organization","@id":"https:\/\/vinsmiquelgelabert.com\/de\/#organization","name":"Vins Miquel Gelabert","url":"https:\/\/vinsmiquelgelabert.com\/de\/","logo":{"@type":"ImageObject","inLanguage":"de","@id":"https:\/\/vinsmiquelgelabert.com\/de\/#\/schema\/logo\/image\/","url":"https:\/\/vins-miquel-gelabert.fra1.digitaloceanspaces.com\/wp-content\/uploads\/2024\/04\/logo.svg","contentUrl":"https:\/\/vins-miquel-gelabert.fra1.digitaloceanspaces.com\/wp-content\/uploads\/2024\/04\/logo.svg","width":437,"height":63,"caption":"Vins Miquel Gelabert"},"image":{"@id":"https:\/\/vinsmiquelgelabert.com\/de\/#\/schema\/logo\/image\/"}}]}},"jetpack_sharing_enabled":true,"_links":{"self":[{"href":"https:\/\/vinsmiquelgelabert.com\/de\/wp-json\/wp\/v2\/product\/9216","targetHints":{"allow":["GET"]}}],"collection":[{"href":"https:\/\/vinsmiquelgelabert.com\/de\/wp-json\/wp\/v2\/product"}],"about":[{"href":"https:\/\/vinsmiquelgelabert.com\/de\/wp-json\/wp\/v2\/types\/product"}],"replies":[{"embeddable":true,"href":"https:\/\/vinsmiquelgelabert.com\/de\/wp-json\/wp\/v2\/comments?post=9216"}],"wp:featuredmedia":[{"embeddable":true,"href":"https:\/\/vinsmiquelgelabert.com\/de\/wp-json\/wp\/v2\/media\/9220"}],"wp:attachment":[{"href":"https:\/\/vinsmiquelgelabert.com\/de\/wp-json\/wp\/v2\/media?parent=9216"}],"wp:term":[{"taxonomy":"product_cat","embeddable":true,"href":"https:\/\/vinsmiquelgelabert.com\/de\/wp-json\/wp\/v2\/product_cat?post=9216"},{"taxonomy":"product_tag","embeddable":true,"href":"https:\/\/vinsmiquelgelabert.com\/de\/wp-json\/wp\/v2\/product_tag?post=9216"}],"curies":[{"name":"wp","href":"https:\/\/api.w.org\/{rel}","templated":true}]}}